{"id":2831,"date":"2016-03-25T14:48:52","date_gmt":"2016-03-25T12:48:52","guid":{"rendered":"http:\/\/test.crearesiteuri.eu\/?page_id=2831"},"modified":"2022-10-24T12:29:20","modified_gmt":"2022-10-24T09:29:20","slug":"sectiile-2","status":"publish","type":"page","link":"https:\/\/www.bjcalarasi.ro\/?page_id=2831","title":{"rendered":"Sectiile"},"content":{"rendered":"<p>[vc_row][vc_column][vc_tta_tabs][vc_tta_section title=&#8221;Sec\u021bia \u00eemprumut adul\u021bi&#8221; tab_id=&#8221;1458909329800-906c33a5-9011&#8243; add_icon=&#8221;true&#8221;][vc_column_text css_animation=&#8221;left-to-right&#8221;]<\/p>\n<h3>SEC\u021aIA \u00ceMPRUMUT PENTRU ADUL\u021aI<\/h3>\n<p>Sec\u021bia este destinat\u0103 adul\u021bilor \u0219i adolescen\u021bilor (cu v\u00e2rsta peste 14 ani), cu<\/p>\n<p>domiciliul \u00een jude\u021bul C\u0103l\u0103ra\u0219i.<\/p>\n<p>Fondul de carte al sec\u021biei este unul enciclopedic \u0219i dep\u0103\u0219e\u0219te 150.000 de<\/p>\n<p>volume de carte tip\u0103rit\u0103, din care cca. 35.000 cu acces liber la raft. Fondul de<\/p>\n<p>carte aflat \u00een depozite, este pus la dispozi\u021bia utilizatorilor de c\u0103tre bibliotecar,<\/p>\n<p>la solicitarea acestora.<\/p>\n<p>Servicii oferite:<\/p>\n<ul>\n<li>\u00eemprumutul la domiciliu al tuturor documentelor sec\u021biei<\/li>\n<li>prelungirea termenului de \u00eemprumut on-line sau telefonic<\/li>\n<li>rezerv\u0103ri de titluri on-line sau telefonic<\/li>\n<li>realizarea de bibliografii tematice<\/li>\n<li>diverse activit\u0103\u021bi \u0219i evenimente culturale<\/li>\n<\/ul>\n<p>Toate serviciile oferite sunt gratuite![\/vc_column_text][\/vc_tta_section][vc_tta_section i_icon_fontawesome=&#8221;fa fa-check&#8221; title=&#8221;Sala de lectur\u0103 cu acces la Internet&#8221; tab_id=&#8221;1458909447132-c3e4dd62-7e25&#8243; add_icon=&#8221;true&#8221;][vc_column_text css_animation=&#8221;left-to-right&#8221;]<\/p>\n<h3><strong>Descriere Sala de Lectur\u0103<\/strong><\/h3>\n<p>Sala de Lectura a Bibliotecii Judetene \u2018\u2019Al.Odobescu\u2019\u2019 Calarasi se afla situata temporar la demisolul Centrului Cultural Judetean, pana la finalizarea lucrarilor noului sediu destinat bibliotecii.<\/p>\n<p>Sala de Lectura dispune de 10 locuri la mese de lectura, precum si rafturi destinate in special lucrarilor de referinta si periodicelor.<\/p>\n<p>Accesul la Sala de Lectura se face pe baza permisului de intrare eliberat la inscrierea ca utilizator al bibliotecii, permisul fiind valabil pe o perioada de 5 ani.<\/p>\n<p>Destinata cititului si studiului individual, Sala de Lectura pune la dispozitia utilizatorilor sai, in momentul actual de functionare in acest spatiu temporar un numar de 4000 de volume din colectia de baza a salii, cu posibilitatea de rezervare a altor documente necesare aflate in evidenta salii in vechiul sediu, acestea urmand a fi aduse spre consultare in urmatoarea zi.<\/p>\n<p>Fondul de referinta al Salii de Lectura include numeroase dictionare, lexicoane, enciclopedii in limba romana, engleza si franceza extrem de utile in informarea si documentarea utilizatorilor.<\/p>\n<p>De asemenea la Sala de Lectura lucrarile de arta, monografiile, atlasele, colectiile de legi si decrete(Monitoare Oficiale), ziarele si revistele completeaza fondul de documente.<\/p>\n<p>Sala de Lectura dispune si de mijloace moderne, const\u00e2nd \u00een calculatoare cu internet gratuit pentru public. In acelasi sens trebuie mentionat si programul LEX EXPERT introdus cu toate modificarile la zi.<\/p>\n<p><strong>SERVICII SI FACILITATI:<\/strong><\/p>\n<ol>\n<li>Consultarea pe loc a documentelor;<\/li>\n<li>Imprumut de documente pe termen limitat (2-3 zile maxim);<\/li>\n<li>Imprumutul materialelor audio-vizuale si electronice ( cd si aparatura pentru persoanele cu deficiente de vedere);<\/li>\n<li>Acces gratuit la internet pe calculatoarele Salii de Lectura ( 1h\/zi cu posibilitatea de prelungire), si acces gratuit nelimitat pe laptopurile\/tabletele personale prin reteaua wireless;<\/li>\n<li>Facilitate de lucru pe calculator;<\/li>\n<li>Rezervari de titluri direct, prin telefon sau pe adresa de facebook a bibliotecii;<\/li>\n<li>Acordarea permanenta de asistenta pentru obtinerea informatiilor despre documentele aflate in colectia salii, cat si asistenta\/instruire la calculatoare;<\/li>\n<li>Spatiu destinat desfasurarii unor evenimente culturale, ateliere de lucru sau expozitii de documente;<\/li>\n<li>Supraveghere permanenta si asigurarea unei atmosfere adecvate de studiu.<\/li>\n<\/ol>\n<p>[\/vc_column_text][\/vc_tta_section][vc_tta_section i_icon_fontawesome=&#8221;fa fa-bullhorn&#8221; title=&#8221;Sec\u021bia copii &#8211; \u00eemprumut, lectura \u0219i acces la Internet&#8221; tab_id=&#8221;1458909386574-e361c739-b336&#8243; add_icon=&#8221;true&#8221;][vc_column_text css_animation=&#8221;left-to-right&#8221;]<\/p>\n<h3>SEC\u021aIA PENTRU COPII<\/h3>\n<p>COLEC\u021aII: peste 42.000 unit\u0103\u021bi de bibliotec\u0103 cuprinz\u00e2nd un fond de carte destinat copiilor, de la pre\u0219colari la adolescen\u021bi, care include exemplare din titlurile autorilor rom\u00e2ni \u0219i str\u0103ini, culegeri de texte literare \u0219i gramaticale, culegeri de probleme, antologii, enciclopedii, discuri, casete audio, video, CD-uri,\u00a0 \u0219i un bogat fond de referin\u021b\u0103 pentru copii.<\/p>\n<p>SERVICII \u0218I FACILIT\u0102\u021aI OFERITE:<\/p>\n<ul>\n<li>\u00eemprumut la domiciliu;<\/li>\n<li>consultare pe loc;<\/li>\n<li>prelungire de titluri prin telefon;<\/li>\n<li>rezervare de titluri prin telefon;<\/li>\n<li>informa\u021bii de toate tipurile;<\/li>\n<li>acces internet gratuit.<\/li>\n<\/ul>\n<p>\u00cemprumutul se realizeaz\u0103 \u00een regim automatizat.[\/vc_column_text][\/vc_tta_section][vc_tta_section i_icon_fontawesome=&#8221;fa fa-camera&#8221; title=&#8221;Filiala &#8222;Orizont&#8222; &#8211; \u00eemprumut, lectur\u0103 \u0219i acces la Internet&#8221; tab_id=&#8221;1458909387366-d36a457b-929f&#8221; add_icon=&#8221;true&#8221;][vc_column_text css_animation=&#8221;left-to-right&#8221;]<\/p>\n<h3>Descriere filiala \u2018\u2019Orizont\u2019\u2019<\/h3>\n<p>Sectia filiala \u2018\u2019Orizont\u2019\u2019, parte a Bibliotecii Judetene \u2018\u2019Alexandru Odobescu\u2019\u2019, promoveaza cultura in comunitatea locala printr caracterul enciclopedic , adres\u00e2ndu-se publicului larg pentru documentare si studiu.<\/p>\n<p>In anul 2002 conducerea institutiei a hotarat mutarea sectiei in actuala locatie, primind numele de filiala \u2018\u2019Orizont\u2019\u2019 . Aceasta s-a dezvoltat rapid, ajungand in prezent sa detina un nr. de peste 30000 de volume din diverse domenii, inclusiv materiale pe suport electronic.<\/p>\n<p>Sectia este amplasata intr-o zona aglomerata a orasului, in cartierul Orizont, aproape de scoala nr.11, liceul Danubius, policlinica nr.2, Catedrala Sf. Anastasia.<\/p>\n<p>Cuprinde urm\u0103toarele servicii:<\/p>\n<p>&#8211; acces liber la raft;<\/p>\n<p>&#8211; consultare documente la sala de lectur\u0103;<\/p>\n<p>&#8211; \u00eemprumut documente adul\u021bi \u0219i copii;<\/p>\n<p>&#8211; acces gratuit la Internet;<\/p>\n<p>Filiala organizeaza activit\u0103\u021bi culturale legate de na\u0219terea \u0219i comemorarea unor personalit\u0103\u021bi; concursuri \u0219i expozitii pe diverse teme.[\/vc_column_text][\/vc_tta_section][\/vc_tta_tabs][\/vc_column][\/vc_row]<\/p>\n","protected":false},"excerpt":{"rendered":"<p>[vc_row][vc_column][vc_tta_tabs][vc_tta_section title=&#8221;Sec\u021bia \u00eemprumut adul\u021bi&#8221; tab_id=&#8221;1458909329800-906c33a5-9011&#8243; add_icon=&#8221;true&#8221;][vc_column_text css_animation=&#8221;left-to-right&#8221;] SEC\u021aIA \u00ceMPRUMUT PENTRU ADUL\u021aI Sec\u021bia este destinat\u0103 adul\u021bilor \u0219i adolescen\u021bilor (cu v\u00e2rsta peste 14 ani), cu domiciliul \u00een jude\u021bul C\u0103l\u0103ra\u0219i. Fondul de carte al sec\u021biei este unul enciclopedic \u0219i dep\u0103\u0219e\u0219te 150.000 de volume de carte tip\u0103rit\u0103, din care cca. 35.000 cu acces liber la raft. Fondul de carte [&hellip;]<\/p>\n","protected":false},"author":1,"featured_media":0,"parent":0,"menu_order":0,"comment_status":"closed","ping_status":"closed","template":"","meta":{"ngg_post_thumbnail":0,"footnotes":""},"class_list":["post-2831","page","type-page","status-publish","hentry"],"_links":{"self":[{"href":"https:\/\/www.bjcalarasi.ro\/index.php?rest_route=\/wp\/v2\/pages\/2831","targetHints":{"allow":["GET"]}}],"collection":[{"href":"https:\/\/www.bjcalarasi.ro\/index.php?rest_route=\/wp\/v2\/pages"}],"about":[{"href":"https:\/\/www.bjcalarasi.ro\/index.php?rest_route=\/wp\/v2\/types\/page"}],"author":[{"embeddable":true,"href":"https:\/\/www.bjcalarasi.ro\/index.php?rest_route=\/wp\/v2\/users\/1"}],"replies":[{"embeddable":true,"href":"https:\/\/www.bjcalarasi.ro\/index.php?rest_route=%2Fwp%2Fv2%2Fcomments&post=2831"}],"version-history":[{"count":25,"href":"https:\/\/www.bjcalarasi.ro\/index.php?rest_route=\/wp\/v2\/pages\/2831\/revisions"}],"predecessor-version":[{"id":6822,"href":"https:\/\/www.bjcalarasi.ro\/index.php?rest_route=\/wp\/v2\/pages\/2831\/revisions\/6822"}],"wp:attachment":[{"href":"https:\/\/www.bjcalarasi.ro\/index.php?rest_route=%2Fwp%2Fv2%2Fmedia&parent=2831"}],"curies":[{"name":"wp","href":"https:\/\/api.w.org\/{rel}","templated":true}]}}