{"id":2850,"date":"2016-03-25T15:25:17","date_gmt":"2016-03-25T13:25:17","guid":{"rendered":"http:\/\/test.crearesiteuri.eu\/?page_id=2850"},"modified":"2019-11-28T11:40:12","modified_gmt":"2019-11-28T09:40:12","slug":"conditii-si-regulament","status":"publish","type":"page","link":"https:\/\/www.bjcalarasi.ro\/?page_id=2850","title":{"rendered":"Conditii si regulament"},"content":{"rendered":"<p>[vc_row][vc_column][vc_column_text]<\/p>\n<h2>Conditii si regulament<\/h2>\n<p>&nbsp;<\/p>\n<p style=\"padding-left: 30px;\">[\/vc_column_text][\/vc_column][\/vc_row][vc_row][vc_column][vc_tta_tour][vc_tta_section title=&#8221;Drepturile utilizatorilor&#8221; tab_id=&#8221;1458911018738-f87e502e-228a&#8221;][vc_column_text]Poate beneficia de studiul documentelor \u00een incinta bibliotecii, la s\u0103lile de\u00a0lectur\u0103 \u0219i multimedia, orice persoan\u0103 indiferent de domiciliul acesteia.<\/p>\n<p>Poate beneficia de \u00eemprumutul la domiciliu al documentelor orice persoan\u0103\u00a0care are domiciliul \u00een jude\u021bul C\u0103l\u0103ra\u0219i \u0219i este posesor al Permisului de intrare\u00a0la bibliotec\u0103, \u00eentocmit pe baza C.I. \/ B.I., certificat de na\u0219tere \u00een cazul minorilor.<\/p>\n<p>Se pot \u00eemprumuta la domiciliu 4 documente\/vizit\u0103, de la orice sec\u021bie de\u00a0\u00eemprumut la domiciliu.<\/p>\n<p>La 1 an de la \u00eenscriere, utilizatorii fideli, care frecventeaz\u0103 biblioteca cel putin o\u00a0data pe lun\u0103, f\u0103r\u0103 int\u00e2rzieri de termen , pot \u00eemprumuta p\u00e2n\u0103 la 7 documente \/\u00a0fi\u0219\u0103.<\/p>\n<p>Termenul de \u00eemprumut la domiciliu este de 14 zile, poate fi prelungit cu \u00eenc\u0103\u00a0trei termene, la cerere, \u00eenainte de expirarea termenului, inclusiv telefonic.<\/p>\n<p>Documentele S\u0103lii de lectur\u0103 pot fi \u00eemprumutate la domiciliu peste noapte sau\u00a0pe perioada weekend-ului, \u00een cazuri excep\u021bionale.<\/p>\n<p>Pentru documentele foarte solicitate termenul de \u00eemprumut este de 7 zile f\u0103r\u0103\u00a0prelungire. \u00cen aceast\u0103 situa\u021bie, utilizatorul are\u00a0 posibilitatea s\u0103 continuie\u00a0studiul la sala de lectur\u0103.<\/p>\n<p>Num\u0103rul documetelor care pot fi consultate \u00een Sala de lectur\u0103 este nelimitat.<\/p>\n<p>Documentul ob\u021binut \u00een urma \u00eemprumutului interbibliotecar va fi consultat \u00een<\/p>\n<p>Sala de lectur\u0103, \u0219i, \u00een cazuri excep\u021bionale, \u00eemprumutat la domiciliu .<\/p>\n<p>Acces gratuit \u0219i nediscriminatoriu la colec\u021biile Bibliotecii<\/p>\n<p>Dreptul la respect.<\/p>\n<p>Acces direct, prin modulul OPAC la bazele de date electronice \u0219i tradi\u021bionale \u00een\u00a0scopul g\u0103sirii informa\u021biei dorite.<\/p>\n<p>\u00cendrumare la raft \u0219i asistarea de c\u0103tre bibliotecar privind g\u0103sirea informa\u021biei\u00a0solicitate.<\/p>\n<p>Instruire \u00een utilizarea echipamentelor IT \u0219i, dup\u0103 caz, c\u0103utarea asistat\u0103 a\u00a0informa\u021biei.<\/p>\n<p>Solicitarea de informa\u021bii bibliografice minimale sau complexe.<\/p>\n<p>Solicitarea (inclusiv telefonic), spre rezervare, a documentelor aflate \u00een\u00a0colec\u021biile bibliotecii, care la momentul dorit nu sunt disponibile.<\/p>\n<p>Acces gratuit la calculatoare , inclusiv internet, \u00een salile utilate \u00een acest scop,respect\u00e2ndu-se Regulamentul privind utilizarea calculatoarelor cu internet\u00a0pentru public.<\/p>\n<p>Participarea gratuit\u0103 la evenimente culturale \u0219i de interes comunitar\u00a0organizate de, sau \u00een incinta Bibliotecii.<\/p>\n<p>S\u0103 primeasc\u0103 gratuit instrumente de informare editate \u00een acest scop de\u00a0Biblioteca Jude\u021bean\u0103<\/p>\n<p>Dreptul de a face sugestii \u00a0\u0219i sesiz\u0103ri cu privire la\u00a0 activitatea bibliotecii.<\/p>\n<p>De a sesiza personalului bibliotecii orice neregul\u0103 observat\u0103, care ar aduce\u00a0prejudicii institu\u021biei, personalului \u0219i utilizatorilor.[\/vc_column_text][\/vc_tta_section][vc_tta_section title=&#8221;Obligatiile utilizatorilor&#8221; tab_id=&#8221;1458911100238-59d7fcc1-ee2f&#8221;][vc_column_text]S\u0103 respecte prevederile Regulamentului de Organizare \u0219i Func\u021bionare al\u00a0bibliotecii.<\/p>\n<p>S\u0103 informeze corect asupra datelor personale.<\/p>\n<p>S\u0103 restituie la termenul stabilit \u0219i \u00een aceea\u0219i stare documentele \u00eemprumutate la\u00a0domiciliu.<\/p>\n<p>S\u0103 verifice starea documentelor \u00een momentul \u00eemprumutului \u0219i s\u0103 semnaleze\u00a0bibliotecarilor evantualele lipsuri din con\u021binut.<\/p>\n<p>Pentru documentele deteriorate \u00een perioada \u00eemprumutului, r\u0103spunderea \u00eei\u00a0revine utilizatorului.<\/p>\n<p>S\u0103 suporte contravaloarea pagubelor produse prin deteriorarea sau pierderea\u00a0documentelor de bibliotec\u0103 \u00eemprumutate, conform prevederilor\u00a0Regulamentului de Organizare \u0219i Func\u021bionare.<\/p>\n<p>S\u0103 asigure igiena \u0219i integritatea documentelor \u00eemprumutate.<\/p>\n<p>S\u0103 foloseasc\u0103 strict personal permisul de intrare la bibliotec\u0103; la cererea\u00a0bibliotecarului, utilizatorul este obligat s\u0103 prezinte al\u0103turi de permis \u0219i\u00a0buletinul\/cartea de identitate\/ certificate de nastere, pentru identificare.<\/p>\n<p>S\u0103 p\u0103streze lini\u0219tea, s\u0103 nu utilizeze telefoanele mobile \u00een incinta s\u0103lilor de\u00a0\u00eemprumut sau de lectur\u0103 \u0219i s\u0103 foloseasc\u0103 un limbaj decent. Este obligatorie\u00a0folosirea c\u0103\u0219tilor, \u00een aplica\u021biile cu sunet ale calculatoarelor la folosirea\u00a0acestora.<\/p>\n<p>S\u0103 nu-i deranjeze pe ceilal\u021bi utilizatori prin comportament sau limbaj.<\/p>\n<p>S\u0103 aib\u0103 o atitudine civilizat\u0103 fa\u021b\u0103 de personalul bibliotecii.<\/p>\n<p>S\u0103 depun\u0103 \u00een spa\u021biile desemnate hainele, mapele, saco\u0219ele, servietele etc.; banii\u00a0\u0219i obiectele de valoare se vor p\u0103stra de c\u0103tre utilizatori.<\/p>\n<p>Biblioteca nu \u00ee\u0219i asum\u0103 r\u0103spunderea pentru obiectele pierdute, deteriorate sau\u00a0disp\u0103rute.<\/p>\n<p>S\u0103 nu schimbe documentele \u00eemprumutate cu al\u021bi utilizatori.<\/p>\n<p>S\u0103 aib\u0103 \u00een bibliotec\u0103 o \u021binut\u0103\u00a0 decent\u0103, care sa corespunda normelor de igien\u0103.<\/p>\n<p>S\u0103 nu consume alimente \u0219i b\u0103uturi \u00een incinta s\u0103lilor de lectur\u0103 \u0219i a celor de\u00a0\u00eemprumut la domiciliu.<\/p>\n<p>S\u0103 utilizeze \u00een mod civilizat mobilierul, echipamentul IT \u0219i celelate bunuri ale\u00a0bibliotecii.<\/p>\n<p>Se interzice accesul persoanelor \u00een stare de ebrietate \u00een incinta bibliotecii.<\/p>\n<p>Se interzice accesul cu animale \u00een incinta bibliotecii.<\/p>\n<p>S\u0103 nu introduc\u0103 \u00een bibliotec\u0103 materiale u\u0219or inflamabile, toxice \u0219i ur\u00e2t\u00a0mirositoare.<\/p>\n<p>S\u0103 respecte orarul de func\u021bionare al bibliotecii.<\/p>\n<p>\u00cenc\u0103lcarea acestor obliga\u021bii atrage dup\u0103 sine avertismentul, suspendarea\u00a0temporar\u0103 sau, dup\u0103 caz, definitiv\u0103, a dreptului de utilizare a serviciilor\u00a0bibliotecii.[\/vc_column_text][\/vc_tta_section][vc_tta_section title=&#8221;Alte drepturi si obligatii&#8221; tab_id=&#8221;1458911018684-abdebd87-6012&#8243;][vc_column_text]\u00cen cazul \u00een care un utilizator \u00eencalc\u0103 regulile,\u00a0bibliotecarul poate s\u0103 interzic\u0103, temporar sau permanent,\u00a0utilizarea serviciului de\u00a0Calculatoare cu Internet pentru Public.<\/p>\n<p>Utilizatorii au obliga\u021bia:<\/p>\n<ul>\n<li>De a avea o atitudine civilizat\u0103;<\/li>\n<li>\u021ainut\u0103 vestimentar\u0103 decent\u0103, care sa corespund\u0103 normelor de igien\u0103;<\/li>\n<li>S\u0103 respecte activit\u0103\u021bile de lectur\u0103 \u0219i studiu;<\/li>\n<li>S\u0103 p\u0103streze lini\u0219tea, ordinea \u0219i cur\u0103\u021benia \u00een bibliotec\u0103;<\/li>\n<li>\u00cen aplica\u021biile cu sunet, este obligatorie folosirea c\u0103\u0219tilor;<\/li>\n<li>De a folosi un limbaj civilizat at\u00e2t cu personalul din bibliotec\u0103 c\u00e2t \u0219i cu ceilal\u021bi\u00a0utilizatori;<\/li>\n<li>De a utiliza \u00een mod civilizat mobilierul, echipamentul IT \u0219i celelalte bunuri ale\u00a0bibliotecii;<\/li>\n<li>De a respecta orarul de functionare al bibliotecii si orarul de programare\u00a0pentru folosirea calculatorului.<\/li>\n<\/ul>\n<p>Este interzis:<\/p>\n<ul>\n<li>Consumul de alimente \u0219i de b\u0103uturi \u00een incinta institu\u021biei;<\/li>\n<li>Accesul \u00een bibliotec\u0103 \u00een stare de ebrietate;<\/li>\n<li>Fumatul \u00een incinta bibliotecii;<\/li>\n<li>Utilizarea telefoanelor mobile.<\/li>\n<\/ul>\n<p>[\/vc_column_text][\/vc_tta_section][vc_tta_section title=&#8221;Regulament privind utilizarea calculatoarelor&#8221; tab_id=&#8221;1461912934464-bef8045c-bc5c&#8221;][vc_column_text]\u00cen cazul \u00een care un utilizator \u00eencalc\u0103 regulile,\u00a0bibliotecarul poate s\u0103 interzic\u0103, temporar sau permanent,\u00a0utilizarea serviciului de\u00a0Calculatoare cu Internet pentru Public.<\/p>\n<p>Utilizatorii au obliga\u021bia:<\/p>\n<ul>\n<li>De a avea o atitudine civilizat\u0103;<\/li>\n<li>\u021ainut\u0103 vestimentar\u0103 decent\u0103, care sa corespund\u0103 normelor de igien\u0103;<\/li>\n<li>S\u0103 respecte activit\u0103\u021bile de lectur\u0103 \u0219i studiu;<\/li>\n<li>S\u0103 p\u0103streze lini\u0219tea, ordinea \u0219i cur\u0103\u021benia \u00een bibliotec\u0103;<\/li>\n<li>\u00cen aplica\u021biile cu sunet, este obligatorie folosirea c\u0103\u0219tilor;<\/li>\n<li>De a folosi un limbaj civilizat at\u00e2t cu personalul din bibliotec\u0103 c\u00e2t \u0219i cu ceilal\u021bi\u00a0utilizatori;<\/li>\n<li>De a utiliza \u00een mod civilizat mobilierul, echipamentul IT \u0219i celelalte bunuri ale\u00a0bibliotecii;<\/li>\n<li>De a respecta orarul de functionare al bibliotecii si orarul de programare\u00a0pentru folosirea calculatorului.<\/li>\n<\/ul>\n<p>Este interzis:<\/p>\n<ul>\n<li>Consumul de alimente \u0219i de b\u0103uturi \u00een incinta institu\u021biei;<\/li>\n<li>Accesul \u00een bibliotec\u0103 \u00een stare de ebrietate;<\/li>\n<li>Fumatul \u00een incinta bibliotecii;<\/li>\n<li>Utilizarea telefoanelor mobile.<\/li>\n<\/ul>\n<p>[\/vc_column_text][\/vc_tta_section][vc_tta_section title=&#8221;Sanctiuni&#8221; tab_id=&#8221;1461912905804-bd5a995c-7e88&#8243;][vc_column_text]Accesul se face gratuit la serviciul de Calculatoare cu Internet pentru Public\u00a0\u00een programul de func\u021bionare al s\u0103lii, pe baza Permisului de intrare.<\/p>\n<p>Deschiderea \u0219i \u00eenchiderea calculatoarelor\/echipamentelor se face numai de\u00a0c\u0103tre bibliotecarul de serviciu.<\/p>\n<p>Timpul alocat este de maxim 1 or\u0103.<\/p>\n<p>Utilizatorii vor avea acces doar pe contul de Utilizator Public al\u00a0calculatorului, acestea fiind partajate tocmai pentru a nu se instala<\/p>\n<p>programe sau jocuri ce pot virusa sau deteriora calculatorul.<\/p>\n<p>Pe internet vor fi accesate doar site-urile cu caracter informativ \u0219i cultural\u00a0educativ.<\/p>\n<p>Utilizatorii trebuie sa permit\u0103 bibliotecarului controlul asupra a ceea ce\u00a0acceseaz\u0103 pe Internet, pentru a depista acces\u0103rile interzise. Se fac controale\u00a0aleatorii ale site-urilor vizitate.<\/p>\n<p>Deteriorarea, distrugerea sau sustragerea unor componente ale\u00a0calculatoarelor se sanc\u021bioneaz\u0103 prin recuperarea fizic\u0103 a unor componente\u00a0identice sau prin achitarea unei sume echivalente cu de 3 ori pre\u021bul\u00a0componentei respective.<\/p>\n<p>Utilizatorii au posibilitatea de a-\u0219i transfera informa\u021bia culeas\u0103 de pe\u00a0internet pe CD sau stick, sau s\u0103 o trimit\u0103 pe o adres\u0103 de e-mail (la care s\u0103\u00a0aib\u0103 acces ulterior) la expirarea timpului de lucru, deoarece aceasta nu va\u00a0putea fi salvat\u0103 \u00een calculator.<\/p>\n<p>Pentru rezolvarea unor probleme ivite in timpul utiliz\u0103rii calculatorului cere\u021bi\u00a0sprijinul bibliotecarului responsabil.<\/p>\n<p>Folosirea Cd-urilor si stick-urilor se face numai cu aprobarea bibliotecarului\u00a0de serviciu.<\/p>\n<p>To\u021bi utilizatorii vor fi responsabili pentru orice informa\u021bie preluat\u0103 de pe\u00a0internet prin intermediul computerelor din Bibliotec\u0103.<\/p>\n<p>Oric\u0103rui utilizator ce va influen\u021ba modul de func\u021bionare a programelor de IT,\u00a0i se va interzice accesul la aceste facilit\u0103\u021bi. \u00cen cazul constat\u0103rii unor nereguli<\/p>\n<p>\u00een func\u021bionarea calculatorului, utilizatorii vor anun\u021ba personalul bibliotecii.[\/vc_column_text][\/vc_tta_section][vc_tta_section title=&#8221;Tabel cu functiile si salariile din cadrul Bibliotecii Judetene Calarasi&#8221; tab_id=&#8221;1524245347874-2aa02d93-e702&#8243;][vc_single_image image=&#8221;3578&#8243;][\/vc_tta_section][\/vc_tta_tour][\/vc_column][\/vc_row][vc_row equal_height=&#8221;yes&#8221;][vc_column][vc_column_text]<a href=\"http:\/\/www.bjcalarasi.ro\/wp-content\/uploads\/2016\/03\/organigrama-2016-august-31.pdf\">Organigrama Bibliotecii Judetene &#8222;Alexandru Odobescu&#8221; Calarasi actualizata la 31.08.2016<\/a>[\/vc_column_text][vc_column_text]<a href=\"http:\/\/www.bjcalarasi.ro\/wp-content\/uploads\/2016\/03\/Fisier-salarii-BJC.pdf\">Situatia privind transparenta veniturilor salariale &#8211; Legea nr.153\/2017<\/a>[\/vc_column_text][vc_column_text]<a href=\"https:\/\/www.bjcalarasi.ro\/wp-content\/uploads\/2019\/04\/Salarii-BJC-la-31.03.2019.pdf\">Tabel cu functiile si salariile din cadrul Bibliotecii Judetene &#8221;Alexandru Odobescu&#8221; Calarasi la 31.03.2019<\/a>[\/vc_column_text][\/vc_column][\/vc_row]<\/p>\n","protected":false},"excerpt":{"rendered":"<p>[vc_row][vc_column][vc_column_text] Conditii si regulament &nbsp; [\/vc_column_text][\/vc_column][\/vc_row][vc_row][vc_column][vc_tta_tour][vc_tta_section title=&#8221;Drepturile utilizatorilor&#8221; tab_id=&#8221;1458911018738-f87e502e-228a&#8221;][vc_column_text]Poate beneficia de studiul documentelor \u00een incinta bibliotecii, la s\u0103lile de\u00a0lectur\u0103 \u0219i multimedia, orice persoan\u0103 indiferent de domiciliul acesteia. Poate beneficia de \u00eemprumutul la domiciliu al documentelor orice persoan\u0103\u00a0care are domiciliul \u00een jude\u021bul C\u0103l\u0103ra\u0219i \u0219i este posesor al Permisului de intrare\u00a0la bibliotec\u0103, \u00eentocmit pe baza C.I. \/ [&hellip;]<\/p>\n","protected":false},"author":1,"featured_media":0,"parent":0,"menu_order":0,"comment_status":"closed","ping_status":"closed","template":"","meta":{"ngg_post_thumbnail":0,"footnotes":""},"class_list":["post-2850","page","type-page","status-publish","hentry"],"_links":{"self":[{"href":"https:\/\/www.bjcalarasi.ro\/index.php?rest_route=\/wp\/v2\/pages\/2850","targetHints":{"allow":["GET"]}}],"collection":[{"href":"https:\/\/www.bjcalarasi.ro\/index.php?rest_route=\/wp\/v2\/pages"}],"about":[{"href":"https:\/\/www.bjcalarasi.ro\/index.php?rest_route=\/wp\/v2\/types\/page"}],"author":[{"embeddable":true,"href":"https:\/\/www.bjcalarasi.ro\/index.php?rest_route=\/wp\/v2\/users\/1"}],"replies":[{"embeddable":true,"href":"https:\/\/www.bjcalarasi.ro\/index.php?rest_route=%2Fwp%2Fv2%2Fcomments&post=2850"}],"version-history":[{"count":28,"href":"https:\/\/www.bjcalarasi.ro\/index.php?rest_route=\/wp\/v2\/pages\/2850\/revisions"}],"predecessor-version":[{"id":4142,"href":"https:\/\/www.bjcalarasi.ro\/index.php?rest_route=\/wp\/v2\/pages\/2850\/revisions\/4142"}],"wp:attachment":[{"href":"https:\/\/www.bjcalarasi.ro\/index.php?rest_route=%2Fwp%2Fv2%2Fmedia&parent=2850"}],"curies":[{"name":"wp","href":"https:\/\/api.w.org\/{rel}","templated":true}]}}