{"id":3676,"date":"2018-10-22T11:37:44","date_gmt":"2018-10-22T08:37:44","guid":{"rendered":"https:\/\/www.bjcalarasi.ro\/?page_id=3676"},"modified":"2018-10-22T11:40:04","modified_gmt":"2018-10-22T08:40:04","slug":"cookie-policy-2","status":"publish","type":"page","link":"https:\/\/www.bjcalarasi.ro\/?page_id=3676","title":{"rendered":"Politica de confidentialitate"},"content":{"rendered":"<p>[vc_row][vc_column][vc_column_text]<\/p>\n<p data-raofz=\"13\">V\u0103 rug\u0103m sa citi\u0163i cu aten\u0163ie informa\u021biile de mai jos, privind func\u021bionarea acestui site web \u0219i drepturile Dvs. garantate de General Data Protection Regulation \u2013 Regulamentul (UE) 2016\/679 aplicabil din 25 mai 2018 \u2013 abreviat \u00een cele ce urmeaz\u0103 ca GDPR<\/p>\n<p><strong>Data intr\u0103rii \u00een vigoare: 25 mai 2018<\/strong><\/p>\n<p data-raofz=\"13\">Acest\u0103 politic\u0103 de confiden\u021bialitate apar\u021bine entit\u0103\u021bii juridice Biblioteca Judeteana &#8222;Alexandru Odobescu&#8221; Calarasi, jude\u021bul Calarasi \u0219i se refer\u0103 exclusiv la site-ul www.bjcalarasi.ro \u0219i toate subdomeniile acesteia. Suntem deplin con\u0219tinen\u021bi de importan\u021ba datelor Dvs.personale \u0219i de felul \u00een care acestea sunt colectate \u0219i folosite. Politica de confiden\u021bialitate detaliaz\u0103 care sunt informa\u021biile pe care le vom culege despre Dvs. atunci c\u00e2nd accesa\u021bi serviciul nostru online (site-ul nostru), precum \u0219i serviciile oferite de ter\u021bi prin intermediul site-ului nostru, cum vor fi folosite aceste inforrma\u021bii, cum pute\u021bi de\u021bine controlul acestui proces \u00een ceea ce v\u0103 prive\u0219te, cum pute\u021bi solicita rectificarea acestor date sau eliminarea lor. Nu vom folosi sau partaja informa\u021biile pe care le ob\u021binem despre Dvs. cu absolut nimeni (online sau offline) \u00een afara condi\u021biilor stipulate \u00een prezentul document. Datele personale colectate depre Dvs. prin accesarea site-ului nostru\u00a0 for fi folosite strict sub condi\u021bile prezentate \u00een acest document public.<\/p>\n<p><strong>Informa\u021bii pe care le putem colecta despre Dvs.<\/strong><\/p>\n<p data-raofz=\"13\">(a) Serviciul nostru online: \u00cen cazul \u00een care site-ul nostru v\u0103 ofer\u0103 posibilitatea creerii unui cont client, vor fi colectate o serie de informa\u021bii personale cu scopul de a v\u0103 identifica unic \u00een sistemul informatic. Acestea pot fi: numele \u0219i prenumele Dvs, num\u0103rul Dvs. de telefon, adresa Dvs. de email, adresa Dvs. po\u0219tal\u0103. De\u0219i nu trimitem mesaje email promo\u021bionale clien\u021bilor \u00eenregistra\u021bi, ne rezerv\u0103m dreptul de a v\u0103 contacta periodic prin email pentru a v\u0103 transmite informa\u021bii sau statistici privind activitatea Dvs. pe site-ul nostru sau pentru a v\u0103 comunica actualiz\u0103ri \u0219i informa\u021bii legate de operarea serviciului nostru online.<\/p>\n<p data-raofz=\"13\">(b) Modulele \u201ecookies\u201d \u0219i tehnologia de elaborare a statisticilor online: Cu scopul de a v\u0103 putea oferi servicii c\u00e2t mai bine adaptate nevoilor Dvs prin dimensionarea corect\u0103 a resurselor noastre (echipamente informatice, band\u0103 de transfer, con\u021binut oferit, personal alocat cu adiministrarea \u0219i publicarea con\u021binutului), este posibil s\u0103 elabor\u0103m pe plan intern o serie de statistici periodice. Pentru a face acest lucru realizabil, folosim tehnologia \u201ecookies\u201d pentru a stoca informa\u021bii referitoare la activitatea Dvs. pe site-ul nostru web. Folosim a\u0219adar modulele \u201ecookies\u201d pentru autentificare, pentru stocarea preferin\u021belor de navigare sau cu scop statistic. Dvs. ave\u021bi posibilitatea de a alege la nivel de browser dac\u0103 sunte\u021bi sau nu de acord cu folosirea tehnologiei \u201ecookies\u201d. Chiar dac\u0103 ve\u021bi opta s\u0103 nu folosi\u021bi acest\u0103 tehnologie, ve\u021bi avea \u00een continuare acces la serviciile noastre publice, \u00eens\u0103, din considerente tehnice navigarea pe site-ul nostru nu va fi la fel de fluent\u0103. Dac\u0103 accesa\u021bi serviciul nostru de teritoriul U.E. datele colectate cu ocazia acces\u0103rii serviciului nostru, precum adresa IP sau informa\u021biile personale nu vor fi niciodat\u0103 transmise vreunui ter\u021b. Proces\u0103m \u0219i p\u0103str\u0103m toate datele acestui site web pe teritoriul Uniunii Europene iar dac\u0103 dori\u021bi eliminarea datelor stocate care v\u0103 privesc, ne pute\u021bi contacta prin email cu o cerere \u00een acest sens. Este posibil s\u0103 folosim \u00een cadrul site-ului web \u0219i servicii externe, oferite de ter\u021bi (Google Analytics, Google Maps, Facebook, LinkedIn, Twitter), care, la r\u00e2ndul lor este posibil s\u0103 colecteze date cu caracter personal, \u00een func\u021bie de pozi\u021bia Dvs. geografic\u0103. Pentru a afla cum pute\u021bi opta pentru necolectarea datelor Dvs. de c\u0103tre ace\u0219ti parteneri, v\u0103 rug\u0103m s\u0103 vizita\u021bi site-urile web ale acestora sau s\u0103 ne contacta\u021bi prin email pentru l\u0103muriri suplimentare.<\/p>\n<p><strong>Cum folosim datele Dvs?<\/strong><\/p>\n<p data-raofz=\"13\">(a) Folosim datele colectate despre Dvs. cu unicul scop de a asigura o experien\u021b\u0103 optim\u0103 pentru fiecare vizitator al site-ului nostru. Baza legal\u0103 pentru aceste ac\u021biuni o reprezint\u0103 art. 6(1)(f) din Regulamentul (UE) 2016\/679 \u2013 General Data Protection Regulation (GDPR).<\/p>\n<p><strong>Cu cine partaj\u0103m datele Dvs?<\/strong><\/p>\n<p data-raofz=\"13\">(a) Datele de identificare personal\u0103 (Personally Identifiable Information): www.bjcalarasi.ro nu va \u00eenchiria sau vinde datele care v-ar putea identifica personal nici unui ter\u021b, sub nici o form\u0103. Este posibil ca datele Dvs. personale s\u0103 fie stocate \u00een loca\u021bii care de\u0219i sunt situate pe teritoriul UE, nu se afl\u0103 sub controlul nostru direct ( ex. serverele sau bazele de date care sunt stocate pe facilit\u0103\u021bi de g\u0103zduire aflate \u00een data-centere ale partenerilor no\u0219tri \u2013 furnizori de servicii de g\u0103zduire, administratori site web). Responsabilitatea asigur\u0103rii securit\u0103\u021bii online a acestor infrastructuri revine furnizorilor respectivi. Orice informa\u021bie care v\u0103 poate identifica personal \u0219i pe care alege\u021bi s\u0103 o face\u021bi public\u0103 pe site-ul nostru sau prin intermediul serviciilor noastre (ex. prin ad\u0103ugarea de comentarii la articole) va deveni accesibil\u0103 public. Chiar dac\u0103 ne ve\u021bi adresa o cerere \u00een scopul elimin\u0103rii acestor informa\u021bii, trebuie s\u0103 ave\u021bi \u00een vedere faptul c\u0103 acestea pot r\u0103m\u00e2ne \u00een continuare publice, prin copii, \u201ecache\u201d-uri sau arhive web dincolo de controlul nostru. \u00cen cazul \u00een care ve\u021bi posta comentarii publice la articolele de con\u021binut a site-ului nostru, v\u0103 rug\u0103m s\u0103 ave\u021bi \u00een vedere faptul c\u0103 acestea pot fi gestionate de un serviciu ter\u021b (Facebook, Quora) iar noi nu avem nici un control asupra acestor post\u0103ri \u2013 va trebui s\u0103 contacta\u021bi furnizorii respectivi pentru eliminarea lor (v\u0103 recomand\u0103m s\u0103 consulta\u021bi \u00een prealabil politicile de confiden\u021bialitate ale acestora)<\/p>\n<p data-raofz=\"13\">(b) Date despre Dvs. care nu v\u0103 identific\u0103 personal (Non-Personally Identifiable Information): Ne rezerv\u0103m dreptul de a partaja cu furnizorii no\u0219tri de servicii web (module, plugin-uri) date despre vizita Dvs. dar care nu v\u0103 identific\u0103 persoanal, cum ar fi statistici anonime privind utilizarea serviciilor, meta-informa\u021bii privind sursa vizitei (refering urls) sau destina\u021bia click-ului (exit urls), sistemul Dvs. de operare, modelul de browser folosit, num\u0103rul de clickuri efectuate pe un link, cu scopul de a \u00een\u021belege mai bine \u0219i a \u00eembun\u0103t\u0103\u021bi anumite func\u021bionalit\u0103\u021bi. At\u00e2t noi c\u0103t \u0219i furnizorii no\u0219tri de astfel de servicii avem posibilitatea de a face publice astfel de statistici, f\u0103r\u0103 a afecta dreptul Dvs. la intimitate. (ex. num\u0103r de vizitatori, structura vizitelor pe \u021b\u0103ri etc.). Prin exprimarea acordului de vizitare a site-ului nostru \u0219i folosirea serviciilor oferite de aceasta confirma\u021bi c\u0103 a\u021bi \u00een\u021beles acest aspect.<\/p>\n<p data-raofz=\"13\">(c) Situa\u021bii \u00een care suntem obliga\u021bi s\u0103 partaj\u0103m datele Dvs. personale colectate: Biblioteca Judeteana &#8222;Alexandru Odobescu&#8221; Calarasi, jude\u021bul Calarasi va transmite informa\u021biile Dvs. autorit\u0103\u021bilor rom\u00e2ne sau europene \u00een condi\u021biile prev\u0103zute de lege \u00een urm\u0103toarele condi\u021bii:<\/p>\n<ul>\n<li data-raofz=\"13\">dac\u0103 acestea ne solicit\u0103 imperativ acest lucru<\/li>\n<li data-raofz=\"13\">din propria noastr\u0103 ini\u021biativ\u0103, dac\u0103 ajungem la concluzia c\u0103 sesizarea autorit\u0103\u021bilor ne poate ajuta \u00een demersul nostru de a pune \u00een aplicare prezenta politic\u0103 de confiden\u021bialitate, cu scopul declarat de a proteja drepturile, proprietatea sau siguran\u021ba personal\u0103 a utilizatorii no\u0219tri sau a altor persoane.<\/li>\n<\/ul>\n<p data-raofz=\"13\">(d) Ce se \u00eent\u0103mpl\u0103 \u00een cazul unei schimbari de proprietar al site-ului web? \u00cen cazurile prev\u0103zute de lege privind lichidarea, reorganizare, falimentul sau fuziunea sau alte tranzac\u021bii juridice de acest gen care afecteaz\u0103 entit\u0103tea juridic\u0103 ce opereaz\u0103 acest serviciu, este foarte probabil ca \u0219i informa\u021biile personale de\u021binute la zi s\u0103 fie transmise \u00een cadrul unor tranzac\u021bii prev\u0103zute de lege c\u0103tre noul proprietar. \u00cen cazul apari\u021biei oric\u0103reia dintre aceste situa\u021bii ve\u021bi fi notificat din timp cu privire la transferul datelor Dvs. personale, fie prin email fie printr-un anun\u021b plasat la loc vizibil pe site-ul web, Dvs. av\u00e2nd posibilitatea de a opta cum ve\u021bi proceda \u00een ceea ce v\u0103 prive\u0219te.<\/p>\n<p data-raofz=\"13\">(e) M\u0103rturii ale clien\u021bilor (Testimoniale): Este posibil ca pe site-ul nostru s\u0103 afi\u0219\u0103m o sec\u021biune cu m\u0103rturii ale clien\u021bilor mul\u021bumi\u021bi, cu scopul de a ne promova serviciul \u0219i de a \u00eembun\u0103t\u0103\u021bi \u00eencrederea publicului \u00een serviciile noastre. Acestea vor fi publicate doar \u00een urma ob\u021binerii acordului prealabil al respectivului utilizator. Dac\u0103 v\u0103 afla\u021bi \u00een acesst\u0103 situa\u021bie \u0219i dori\u021bi s\u0103 v\u0103 modifica\u021bi acordul de voin\u021b\u0103, \u00een sensul modific\u0103rii sau elimin\u0103rii m\u0103rturiei publicate, v\u0103 rug\u0103m s\u0103 ne contacta\u021bi prin email<\/p>\n<p><strong>Stocarea \u0219i procesarea datelor<\/strong><\/p>\n<p data-raofz=\"13\">Informa\u021biile Dvs. colectate cu ocazia vizit\u0103rii site-ului nostru \u0219i a serviciilor web aferente acestuia vor fi stocate \u0219i procesate doar pe teritoriul Uniunii Europene, excep\u021bie f\u0103c\u00e2nd datele colectate de serviciile integrate \u00een site-ul web \u0219i prestate de ter\u021bi (Google Inc., Facebook, Quora, LinkedIn etc) care se vor conforma politicilor proprii de confiden\u021bialitate. Dac\u0103 locui\u021bi \u00een Uniunea European\u0103 este important s\u0103 \u0219ti\u021bi c\u0103 datele stocate despre Dvs. nu vor fi sub nici o form\u0103 transferate \u00een nici o \u021bar\u0103 aflat\u0103 \u00een afara spa\u021biului U.E.<\/p>\n<p><strong>Cum s\u0103 v\u0103 proteja\u021bi informa\u021biile<\/strong><\/p>\n<p data-raofz=\"13\">Manifest\u0103m \u00eenc\u0103 de la \u00eenceputul prezen\u021bei noastre online o peramanent\u0103 preocupare fat\u0103 de protejarea datelor clien\u021bilor no\u0219tri, \u00eens\u0103, \u00een contextul de securitate cibernetic\u0103 actual, asigura sau garanta securitatea niciunei informa\u021bii pe care o transmite\u021bi spre site-un nostru, c\u0103 inform\u021bia respectiv\u0103 nu va fi accesat\u0103 fraudulos, desconspirat\u0103 sau modificat\u0103 prin eventuale ac\u021biuni mali\u021bioase, de\u0219i folosim metodele standard-acceptate, la zi (\u201eindustry-standard\u201d). C\u00e2nd introduce\u021bi date sensibile (cum ar fi datele de autentificare) \u00een formularele noastre online trebuie s\u0103 ave\u021bi \u00een vedere faptul c\u0103 nici o metod\u0103 de transmitere a informa\u021biilor prin canale electronice nu este 100% sigur\u0103, a\u0219adar, nu putem formula vreo garan\u021bie scris\u0103 sau verbal\u0103 \u00een acest sens.<\/p>\n<p><strong>Compromiterea datelor personale<\/strong><\/p>\n<p data-raofz=\"13\">\u00cen cazul \u00een care informa\u021biile personale au fost compromise datorit\u0103 unei bre\u0219e de securitate, Biblioteca Judeteana &#8222;Alexandru Odobescu&#8221; Calarasi, jude\u021bul Calarasi va notifica prompt clien\u021bii viza\u021bi \u00een conformitate cu legisla\u021bia aplicabil\u0103 \u00een acest domeniu.<\/p>\n<p data-raofz=\"13\">Op\u021biunile Dvs. privind informa\u021biile personale Dac\u0103 sunte\u021bi client al serviciilor noastre web ave\u021bi op\u021biunea de a solicita consultarea, corec\u021bia, actualizarea sau eliminarea informa\u021biilor incorecte pe care le de\u021binem \u00een ceea ce v\u0103 prive\u0219te Pentru a v\u0103 exercita unul dintre aceste drepturi v\u0103 rug\u0103m s\u0103 ne transmite\u021bi o cerere prin email ofi\u021berului responsabil cu protec\u021bie a datelor (a se vedea sec\u021biunea GDRP)<\/p>\n<p><strong>Reten\u021bia informa\u021biilor personale<\/strong><\/p>\n<p data-raofz=\"13\">(a) Dac\u0103 ave\u021bi un cont de client \u00eenregistrat pe site-ul nostru, v\u0103 vom p\u0103stra datele personale at\u00e2ta timp c\u00e2t contul Dvs. este activ. De asemenea ne rezerv\u0103m dreptul s\u0103 p\u0103str\u0103m o arhiv\u0103 a datelor Dvs. pentru a putea s\u0103 ne conform\u0103m cu obliga\u021biile legale, rezolvarea eventualelor dispute sau litigii sau cereri ale organelor legii. (b) Dac\u0103 sunte\u021bi un vizitator ne\u00eenregistrat al site-ului nostru, v\u0103 vom p\u0103stra datele personale la care avem permisiunea Dvs. pentru cel mult un an calendaristic de la ultima Dvs. vizit\u0103 a site-ului nostru.<\/p>\n<p><strong>Protec\u021bia datelor minorilor<\/strong><\/p>\n<p data-raofz=\"13\">Protejarea datelor minorilor are pentru noi o importan\u021ba maxim\u0103. Din acest motiv, www.bjcalarasi.ro nu solicit\u0103 \u0219i nu stocheaz\u0103 date personale ale minorilor av\u00e2nd v\u00e2rsta \u00cen cazul \u00een care vom depista abateri de la aceast\u0103 politic\u0103, vom proceda la \u0219tergerea automat\u0103 de \u00eendat\u0103 a acestor date. Dac\u0103 ave\u021bi cuno\u0219tin\u021b\u0103 despre astfel de abateri de la acest principiu, v\u0103 rug\u0103m s\u0103 le comunica\u021bi de urgen\u021b\u0103 pe adresa noastr\u0103 de email.<\/p>\n<p><strong>Referin\u021be externe (Link-uri c\u0103tre alte site-uri web)<\/strong><\/p>\n<p data-raofz=\"13\">Nu putem fi \u021binu\u021bi responsabili pentru practicile implementate de site-uri \u0219i servicii web prezentate ca referin\u021be pe site-ul nostru. Politica noastr\u0103 de confiden\u021bialitate se aplic\u0103 strict serviciilor operate de noi \u0219i nu prive\u0219te site-urile ter\u021bilor, chiar dac\u0103 acestea sunt eventual men\u021bionate ca referin\u021be \u00een con\u021binutul furnizat de noi.<\/p>\n<p><strong>Piese Social Media (\u201eSocial Media Widgets\u201d):<\/strong><\/p>\n<p data-raofz=\"13\">Site-ul nostru poate implementa \u00een anumite sec\u021biuni module pentru interac\u021binea cu portalele de media social\u0103, ca de exemplu butoane de tip \u201eLike\u201d. V\u0103 avertiz\u0103m c\u0103 aceste facilit\u0103\u021bi pot colecta date personale, cum ar fi adresa Dvs. IP sau loca\u021bia Dvs. \u0219i, de asemenea, pot \u00eenregistra module cookies pentru a v\u0103 urm\u0103ri comportamentul de consum al serviciilor respective. Interac\u021binea cu astfel de module, nu face obiectul prezentei politici de confiden\u021bialitate ci a a politicilor proprii ale respectivilor furnizori de social-media.<\/p>\n<p><strong>Modific\u0103ri ale politicii de confiden\u021bialitate<\/strong><\/p>\n<p data-raofz=\"13\">Orice modificari ale prezentei politici de confiden\u021bialitate intr\u0103 \u00een vigoare de \u00eendat\u0103 ce au fost publicate pe site-ul nostru. (v\u0103 rug\u0103m s\u0103 urm\u0103ri\u021bi \u201edata intr\u0103rii \u00een vigoare\u201d c\u00e2nd consulta\u021bi acest document)<\/p>\n<p><strong>Cine suntem?<\/strong><\/p>\n<p data-raofz=\"13\">www.bjcalarasi.ro este un portal informativ cu scopul de a furniza informa\u021bii relevante privind Biblioteca Judeteana &#8222;Alexandru Odobescu&#8221; Calarasi, jude\u021bul Calarasi<\/p>\n<p><strong>Ce informa\u021bii colect\u0103m prin intermediul www.bjcalarasi.ro?<\/strong><\/p>\n<p data-raofz=\"13\">C\u00e2nd vizita\u021bi site-ul www.bjcalarasi.ro, este posibil s\u0103 fie colectate urm\u0103toarele date despre Dvs.<\/p>\n<ul>\n<li data-raofz=\"13\">tipul \u0219i versiunea de browser folosit<\/li>\n<li data-raofz=\"13\">numele \u0219i tipul dispozitivului de pe care accesati site-ul<\/li>\n<li data-raofz=\"13\">limba folosit\u0103<\/li>\n<li data-raofz=\"13\">sistemul de operare folosit<\/li>\n<li data-raofz=\"13\">rezolu\u021bia ecranului Dvs.<\/li>\n<li data-raofz=\"13\">durata vizitei pe site<\/li>\n<li data-raofz=\"13\">navigare ( intrare \u0219i ie\u0219ire \/ refering url, exit url)<\/li>\n<li data-raofz=\"13\">con\u021binutul paginii HTML<\/li>\n<li data-raofz=\"13\">Date despre furnizorul Dvs. de Internet (denumirea acestuia, adresa Dvs. aproximativ\u0103, \u021bara)<\/li>\n<li data-raofz=\"13\">Tipul de vizitator (prima vizit\u0103, vizitator existent \u2013 first visit, returning customer)<\/li>\n<li data-raofz=\"13\">Etichete personalizate sau variabile<\/li>\n<\/ul>\n<p data-raofz=\"13\">Aceste date sunt stocate \u00een module cookies pe o perioad\u0103 de maxim 24 luni.<\/p>\n<p>[\/vc_column_text][\/vc_column][\/vc_row]<\/p>\n","protected":false},"excerpt":{"rendered":"<p>[vc_row][vc_column][vc_column_text] V\u0103 rug\u0103m sa citi\u0163i cu aten\u0163ie informa\u021biile de mai jos, privind func\u021bionarea acestui site web \u0219i drepturile Dvs. garantate de General Data Protection Regulation \u2013 Regulamentul (UE) 2016\/679 aplicabil din 25 mai 2018 \u2013 abreviat \u00een cele ce urmeaz\u0103 ca GDPR Data intr\u0103rii \u00een vigoare: 25 mai 2018 Acest\u0103 politic\u0103 de confiden\u021bialitate apar\u021bine entit\u0103\u021bii [&hellip;]<\/p>\n","protected":false},"author":1,"featured_media":0,"parent":0,"menu_order":0,"comment_status":"closed","ping_status":"closed","template":"","meta":{"ngg_post_thumbnail":0,"footnotes":""},"class_list":["post-3676","page","type-page","status-publish","hentry"],"_links":{"self":[{"href":"https:\/\/www.bjcalarasi.ro\/index.php?rest_route=\/wp\/v2\/pages\/3676","targetHints":{"allow":["GET"]}}],"collection":[{"href":"https:\/\/www.bjcalarasi.ro\/index.php?rest_route=\/wp\/v2\/pages"}],"about":[{"href":"https:\/\/www.bjcalarasi.ro\/index.php?rest_route=\/wp\/v2\/types\/page"}],"author":[{"embeddable":true,"href":"https:\/\/www.bjcalarasi.ro\/index.php?rest_route=\/wp\/v2\/users\/1"}],"replies":[{"embeddable":true,"href":"https:\/\/www.bjcalarasi.ro\/index.php?rest_route=%2Fwp%2Fv2%2Fcomments&post=3676"}],"version-history":[{"count":2,"href":"https:\/\/www.bjcalarasi.ro\/index.php?rest_route=\/wp\/v2\/pages\/3676\/revisions"}],"predecessor-version":[{"id":3679,"href":"https:\/\/www.bjcalarasi.ro\/index.php?rest_route=\/wp\/v2\/pages\/3676\/revisions\/3679"}],"wp:attachment":[{"href":"https:\/\/www.bjcalarasi.ro\/index.php?rest_route=%2Fwp%2Fv2%2Fmedia&parent=3676"}],"curies":[{"name":"wp","href":"https:\/\/api.w.org\/{rel}","templated":true}]}}