{"id":4093,"date":"2019-07-25T16:20:27","date_gmt":"2019-07-25T13:20:27","guid":{"rendered":"https:\/\/www.bjcalarasi.ro\/?page_id=4093"},"modified":"2022-02-09T10:02:51","modified_gmt":"2022-02-09T08:02:51","slug":"scurt-istoric-al-bibliotecii","status":"publish","type":"page","link":"https:\/\/www.bjcalarasi.ro\/?page_id=4093","title":{"rendered":"Scurt istoric al bibliotecii"},"content":{"rendered":"[vc_row][vc_column][vc_column_text css_animation=&#8221;left-to-right&#8221;]<p><\/p>\n<p>\u00a0 \u00a0La ini\u021biativa unui grup de oameni cu dragoste pentru cultur\u0103 (ini\u021biativ\u0103 sus\u021binut\u0103 \u0219i de Atanase Stoianescu, prefectul jude\u021bului) s-a hot\u0103r\u00e2t \u00eenfiin\u0163area unei biblioteci \u00a0publice la C\u0103l\u0103ra\u015fi, a\u015fa cum reiese din procesul verbal \u00eencheiat \u00een \u015fedin\u0163a de constituire a bibliotecii la <strong>30 octombrie 1883<\/strong>, fiind considerat\u0103 \u201epredecesoarea\u201d Bibliotecii Jude\u021bene \u201dAlexandru Odobescu\u201d. La data respectiv\u0103 exista deja o suma de 400 de lei proveni\u021bi din \u201eprisosul produsului balului dat pentru incendia\u021bi in 1882\u201d, destinat\u0103 procur\u0103rii \u201ec\u0103r\u021bilor didactice necesare bibliotecii\u201d. Din acest an se poate vorbi despre \u00eemprumutul de carte.<\/p>\n<p><\/p>\n<p><\/p>\n<p>\u00a0 \u00a0Societatea de lectur\u0103 \u201dMihai Eminescu\u201d, \u00eenfiin\u021bat\u0103 \u00een 1904 (secretar general fiind Eugen Cial\u00eec, sufletul colectivului de intelectuali) \u0219i ai c\u0103rei membrii militau pentru cultivarea spiritului pentru citit, a jucat un rol important \u00een via\u021ba cultural\u0103 a ora\u0219ului C\u0103l\u0103ra\u0219i \u00eentruc\u00e2t ea \u00eens\u0103\u0219i organiza manifest\u0103ri cultural-artistice \u00een Sala Parcului comunal, deoarece cu banii astfel ob\u021binu\u021bi, cump\u0103ra noi c\u0103r\u021bi pentru biblioteca sa public\u0103, num\u0103rul volumelor cresc\u00e2nd de la an la an.<\/p>\n<p><\/p>\n<p><\/p>\n<p>\u00a0 \u00a0Prezen\u021b\u0103 activ\u0103 \u00een via\u021ba C\u0103l\u0103ra\u0219iului, biblioteca public\u0103 a Societ\u0103\u021bii de lectur\u0103 \u201dMihai Eminescu\u201d este tot mai frecventat\u0103 de locuitorii de toate v\u00e2rstele ai ora\u0219ului, fiind preluat\u0103 de aceasta p\u00e2n\u0103 \u00een jurul anului 1919, c\u00e2nd Societatea doneaz\u0103 Ligii Culturale de la C\u0103l\u0103ra\u0219i un num\u0103r de c\u0103r\u021bi (4000 de volume). Aceast\u0103 bibliotec\u0103 public\u0103 a stat la baza \u00eenfiin\u021b\u0103rii Sec\u021biei literare a Ligii.<\/p>\n<p><\/p>\n<p><\/p>\n<p>\u00a0 \u00a0Dar, dup\u0103 1930, Societatea \u201dMihai Eminescu\u201d \u00ee\u0219i \u00eenceteaz\u0103 activitatea, fuzion\u00e2nd cu sec\u021bia local\u0103 a Ligii Culturale (sec\u021bia C\u0103l\u0103ra\u0219i), c\u0103reia \u00eei\u00a0 doneaz\u0103 biblioteca cu cele peste 4000 de volume ale bibliotecii.<\/p>\n<p><\/p>\n<p><\/p>\n<p>\u00a0 \u00a0\u00cen aceste condi\u021bii, la ini\u021biativa sec\u021biei locale a Ligii Culturale, a fost \u00eenfiin\u021bat\u0103\u00a0 \u0219i \u201eo cas\u0103 de cultur\u0103\u201d, pe care a \u00eenzestrat-o cu o bibliotec\u0103 pus\u0103 la dispozi\u021bia publicului (inaugurat\u0103 la 3 ianuarie 1934), printr-o serbare organizat\u0103 de Atheneul Popular \u201dIalomi\u021ba\u201d, la care au participat corurile \u201dFream\u0103tul\u201d \u0219i \u201dMelodia\u201d, spa\u021biul fiind pus la dispozi\u021bie de prim\u0103ria ora\u0219ului, \u00een sala Parcului comunal.<\/p>\n<p><\/p>\n<p><\/p>\n<p>\u00a0 \u00a0Dup\u0103 primul r\u0103zboi mondial, Liga cultural\u0103 \u2013 sec\u0163ia C\u0103l\u0103ra\u015fi \u2013 \u015fi-a reluat activitatea la data de 24 ianuarie 1919, \u00een prezen\u0163a marelui savant Nicolae Iorga, care\u00a0 la 12 decembrie 1932, prezid\u00e2nd Comitetul executiv al Ligii centrale, a confirmat reorganizarea Ligii ialomi\u0163ene \u015fi a rectificat alegerea comitetului ei format din:<\/p>\n<p><\/p>\n<p><\/p>\n<ul class=\"wp-block-list\">\n<li>Magistrat D. M. Ranetescu\u00a0 \u2013 pre\u015fedinte;<\/li>\n<li>Dr. Pompei Samarian \u2013<br \/>vicepre\u015fedinte;<\/li>\n<li>Prof. Tiberiu Chiril \u2013<br \/>vicepre\u015fedinte;<\/li>\n<li>Preot Dumitru Dobre \u2013 membru;<\/li>\n<li>Jurist Laz\u0103r Belcin \u2013 membru;<\/li>\n<li>Avocat Eugen Cial\u00eec \u2013 secretar<br \/>general.<\/li>\n<\/ul>\n<p><\/p>\n<p><\/p>\n<p>\u00a0 \u00a0Din documente afl\u0103m c\u0103 anul 1950, din ini\u021biativa Ministerului \u00cenv\u0103\u021b\u0103m\u00e2ntului \u0219i Culturii, a adus cu el \u00eenfiin\u021barea primelor biblioteci publice finan\u021bate de stat, cea de la C\u0103l\u0103ra\u0219i av\u00e2nd un fond de carte de 458 de volume, din care cea mai mare parte provenea din dona\u021bii. Sediul acestei biblioteci se g\u0103sea situat pe strada \u0218tirbei Vod\u0103, \u00een localul fostei Farmacii Grumberg, dotat cu 10 rafturi, 2 scaune \u0219i o mas\u0103, iar la conducerea bibliotecii se afla t\u00e2n\u0103ra Elena Constantin, bine preg\u0103tit\u0103 profesional. Biblioteca a func\u021bionat \u00een acest sediu p\u00e2n\u0103 \u00een anul 1984, activitatea sa contribuind la consolidarea institu\u021biei \u0219i la fixarea prestigiului la nivel de ora\u0219.\u00a0<\/p>\n<p><\/p>\n<p><\/p>\n<p><strong>\u00a0 \u00a0Conform Legii nr. 5 din 8 decembrie 1950<\/strong>, bibliotecile publice au devenit <strong>biblioteci centrale <\/strong>av\u00e2nd \u0219i atribu\u021bii de \u00eendrumare \u0219i control, iar c\u00e2nd, printr-o lege a organiz\u0103rii teritoriale, din aprilie 1952 s-au introdus raioanele \u0219i regiunile (dup\u0103 modelul sovietic), institu\u021bia de la C\u0103l\u0103ra\u0219i a devenit <strong>raional\u0103<\/strong>.<\/p>\n<p><\/p>\n<p><\/p>\n<p>\u00a0 \u00a0\u00cen anul 1965, biblioteca central\u0103 raional\u0103 a primit o dona\u021bie important\u0103 de la biblioteca raionului Nicolae B\u0103lcescu \u2013 regiunea Bucure\u0219ti, const\u00e2nd \u00een 16.785 de volume \u00een valoare de 47.680 lei.<\/p>\n<p><\/p>\n<p><\/p>\n<p>\u00a0 \u00a0Tot \u00een 1965, odat\u0103 cu primirea fondului de carte de la biblioteca raionului Nicolae B\u0103lcescu \u2013 regiunea Bucure\u0219ti s-a creat \u0219i o sec\u021bie de copii, \u00eentruc\u00e2t multe dintre c\u0103r\u021bi erau adresate copiilor. Din acest an, sec\u021bia pentru copii (SC) a primit mobilier nou tip pentru bibliotecile de copii format din 10 rafturi pitice, 5 mese rotunde, 30 de sc\u0103unele \u0219i s-a mutat \u00eentr-un spa\u021biu modest \u0219i dosnic \u00een cl\u0103direa din strada Pompieri.<\/p>\n<p><\/p>\n<p><\/p>\n<p>\u00a0 \u00a0\u00cen acest an (1968), la cerin\u021bele repetate ale colectivului, biblioteca a primit pentru scurt timp un spa\u021biu central adecvat activit\u0103\u021bii sale: localul actualului Muzeu municipal (localul fostei prim\u0103rii). \u00cen acest sediu, biblioteca municipal\u0103 C\u0103l\u0103ra\u0219i s-a reorganizat \u00een trei sec\u021bii: sec\u021bia adul\u021bi \u00eemprumut (SA), sala de lectur\u0103 (SL) \u0219i sec\u021bia pentru copii (SC). Fondul de carte al s\u0103lii de lectur\u0103 provine din dona\u021bia bibliotecii regiunii Bucure\u0219ti, \u00een num\u0103r de 13.400 de volume.<\/p>\n<p><\/p>\n<p><\/p>\n<p><\/p>\n<p><\/p>\n<p>\u00a0 \u00a0\u00cen anul 1981, \u00een urma unei noi reorganiz\u0103ri teritorial-administrative, biblioteca municipal\u0103 devine <strong>bibliotec\u0103 jude\u021bean\u0103<\/strong>, ca urmare a \u00eenfiin\u021b\u0103rii jude\u021bului (prin Decretul 15 al Consiliului de Stat din 23 ianuarie 1981). Din acest an, lectura public\u0103 c\u0103l\u0103r\u0103\u0219ean\u0103 nu cunoa\u0219te \u00eentreruperi.<\/p>\n<p><\/p>\n<p><\/p>\n<p>\u00a0 \u00a0\u00cen urma acestor transform\u0103ri, pentru prima dat\u0103, la bibliotec\u0103 este numit un director, \u00een persoana domnului profesor Dumitru Ghi\u021b\u0103, \u0219i doi bibliotecari. Ulterior, schema bibliotecii jude\u021bene s-a m\u0103rit, num\u0103r\u00e2nd \u0219apte bibliotecari.<\/p>\n<p><\/p>\n<p><\/p>\n<p>\u00a0 \u00a0Un rol important \u00een via\u021ba bibliotecii jude\u021bene C\u0103l\u0103ra\u0219i \u00eel reprezint\u0103 includerea, \u00een titulatura acesteia, prin Dispozi\u021bia nr. 1 din 14 aprilie 1993 a Inspectoratului Jude\u021bean pentru Cultur\u0103, a numelui scriitorului, arheologului \u0219i omului politic rom\u00e2n Alexandru Odobescu (1834-1895), membru al Societ\u0103\u021bii Academice Rom\u00e2ne (vechea denumire a Academiei Rom\u00e2ne).<\/p>\n<p><\/p>\n<p><\/p>\n<p>\u00a0 \u00a0\u00cen anul 1994, prin hot\u0103rare judec\u0103toreasc\u0103, biblioteca ob\u021bine personalitate juridic\u0103, devenind de sine st\u0103t\u0103toare, cu serviciu de contabilitate \u0219i cu un mijloc de transport necesar deplas\u0103rii \u00een jude\u021b pentru activit\u0103\u021bi de \u00eendrumare \u0219i control. Dup\u0103 aceast\u0103 organizare biblioteca a primit fonduri pentru achizi\u021bie de carte, dispunand la ora actual\u0103 de in fond de peste 320000 de unit\u0103\u021bi de bibliotec\u0103.Prima carte \u00eenregistrat\u0103 \u00een registrul inventar a fost romanul \u2019\u2019Anna Karenina\u2019\u2019 de Lev Tolstoi la 17 aprilie 1981.\u00a0<\/p>\n<p><\/p>\n<p><\/p>\n<p><\/p>\n<p><\/p>\n<p><\/p>\n<p><\/p>\n<p>\u00a0 \u00a0Din anul 2015 casa Demetriad face parte din lista monumentelor istorice ale Ministerului Culturii (pozi\u021bia 124 pentru jude\u021bul C\u0103l\u0103ra\u0219i).<\/p>\n<p><\/p>\n<p><\/p>\n<p>\u00a0 \u00a0Dup\u0103 cinci \u201e<em>schimb\u0103ri de domiciliu<\/em>\u201d petrecute \u00een ultimele trei decenii, \u00een spa\u021bii deloc adecvate unei bune desf\u0103\u0219ur\u0103ri a activit\u0103\u021bilor de bibliotec\u0103, Biblioteca Jude\u021bean\u0103 \u201dAlexandru Odobescu\u201d func\u021biona, p\u00e2n\u0103 \u00een 2015, \u00een trei localuri astfel: <strong>sediul central<\/strong> (strada Bucure\u0219ti, nr. 102) care cuprindea sec\u021bia pentru copii (SC), cu acces liber la raft, depozite \u0219i serviciul metodic, plus<br \/>birourile administrative; <strong>sediul \u201dVictoria\u201d<\/strong> (\u00een incinta fostului cinematograf \u201dVictoria\u201d)\u00a0 cuprindea sec\u021bia \u00eemprumut adul\u021bi &#8211; SA, cu acces liber la raft \u0219i depozite, sec\u021bia lectur\u0103 \u2013 SL, inclusiv depozite \u0219i serviciul clasificare, catalogare, prelucrare \u0219i achizi\u021bii, apoi \u00een alt\u0103 loca\u021bie a ora\u0219ului <strong>filiala \u201dOrizont\u201d<\/strong>, cu acces liber la raft \u0219i depozite.<\/p>\n<p><\/p>\n<p><\/p>\n<p>\u00a0 \u00a0 \u00cen anul 2002 s-au pus bazele filialei \u201dOrizont\u201d (modernizat\u0103 \u00een 2018). Pentru o scurt\u0103 perioad\u0103 de timp a func\u021bionat sec\u021bia de limb\u0103 francez\u0103 &#8211; filiala \u201dFordoc\u201d (2007-2008), o sec\u021bie destinat\u0103 lectur\u0103rii \u00een limba francez\u0103. Sec\u021bia a primit numele \u201dFordoc\u201d, deoarece se afla \u00een sediul Institutului Fordoc, \u00eenfiin\u021bat ca urmare a ini\u021biativei doamnei Irina Ravac (directoare a Institutului, \u00een perioada 1996-2006), care, prin colaborarea dintre Consiliul Jude\u021bean C\u0103l\u0103ra\u0219i \u0219i Consiliul General Charente Maritime, a ridicat o institu\u021bie prin ac\u021biuni culturale \u0219i de documentare (Fordoc =\u00a0 FORmare \u0219i DOCumentare) destinat\u0103 administra\u021biei publice locale (1993-2013).<\/p>\n<p><\/p>\n<p><\/p>\n<p><\/p>\n<p><\/p>\n<p>\u00a0 \u00a0\u00cen prezent, Biblioteca Jude\u021bean\u0103 \u201dAlexandru Odobescu\u201d C\u0103l\u0103ra\u0219i func\u021bioneaz\u0103 cu un num\u0103r de 27 de angaja\u021bi, dintre care 17 reprezint\u0103 personal de specialitate capabil s\u0103 asigure \u0219i s\u0103 pun\u0103 la dispozi\u021bie materiale \u00een scopul satisfacerii necesit\u0103\u021bilor de educare, informare, cercetare \u0219i recreere a utilizatorilor s\u0103i.<\/p>\n<p>\u00a0 \u00a0Odat\u0103 cu mult a\u0219teptata inaugurare a noului sediu al Bibliotecii Jude\u021bene , \u00een toamna anului 2019, paradigma <strong>bibliotec\u0103 \u2013 informare \u2013 public <\/strong>este transpus\u0103 pe f\u0103ga\u0219ul modernit\u0103\u021bii, sprijinindu-se pe pilonii tradi\u021biei \u0219i ai patrimoniului mo\u0219tenit. Cl\u0103direa noii biblioteci vine s\u0103 completeze complexul cultural format \u00een prezent de celelalte institu\u021bii importante ale jude\u021bului aflate \u00een zona Centrului Vechi: Muzeul Dun\u0103rii de Jos (MDJ)- compus din sec\u021biile Arheologie, Tezaur, Etnografie\u00a0 Muzeul Municipal de istorie local\u0103 (MM), Centrul de Cultur\u0103 \u0219i Crea\u021bie \u201dBarbu \u0218tirbei\u201d, cu Sala de spectacole \u201dBarbu \u0218tirbei\u201d \u0219i Sala Cinema 3 D.<\/p>\n<p>\u00a0 \u00a0Edificiul a fost construit pe o perioad\u0103 de \u0219ase ani \u0219i are o suprafa\u021b\u0103 util\u0103 de 3.300mp \u0219i cinci etaje, fiind dotat cu un lift\u00a0 panoramic pe partea estic\u0103.\u00a0 Au fost proiectate spa\u021bii generoase \u0219i specifice, destinate tuturor v\u00e2rstelor \u0219i categoriilor socio-profesionale de utilizatori (juniori, adolescen\u021bi, adul\u021bi, v\u00e2rstnici, arti\u0219ti, profesori, cercet\u0103tori etc), care s\u0103 atrag\u0103 c\u00e2t mai mul\u021bi c\u0103l\u0103r\u0103\u0219eni \u00een lumea c\u0103r\u021bilor: Sala Perspective \u2013 cu o capacitate de 100 de locuri, destinat\u0103 conferin\u021belor, vernisajelor \u0219i altor evenimente de amploare, Sala Enciclopedia \u2013 sal\u0103 destinat\u0103 \u00eemprumutului la domiciliu pentru adul\u021bi \u0219i adolescen\u021bi, cu acces liber la peste 100.000 de volume, Clubul Artelor Nirvana \u2013 care g\u0103zduie\u0219te cercuri \u0219i ateliere artistice, Sala Copiilor \u201dRegina Maria\u201d \u2013 destinat\u0103 \u00eemprumutului la domiciliu pentru copii, Ludoteca Licurici \u2013 sal\u0103 de \u00eenv\u0103\u021bare prin joc destinat\u0103 pre\u0219colarilor, Sala de lectur\u0103 \u0219i cercetare \u201dMaria Cu\u021barida-Cr\u0103tunescu\u201d \u2013 sal\u0103 destinat\u0103 studiului care pune la dispozi\u021bia utilizatorilor peste 90.000 de volume de carte \u0219i documente de referin\u021b\u0103, Mediateca Millenium \u2013 care g\u0103zduie\u0219te 20 de calculatoare cu acces la internet \u0219i documente \u00een format electronic, Sala Presei \u2013 pune la dispozi\u021bie un fond de pres\u0103 actual \u0219i retrospectiv, Smart Lab \u2013 un laborator inteligent care de\u021bine pe l\u00e2ng\u0103 laptop-uri performante, o tabl\u0103 interactiv\u0103, ochelari 3D, imprimante 3 D, scanner 3D, creioane 3D, destinate activit\u0103\u021bilor de grup.<\/p>\n<p>\u00a0 \u00a0Astfel, biblioteca \u00ee\u0219i ocup\u0103, dup\u0103 ani mul\u021bi, locul cuvenit \u00een promovarea \u0219i\u00a0\u00a0 derularea activit\u0103\u021bilor cultural-educative \u00een partea de\u00a0 sud-est a \u021b\u0103rii \u0219i \u00een re\u021beaua na\u021bional\u0103 de biblioteci.<\/p>\n<ul>\n<li>Dispune de peste 350.000 de unit\u0103\u021bi de bibliotec\u0103: publica\u021bii tip\u0103rite, c\u0103r\u021bi \u0219i periodice, documente tip multimedia, audio-video,\u00a0 Daisy\u00a0 (pentru nev\u0103z\u0103tori), h\u0103r\u021bi .<\/li>\n<li>Anual se \u00eenregistreaz\u0103 noi intr\u0103ri \u00een colec\u021biile bibliotecii, peste 6000\u00a0\u00a0\u00a0 unit\u0103\u021bi de bibliotec\u0103, din achizi\u021bii directe, dona\u021bii ale persoanelor fizice \u0219i juridice \u0219i din schimb interbibliotecar, care sunt repartizate pe sec\u021biile de rela\u021bii cu publicul \u0219i c\u0103tre filialele din jude\u021b.<\/li>\n<li>Biblioteca dispune de 27 de angaja\u021bi, din care 17 personal de specialitate, care urmeaz\u0103 cursuri de perfec\u021bionare profesional\u0103 la fiecare 3 ani.<\/li>\n<li>Fondul de publica\u021bii existent poate fi reg\u0103sit \u00een baza de date a bibliotecii, \u00een sistem de gestiune TinRead, sistem implementat de mai multe biblioteci publice din re\u021beaua na\u021bional\u0103, acces\u00e2nd Catalogul public on-line\u00a0 reg\u0103sit pe site-ul www.bjcalarasi.ro<\/li>\n<li>\u00a0\u00a0Circula\u021bia documentelor se face par\u021bial automatizat, \u00een prezent se lucreaz\u0103 la implementarea procedurii de deservire a utilizatorilor prin sistemul codurilor de bare.<\/li>\n<li>Frecven\u021ba medie a bibliotecii este de cca 400 de cititori \/ zi.<\/li>\n<li>\u00a0\u00a0\u00a0\u00a0Anual sunt consultate \u00een s\u0103lile de lectur\u0103 \u0219i prin \u00eemprumut la domiciliu peste 165.000 de publica\u021bii, de toate tipurile.<\/li>\n<li>Spa\u021biile bibliotecii g\u0103zduiesc anual cca 1000 de activit\u0103\u021bi destinate comunit\u0103\u021bii deservite (cercuri, cluburi, \u00eent\u00e2lniri tematice, dezbateri\u00a0 publice, expozi\u021bii de art\u0103, cursuri, audi\u021bii, programe de vacan\u021b\u0103 \u0219.a.): Bibliovacan\u021ba, Ateliere cu idei, Scriitori \u00een devenire, Concursul Na\u021bional de Proz\u0103 \u201dAlexandru Odobescu\u201d etc.<\/li>\n<li>Biblioteca Jude\u021bean\u0103 C\u0103l\u0103ra\u0219i orienteaz\u0103 metodic activit\u0103\u021bile \u0219i serviciile bibliotecilor comunale \u0219i or\u0103\u0219ene\u0219ti aflate \u00een subordine din punct de vedere metodologic.<\/li>\n<\/ul>\n<p><\/p>[\/vc_column_text][\/vc_column][\/vc_row]","protected":false},"excerpt":{"rendered":"<p>[vc_row][vc_column][vc_column_text css_animation=&#8221;left-to-right&#8221;] \u00a0 \u00a0La ini\u021biativa unui grup de oameni cu dragoste pentru cultur\u0103 (ini\u021biativ\u0103 sus\u021binut\u0103 \u0219i de Atanase Stoianescu, prefectul jude\u021bului) s-a hot\u0103r\u00e2t \u00eenfiin\u0163area unei biblioteci \u00a0publice la C\u0103l\u0103ra\u015fi, a\u015fa cum reiese din procesul verbal \u00eencheiat \u00een \u015fedin\u0163a de constituire a bibliotecii la 30 octombrie 1883, fiind considerat\u0103 \u201epredecesoarea\u201d Bibliotecii Jude\u021bene \u201dAlexandru Odobescu\u201d. La data [&hellip;]<\/p>\n","protected":false},"author":1,"featured_media":0,"parent":0,"menu_order":0,"comment_status":"closed","ping_status":"closed","template":"","meta":{"ngg_post_thumbnail":0,"footnotes":""},"class_list":["post-4093","page","type-page","status-publish","hentry"],"_links":{"self":[{"href":"https:\/\/www.bjcalarasi.ro\/index.php?rest_route=\/wp\/v2\/pages\/4093","targetHints":{"allow":["GET"]}}],"collection":[{"href":"https:\/\/www.bjcalarasi.ro\/index.php?rest_route=\/wp\/v2\/pages"}],"about":[{"href":"https:\/\/www.bjcalarasi.ro\/index.php?rest_route=\/wp\/v2\/types\/page"}],"author":[{"embeddable":true,"href":"https:\/\/www.bjcalarasi.ro\/index.php?rest_route=\/wp\/v2\/users\/1"}],"replies":[{"embeddable":true,"href":"https:\/\/www.bjcalarasi.ro\/index.php?rest_route=%2Fwp%2Fv2%2Fcomments&post=4093"}],"version-history":[{"count":6,"href":"https:\/\/www.bjcalarasi.ro\/index.php?rest_route=\/wp\/v2\/pages\/4093\/revisions"}],"predecessor-version":[{"id":5357,"href":"https:\/\/www.bjcalarasi.ro\/index.php?rest_route=\/wp\/v2\/pages\/4093\/revisions\/5357"}],"wp:attachment":[{"href":"https:\/\/www.bjcalarasi.ro\/index.php?rest_route=%2Fwp%2Fv2%2Fmedia&parent=4093"}],"curies":[{"name":"wp","href":"https:\/\/api.w.org\/{rel}","templated":true}]}}