{"id":4149,"date":"2019-12-12T11:10:19","date_gmt":"2019-12-12T09:10:19","guid":{"rendered":"https:\/\/www.bjcalarasi.ro\/?page_id=4149"},"modified":"2021-02-01T14:12:53","modified_gmt":"2021-02-01T12:12:53","slug":"personalitati-calarasene","status":"publish","type":"page","link":"https:\/\/www.bjcalarasi.ro\/?page_id=4149","title":{"rendered":"Personalit\u0103\u021bi c\u0103l\u0103r\u0103\u0219ene"},"content":{"rendered":"\n<div class=\"wp-block-image is-style-rounded\"><figure class=\"alignleft is-resized\"><a href=\"https:\/\/www.bjcalarasi.ro\/?page_id=4150\" target=\"_blank\" rel=\"noreferrer noopener\"><img loading=\"lazy\" decoding=\"async\" src=\"https:\/\/www.bjcalarasi.ro\/wp-content\/uploads\/2019\/12\/Alboiu-George.png\" alt=\"Alboiu George\" class=\"wp-image-4151\" width=\"124\" height=\"144\"\/><\/a><figcaption><a href=\"https:\/\/www.bjcalarasi.ro\/?page_id=4150\">Alboiu George<\/a><\/figcaption><\/figure><\/div>\n\n\n\n<div class=\"wp-block-image is-style-rounded\"><figure class=\"alignleft is-resized\"><a href=\"https:\/\/www.bjcalarasi.ro\/?page_id=4167\" target=\"_blank\" rel=\"noreferrer noopener\"><img loading=\"lazy\" decoding=\"async\" src=\"https:\/\/www.bjcalarasi.ro\/wp-content\/uploads\/2019\/12\/Anghelescu-Nita.jpg\" alt=\"Anghelescu Ni\u021b\u0103\" class=\"wp-image-4165\" width=\"121\" height=\"144\"\/><\/a><figcaption><a href=\"https:\/\/www.bjcalarasi.ro\/?page_id=4167\" target=\"_blank\" rel=\"noreferrer noopener\" aria-label=\"Anghelescu Ni\u021b\u0103 (se deschide \u00eentr-o fil\u0103 nou\u0103)\">Anghelescu Ni\u021b\u0103<\/a><\/figcaption><\/figure><\/div>\n\n\n\n<div class=\"wp-block-image is-style-rounded\"><figure class=\"alignleft is-resized\"><a href=\"https:\/\/www.bjcalarasi.ro\/?page_id=4177\" target=\"_blank\" rel=\"noreferrer noopener\"><img loading=\"lazy\" decoding=\"async\" src=\"https:\/\/www.bjcalarasi.ro\/wp-content\/uploads\/2019\/12\/Banescu-Nicolae.jpg\" alt=\"\" class=\"wp-image-4178\" width=\"105\" height=\"144\"\/><\/a><figcaption><a href=\"https:\/\/www.bjcalarasi.ro\/?page_id=4177\" target=\"_blank\" rel=\"noreferrer noopener\" aria-label=\"B\u0103nescu Nicolae P. (se deschide \u00eentr-o fil\u0103 nou\u0103)\">B\u0103nescu Nicolae P.<\/a><\/figcaption><\/figure><\/div>\n\n\n\n<div class=\"wp-block-image is-style-rounded\"><figure class=\"alignleft is-resized\"><a href=\"https:\/\/www.bjcalarasi.ro\/?page_id=4182\" target=\"_blank\" rel=\"noreferrer noopener\"><img loading=\"lazy\" decoding=\"async\" src=\"https:\/\/www.bjcalarasi.ro\/wp-content\/uploads\/2019\/12\/Banica-Stefan.jpg\" alt=\"\" class=\"wp-image-4184\" width=\"116\" height=\"144\"\/><\/a><figcaption><a href=\"https:\/\/www.bjcalarasi.ro\/?page_id=4182\" target=\"_blank\" rel=\"noreferrer noopener\" aria-label=\"B\u0103nic\u0103 (senior) \u0218tefan (se deschide \u00eentr-o fil\u0103 nou\u0103)\">B\u0103nic\u0103 (senior) \u0218tefan<\/a><\/figcaption><\/figure><\/div>\n\n\n\n<div class=\"wp-block-image is-style-rounded\"><figure class=\"alignleft is-resized\"><a href=\"https:\/\/www.bjcalarasi.ro\/?page_id=4188\" target=\"_blank\" rel=\"noreferrer noopener\"><img loading=\"lazy\" decoding=\"async\" src=\"https:\/\/www.bjcalarasi.ro\/wp-content\/uploads\/2019\/12\/Capsa-Liviu.jpg\" alt=\"\" class=\"wp-image-4190\" width=\"158\" height=\"144\"\/><\/a><figcaption><a href=\"https:\/\/www.bjcalarasi.ro\/?page_id=4188\" target=\"_blank\" rel=\"noreferrer noopener\" aria-label=\"Cap\u0219a Liviu (se deschide \u00eentr-o fil\u0103 nou\u0103)\">Cap\u0219a Liviu<\/a><\/figcaption><\/figure><\/div>\n\n\n\n<div class=\"wp-block-image is-style-rounded\"><figure class=\"alignleft is-resized\"><a href=\"https:\/\/www.bjcalarasi.ro\/?page_id=4198\" target=\"_blank\" rel=\"noreferrer noopener\"><img loading=\"lazy\" decoding=\"async\" src=\"https:\/\/www.bjcalarasi.ro\/wp-content\/uploads\/2019\/12\/Cutarida-Cratunescu-Maria.jpg\" alt=\"\" class=\"wp-image-4200\" width=\"120\" height=\"144\"\/><\/a><figcaption><a href=\"https:\/\/www.bjcalarasi.ro\/?page_id=4198\" target=\"_blank\" rel=\"noreferrer noopener\" aria-label=\"Cu\u021barida-Cr\u0103tunescu Maria (se deschide \u00eentr-o fil\u0103 nou\u0103)\">Cu\u021barida-Cr\u0103tunescu Maria<\/a><\/figcaption><\/figure><\/div>\n\n\n\n<div class=\"wp-block-image is-style-rounded\"><figure class=\"alignleft is-resized\"><a href=\"https:\/\/www.bjcalarasi.ro\/?page_id=4203\" target=\"_blank\" rel=\"noreferrer noopener\"><img loading=\"lazy\" decoding=\"async\" src=\"https:\/\/www.bjcalarasi.ro\/wp-content\/uploads\/2019\/12\/Elefterescu-Aurel.png\" alt=\"\" class=\"wp-image-4205\" width=\"111\" height=\"144\"\/><\/a><figcaption><a href=\"https:\/\/www.bjcalarasi.ro\/?page_id=4203\" target=\"_blank\" rel=\"noreferrer noopener\" aria-label=\"Elefterescu Auel (se deschide \u00eentr-o fil\u0103 nou\u0103)\">Elefterescu Auel<\/a><\/figcaption><\/figure><\/div>\n\n\n\n<div class=\"wp-block-image is-style-rounded\"><figure class=\"alignleft is-resized\"><a href=\"https:\/\/www.bjcalarasi.ro\/?page_id=4208\" target=\"_blank\" rel=\"noreferrer noopener\"><img loading=\"lazy\" decoding=\"async\" src=\"https:\/\/www.bjcalarasi.ro\/wp-content\/uploads\/2019\/12\/Ghinoiu-Ion.jpg\" alt=\"\" class=\"wp-image-4210\" width=\"118\" height=\"144\"\/><\/a><figcaption><a href=\"https:\/\/www.bjcalarasi.ro\/?page_id=4208\" target=\"_blank\" rel=\"noreferrer noopener\" aria-label=\"Ghinoiu Ion (se deschide \u00eentr-o fil\u0103 nou\u0103)\">Ghinoiu Ion<\/a><\/figcaption><\/figure><\/div>\n\n\n\n<div class=\"wp-block-image is-style-rounded\"><figure class=\"alignleft is-resized\"><a href=\"https:\/\/www.bjcalarasi.ro\/?page_id=4213\" target=\"_blank\" rel=\"noreferrer noopener\"><img loading=\"lazy\" decoding=\"async\" src=\"https:\/\/www.bjcalarasi.ro\/wp-content\/uploads\/2019\/12\/Hanes-Petre.jpg\" alt=\"Hane\u0219 Petre V.\" class=\"wp-image-4214\" width=\"117\" height=\"144\"\/><\/a><figcaption><a href=\"https:\/\/www.bjcalarasi.ro\/?page_id=4213\" target=\"_blank\" rel=\"noreferrer noopener\" aria-label=\"Hane\u0219 Petre V. (se deschide \u00eentr-o fil\u0103 nou\u0103)\">Hane\u0219 Petre V.<\/a><\/figcaption><\/figure><\/div>\n\n\n\n<div class=\"wp-block-image is-style-rounded\"><figure class=\"alignleft is-resized\"><a href=\"https:\/\/www.bjcalarasi.ro\/?page_id=4219\" target=\"_blank\" rel=\"noreferrer noopener\"><img loading=\"lazy\" decoding=\"async\" src=\"https:\/\/www.bjcalarasi.ro\/wp-content\/uploads\/2019\/12\/Iliescu-Ion.jpg\" alt=\"Iliescu Ion\" class=\"wp-image-4220\" width=\"106\" height=\"144\"\/><\/a><figcaption><a href=\"https:\/\/www.bjcalarasi.ro\/?page_id=4219\" target=\"_blank\" rel=\"noreferrer noopener\" aria-label=\"Iliescu Ion (se deschide \u00eentr-o fil\u0103 nou\u0103)\">Iliescu Ion<\/a><\/figcaption><\/figure><\/div>\n\n\n\n<figure class=\"wp-block-image is-resized is-style-rounded\"><a href=\"https:\/\/www.bjcalarasi.ro\/?page_id=4223\" target=\"_blank\" rel=\"noreferrer noopener\"><img loading=\"lazy\" decoding=\"async\" src=\"https:\/\/www.bjcalarasi.ro\/wp-content\/uploads\/2019\/12\/Panait-Panait-I.jpg\" alt=\"Panait Panait I.\" class=\"wp-image-4224\" width=\"151\" height=\"144\"\/><\/a><figcaption><a href=\"https:\/\/www.bjcalarasi.ro\/?page_id=4223\" target=\"_blank\" rel=\"noreferrer noopener\" aria-label=\"Panait Panait I. (se deschide \u00eentr-o fil\u0103 nou\u0103)\">Panait Panait I.<\/a><\/figcaption><\/figure>\n","protected":false},"excerpt":{"rendered":"Alboiu George Anghelescu Ni\u021b\u0103 B\u0103nescu Nicolae P. B\u0103nic\u0103 (senior) \u0218tefan Cap\u0219a Liviu Cu\u021barida-Cr\u0103tunescu Maria Elefterescu Auel Ghinoiu Ion Hane\u0219 Petre V. Iliescu Ion Panait Panait I.","protected":false},"author":1,"featured_media":0,"parent":0,"menu_order":0,"comment_status":"closed","ping_status":"closed","template":"","meta":{"ngg_post_thumbnail":0,"footnotes":""},"class_list":["post-4149","page","type-page","status-publish","hentry"],"_links":{"self":[{"href":"https:\/\/www.bjcalarasi.ro\/index.php?rest_route=\/wp\/v2\/pages\/4149","targetHints":{"allow":["GET"]}}],"collection":[{"href":"https:\/\/www.bjcalarasi.ro\/index.php?rest_route=\/wp\/v2\/pages"}],"about":[{"href":"https:\/\/www.bjcalarasi.ro\/index.php?rest_route=\/wp\/v2\/types\/page"}],"author":[{"embeddable":true,"href":"https:\/\/www.bjcalarasi.ro\/index.php?rest_route=\/wp\/v2\/users\/1"}],"replies":[{"embeddable":true,"href":"https:\/\/www.bjcalarasi.ro\/index.php?rest_route=%2Fwp%2Fv2%2Fcomments&post=4149"}],"version-history":[{"count":30,"href":"https:\/\/www.bjcalarasi.ro\/index.php?rest_route=\/wp\/v2\/pages\/4149\/revisions"}],"predecessor-version":[{"id":4368,"href":"https:\/\/www.bjcalarasi.ro\/index.php?rest_route=\/wp\/v2\/pages\/4149\/revisions\/4368"}],"wp:attachment":[{"href":"https:\/\/www.bjcalarasi.ro\/index.php?rest_route=%2Fwp%2Fv2%2Fmedia&parent=4149"}],"curies":[{"name":"wp","href":"https:\/\/api.w.org\/{rel}","templated":true}]}}