{"id":4150,"date":"2019-12-12T11:09:26","date_gmt":"2019-12-12T09:09:26","guid":{"rendered":"https:\/\/www.bjcalarasi.ro\/?page_id=4150"},"modified":"2019-12-12T11:09:27","modified_gmt":"2019-12-12T09:09:27","slug":"alboiu-george","status":"publish","type":"page","link":"https:\/\/www.bjcalarasi.ro\/?page_id=4150","title":{"rendered":"Alboiu George"},"content":{"rendered":"\n<figure class=\"wp-block-image\"><img loading=\"lazy\" decoding=\"async\" width=\"124\" height=\"144\" src=\"https:\/\/www.bjcalarasi.ro\/wp-content\/uploads\/2019\/12\/Alboiu-George.png\" alt=\"\" class=\"wp-image-4151\"\/><\/figure>\n\n\n\n<p>ALBOIU, George (n\u0103scut la 6 iulie 1944, \u00een comuna Rose\u021bi, jude\u021bul Ialomi\u021ba \u2013 azi, jude\u021bul C\u0103l\u0103ra\u0219i).<\/p>\n\n\n\n<p><strong>Descriere:\n<\/strong>fiul lui Ion Alboiu \u0219i al Floric\u0103i (n\u0103scut\u0103\nDima), \u021b\u0103rani.<\/p>\n\n\n\n<p><strong>Studii:\n<\/strong>a studiat clasele\nprimare \u00een comuna Rose\u021bi, jude\u021bul C\u0103l\u0103ra\u0219i \u0219i apoi Liceul \u201dNicolae B\u0103lcescu\u201d\n(azi, \u201c\u0218tirbei-Vod\u0103\u201d) din C\u0103l\u0103ra\u0219i, pe care l-a absolvit \u00een anul 1963. \u00cen\nperioada 1964-1969 a urmat cursurile Facult\u0103\u021bii de Limba \u0219i Literatura Rom\u00e2n\u0103 a\nUniversit\u0103\u021bii din Bucure\u0219ti.<\/p>\n\n\n\n<p><strong>Profesia\/Ocupa\u021bia:\n<\/strong>redactor,<strong> <\/strong>poet,\nprozator.<\/p>\n\n\n\n<p><strong>Activitatea\nprofesional\u0103\/Func\u021bii:<\/strong> \u00eentre anii 1970-1972 a fost redactor la \u201d<em>Almanahul literar al Scriitorilor din\nRom\u00e2nia<\/em>\u201d, la \u201d<em>Almanahul literar al\nAsocia\u021biei Scriitorilor din Bucure\u0219ti<\/em>\u201d (1972-1990), consilier \u00een cadrul\nConsiliului Na\u021bional al Audiovizualului&nbsp;(1992\u20131994), membru fondator al\ncenaclului \u201d<em>George Dan<\/em>\u201d al Casei de\nCultur\u0103 din C\u0103l\u0103ra\u0219i,&nbsp; membru al Uniunii\nScriitorilor din Rom\u00e2nia (U.S.R.). \u00cen anul 1979 a fost distins cu Premiul<em> Asocia\u021biei Scriitorilor din\nBucure\u0219ti<\/em> pentru volumul <em>Poemele C\u00e2mpiei<\/em>. <\/p>\n\n\n\n<p><strong>Colabor\u0103ri\nla publica\u021bii:<\/strong> a debutat cu versuri \u00een revista\nbucure\u0219tean\u0103 \u201d<em>Luceaf\u0103rul<\/em>\u201d (1964), apoi a colaborat la\nrevistele:&nbsp; \u201d<em>Contemporanul<\/em>\u201d, \u201d<em>Luceaf\u0103rul<\/em>\u201d<em>, <\/em>\u201d<em>Rom\u00e2nia literar\u0103<\/em>\u201d<em>, <\/em>\u201d<em>Amfiteatrul<\/em>\u201d<em>,<\/em> \u201d<em>Rom\u00e2nia Mare<\/em>\u201d, \u201d<em>Via\u021ba rom\u00e2neasc\u0103<\/em>\u201d<em>, <\/em>\u201d<em>Tribuna<\/em>\u201d<em>, <\/em>\u201d<em>Amfiteatru<\/em>\u201d,<em> <\/em>\u201d<em>Convorbiri literare<\/em>\u201d<em>. <\/em><\/p>\n\n\n\n<p><strong>Opera: <\/strong><em>C\u00e2mpia etern\u0103,<\/em> Bucure\u0219ti, Editura pentru Literatur\u0103, debut editorial\n\u2013 1968; <em>Cel pierdut,<\/em> Bucure\u0219ti, Editura\npentru Literatur\u0103, 1969; <em>Edenul de\npiatr\u0103,<\/em> Bucure\u0219ti, Editura Cartea Rom\u00e2neasc\u0103, 1970; <em>Drumul sufletului<\/em>, Bucure\u0219ti, Editura Albatros, 1970; <em>Joc \u00een patru<\/em>, Bucure\u0219ti, Editura Ion\nCreang\u0103, 1970; <em>Gloria lacrimei<\/em>, Bucure\u0219ti,\nEditura Cartea Rom\u00e2neasc\u0103, 1971; <em>Cumplita\napoteoz\u0103<\/em>, Bucure\u0219ti, Editura\nCartea Rom\u00e2neasc\u0103, 1973; <em>St\u00e2lpi,<\/em>\nBucure\u0219ti, Editura Cartea Rom\u00e2neasc\u0103, 1974; <em>Poeme<\/em>,\nBucure\u0219ti, Editura Eminescu, 1975; <em>C\u00e2ntarea\nRom\u00e2niei<\/em>, Bucure\u0219ti, Editura Eminescu, 1977; <em>Poemele c\u00e2mpiei<\/em>, Bucure\u0219ti,&nbsp; Editura Cartea&nbsp; Rom\u00e2neasc\u0103, 1978; <em>Un poet printre critici<\/em>, Bucure\u0219ti,\nEditura Cartea&nbsp; Rom\u00e2neasc\u0103, 1979; <em>Aventura continu\u0103<\/em>, Bucure\u0219ti, Editura Eminescu, 1980; <em>Metoda \u0219oimului<\/em>, Bucure\u0219ti,\nEditura Cartea&nbsp; Rom\u00e2neasc\u0103, 1981; <em>C\u00e2mpia etern\u0103<\/em>, Bucure\u0219ti, Editura Cartea Rom\u00e2neasc\u0103, 1984 (reeditat\u0103); <em>Hora mic\u0103,<\/em> [s.l.], [s.n.], 1985; <em>Turnir<\/em>, Bucure\u0219ti, Editura Cartea\nRom\u00e2neasc\u0103, 1987; <em>Roata lumii: aforisme,\nproz\u0103 scurt\u0103<\/em>, Bucure\u0219ti, Editura\nCartea Rom\u00e2neasc\u0103, 1994; <em>C\u00e2mpia etern\u0103:\nantologie, <\/em>cu o\nprefa\u021b\u0103 semnat\u0103 de V. F. Mih\u0103escu, Bucure\u0219ti, [s.n], 2001 (reeditat\u0103\n\u00een 2002).<\/p>\n\n\n\n<p><strong>Referin\u021be critice: <\/strong>Gheorghe Grigurcu, <em>Teritoriu liric<\/em>, <a>Editura Eminescu,\nBucure\u0219ti<\/a>, 1972; Constantin St\u0103nescu, <em>Poe\u021bi \u0219i critici, <\/em>Editura Eminescu, Bucure\u0219ti, 1972; Ilie\nConstantin, <em>Despre poe\u021bi, <\/em>1971; idem, <em>A doua carte despre poe\u021bi, <\/em>1972;\nPetru Poant\u0103, <em>Modalit\u0103\u021bi lirice contemporane<\/em>, Editura Dacia, Cluj-Napoca, 1973; idem, <em>Radiografii, <\/em>I,\nEditura Dacia, Cluj-Napoca, 1978;\nEugen Simion, <em>Scriitori rom\u00e2ni de azi<\/em>, vol. I, Editura Cartea\nRom\u00e2neasc\u0103, Bucure\u0219ti, 1974; idem, edi\u021bia a II-a, rev\u0103zut\u0103 \u0219i completat\u0103,\nEditura Cartea Rom\u00e2neasc\u0103, 1978; Dan Cristea,<em> Un an de poezie, <\/em>Editura\nCartea Rom\u00e2neasc\u0103, Bucure\u0219ti,1974; Hristu C\u00e2ndroveanu, <em>Alfabet\nliric, <\/em>Editura Cartea Rom\u00e2neasc\u0103, Bucure\u0219ti, 1974; Al. Piru, <em>Poezia rom\u00e2neasc\u0103 contemporan\u0103. 1950-1975<\/em>, II, Editura Eminescu, Bucure\u0219ti,\n1975;Marin Mincu, <em>Poezie \u0219i genera\u021bie<\/em>, Editura Eminescu, Bucure\u0219ti, 1975; E. Barbu, <em>O istorie\npolemic\u0103 \u0219i antologic\u0103 a literaturii rom\u00e2ne de la origini p\u00een\u0103 \u00een prezent.\nPoezia rom\u00e2n\u0103 contemporan\u0103<\/em>,\nEditura Eminescu, Bucure\u0219ti, 1975; M. Ungheanu, <em>Arhipelag de semne<\/em>, Editura Cartea Rom\u00e2neasc\u0103,\nBucure\u0219ti, 1975; Mircea Iorgulescu, <em>Al doilea rond<\/em>, Bucure\u0219ti, 1976; Lucian Alexiu,<em> Ideografii\nlirice contemporane<\/em>, Editura\nFacla, Timi\u0219oara, 1977; M. Iorgulescu,<em> Scriitori tineri contemporani<\/em>, Editura Eminescu, Bucure\u0219ti, 1978;\nAlexandru Ruja,<em> Valori lirice actuale<\/em>, Editura Facla, Timi\u0219oara, 1979; Cornel Moraru, <em>Semnele realului<\/em>, Editura Eminescu, Bucure\u0219ti, 1981;\nGheorghe Grigurcu, <em>\u00centre critici<\/em>,\nEditura Dacia, Bucure\u0219ti, 1983; Al.Horia, \u00een <em>Luceaf\u0103rul, <\/em>nr.\n35, 1985; Lauren\u021biu Ulici, <em>Literatura rom\u00e2n\u0103 contemporan\u0103<\/em>, vol. I \u2013 <em>promo\u021bia 70<\/em>,\nEditura Eminescu, Bucure\u0219ti, 1995; Ion Pachia Tatomirescu, <em>Genera\u021bia\nresurec\u021biei poetice (1965 \u2013 1970)<\/em>, Editura Augusta, Timi\u0219oara, 2005.<\/p>\n\n\n\n<p><strong>Surse bibliografice<\/strong><strong>:<\/strong><\/p>\n\n\n\n<p><a>SASU, Aurel, <em>Dic\u021bionar Biografic\nal Literaturii Rom\u00e2ne (DBLR)<\/em>, vol. I (A-L), Editura Paralela 45, <\/a>Pite\u015fti, 2006, p. 19.<\/p>\n\n\n\n<p>TUDOR,\nConstantin, <em>Jude\u021bul C\u0103l\u0103ra\u0219i<\/em>, Editura \u201dP\u0103m\u00e2ntul\u201d, C\u0103l\u0103ra\u0219i, 1995, p. 119.<strong><\/strong><\/p>\n\n\n\n<p><a><strong>Surse\nwebsite<\/strong><\/a><strong>:<\/strong><\/p>\n\n\n\n<p><a href=\"https:\/\/ro.wikipedia.org\/wiki\/George_Alboiu\">https:\/\/ro.wikipedia.org\/wiki\/George_Alboiu<\/a><\/p>\n\n\n\n<figure class=\"wp-block-embed\"><div class=\"wp-block-embed__wrapper\">\nhttp:\/\/www.poezie.ro\/index.php\/author\/0017856\/index.html#bio\n<\/div><\/figure>\n\n\n\n<p><a href=\"https:\/\/www.artline.ro\/George-Alboiu-31096-1-n.html\">https:\/\/www.artline.ro\/George-Alboiu-31096-1-n.html<\/a><\/p>\n\n\n\n<p><strong>Sursa foto<\/strong><strong>: <\/strong>SASU, Aurel, <em>Dic\u021bionar Biografic al Literaturii Rom\u00e2ne (DBLR)<\/em>, vol. I (A-L),\nEditura Paralela 45, Pite\u015fti, 2006, p. 19.<\/p>\n","protected":false},"excerpt":{"rendered":"<p>ALBOIU, George (n\u0103scut la 6 iulie 1944, \u00een comuna Rose\u021bi, jude\u021bul Ialomi\u021ba \u2013 azi, jude\u021bul C\u0103l\u0103ra\u0219i). Descriere: fiul lui Ion Alboiu \u0219i al Floric\u0103i (n\u0103scut\u0103 Dima), \u021b\u0103rani. Studii: a studiat clasele primare \u00een comuna Rose\u021bi, jude\u021bul C\u0103l\u0103ra\u0219i \u0219i apoi Liceul \u201dNicolae B\u0103lcescu\u201d (azi, \u201c\u0218tirbei-Vod\u0103\u201d) din C\u0103l\u0103ra\u0219i, pe care l-a absolvit \u00een anul 1963. \u00cen perioada [&hellip;]<\/p>\n","protected":false},"author":1,"featured_media":0,"parent":0,"menu_order":0,"comment_status":"closed","ping_status":"closed","template":"","meta":{"ngg_post_thumbnail":0,"footnotes":""},"class_list":["post-4150","page","type-page","status-publish","hentry"],"_links":{"self":[{"href":"https:\/\/www.bjcalarasi.ro\/index.php?rest_route=\/wp\/v2\/pages\/4150","targetHints":{"allow":["GET"]}}],"collection":[{"href":"https:\/\/www.bjcalarasi.ro\/index.php?rest_route=\/wp\/v2\/pages"}],"about":[{"href":"https:\/\/www.bjcalarasi.ro\/index.php?rest_route=\/wp\/v2\/types\/page"}],"author":[{"embeddable":true,"href":"https:\/\/www.bjcalarasi.ro\/index.php?rest_route=\/wp\/v2\/users\/1"}],"replies":[{"embeddable":true,"href":"https:\/\/www.bjcalarasi.ro\/index.php?rest_route=%2Fwp%2Fv2%2Fcomments&post=4150"}],"version-history":[{"count":2,"href":"https:\/\/www.bjcalarasi.ro\/index.php?rest_route=\/wp\/v2\/pages\/4150\/revisions"}],"predecessor-version":[{"id":4153,"href":"https:\/\/www.bjcalarasi.ro\/index.php?rest_route=\/wp\/v2\/pages\/4150\/revisions\/4153"}],"wp:attachment":[{"href":"https:\/\/www.bjcalarasi.ro\/index.php?rest_route=%2Fwp%2Fv2%2Fmedia&parent=4150"}],"curies":[{"name":"wp","href":"https:\/\/api.w.org\/{rel}","templated":true}]}}