{"id":4182,"date":"2019-12-12T12:19:22","date_gmt":"2019-12-12T10:19:22","guid":{"rendered":"https:\/\/www.bjcalarasi.ro\/?page_id=4182"},"modified":"2019-12-12T12:21:41","modified_gmt":"2019-12-12T10:21:41","slug":"banica-senior-stefan","status":"publish","type":"page","link":"https:\/\/www.bjcalarasi.ro\/?page_id=4182","title":{"rendered":"B\u0103nic\u0103 (senior) \u0218tefan"},"content":{"rendered":"\n<figure class=\"wp-block-image\"><img loading=\"lazy\" decoding=\"async\" width=\"330\" height=\"421\" src=\"https:\/\/www.bjcalarasi.ro\/wp-content\/uploads\/2019\/12\/Banica-Stefan.jpg\" alt=\"\" class=\"wp-image-4184\" srcset=\"https:\/\/www.bjcalarasi.ro\/wp-content\/uploads\/2019\/12\/Banica-Stefan.jpg 330w, https:\/\/www.bjcalarasi.ro\/wp-content\/uploads\/2019\/12\/Banica-Stefan-235x300.jpg 235w\" sizes=\"auto, (max-width: 330px) 100vw, 330px\" \/><\/figure>\n\n\n\n<p>B\u0102NIC\u0102 (senior), \u0218tefan (n\u0103scut la 11 noiembrie 1933, \u00een C\u0103l\u0103ra\u0219i \u0219i decedat la 26 mai 1995, \u00een Bucure\u0219ti)<\/p>\n\n\n\n<p><strong>Descriere:\n<\/strong>\u0218tefan\nB\u0103nic\u0103 Senior r\u0103m\u00e2ne unul dintre cei mai talenta\u021bi arti\u0219ti ai Rom\u00e2niei. A v\u0103zut\nlumina zilei \u00een B\u0103r\u0103gan, \u00eentr-o c\u0103su\u021b\u0103 modest\u0103 din t\u00e2rgul de pe malul Borcei.\nLocuin\u021ba exist\u0103 \u0219i ast\u0103zi la C\u0103l\u0103ra\u0219i, \u00eens\u0103 aproape nimeni nu \u0219tie c\u0103 acolo s-a\nn\u0103scut \u0218tefan B\u0103nic\u0103 Senior. <\/p>\n\n\n\n<figure class=\"wp-block-image\"><img loading=\"lazy\" decoding=\"async\" width=\"646\" height=\"404\" src=\"https:\/\/www.bjcalarasi.ro\/wp-content\/uploads\/2019\/12\/Casa-Stefan-Banica.jpg\" alt=\"\" class=\"wp-image-4183\" srcset=\"https:\/\/www.bjcalarasi.ro\/wp-content\/uploads\/2019\/12\/Casa-Stefan-Banica.jpg 646w, https:\/\/www.bjcalarasi.ro\/wp-content\/uploads\/2019\/12\/Casa-Stefan-Banica-300x188.jpg 300w\" sizes=\"auto, (max-width: 646px) 100vw, 646px\" \/><\/figure>\n\n\n\n<p>Casa \u00een care\ns-a n\u0103scut \u015etefan B\u0103nic\u0103 senior se afl\u0103 pe strada Pompierilor Foto:<a href=\"https:\/\/adevarul.ro\/assets\/adevarul.ro\/MRImage\/2015\/02\/19\/54e5e0a7448e03c0fdc62991\/646x404.jpg\">https:\/\/adevarul.ro\/assets\/adevarul.ro\/MRImage\/2015\/02\/19\/54e5e0a7448e03c0fdc62991\/646&#215;404.jpg<\/a><\/p>\n\n\n\n<p>Nimeni din familia actorului nu mai tr\u0103ie\u0219te \u00een ora\u0219,\niar locuin\u021ba a fost v\u00e2ndut\u0103 de mai multe ori, dup\u0103 ce familia B\u0103nic\u0103 s-a mutat\nla Bucure\u0219ti. \u00cen semn de cinstire, c\u0103l\u0103r\u0103\u0219enii i-au ridicat un frumos bust \u00een\nora\u0219, iar pe peretele casei \u00een care s-a n\u0103scut a fost amplasat\u0103 o plac\u0103\ncomemorativ\u0103, ambele dezvelite \u00een prezen\u021ba lui \u0218tefan B\u0103nic\u0103 Jr. De asemenea,\nanual, la C\u0103l\u0103ra\u0219i se desf\u0103\u0219oar\u0103 Festivalul teatrelor de amatori \u201d\u0218tefan B\u0103nic\u0103\u201d.\nO strad\u0103 din cartierul Livada din ora\u0219 poart\u0103 numele marelui actor.<\/p>\n\n\n\n<p>A fost fiul l\u0103utarului Dr\u0103gan\nConstandache B\u0103nic\u0103, \u0218tefan Constantin B\u0103nic\u0103, pe numele s\u0103u \u00eentreg, s-a n\u0103scut\nla 11 noiembrie la C\u0103l\u0103ra\u0219i. Familia artistului s-a mutat la Bucure\u0219ti, iar\ncopilul B\u0103nic\u0103, av\u00e2nd \u00eenclina\u021bii artistice, a c\u00e2ntat \u00een corul de copii de la\nradio, a jucat \u00een spectacole de teatru pentru \u0219colari. <\/p>\n\n\n\n<p>Pe scena Teatrului Bulandra a\nevoluat al\u0103turi de mari nume ale scenei rom\u00e2ne\u0219ti. Opera sa e savurat\u0103 oric\u00e2nd,\nindiferent de v\u00e2rst\u0103, fie c\u0103 vorbim de vreo pies\u0103 de teatru, film sau melodie.\nA jucat milioane de roluri, dar cele mai spectaculoase au fost rolurile al\u0103turi\nde Stela Popescu cu care a\nrealizat un cuplu comic \u00een spectacolele de revist\u0103 \u0219i divertisment la\nteleviziune.<\/p>\n\n\n\n<p>Prietenii \u00eel descriau ca pe un tip\nmolipsitor, era capabil s\u0103 interpreteze orice rol nu numai c\u0103 juca pe scena de\nteatru sau f\u0103cea spectacol pe platoul de filmare, dar era \u0219i un talentat\nc\u00e2nt\u0103re\u021b. <\/p>\n\n\n\n<p>Sanda Vlad-Liteanu\neste femeia care l-a f\u0103cut tat\u0103 pentru prima dat\u0103. Jurnalist\u0103 de profesie (la\nziarul \u201dAgerpres\u201d, Bucure\u0219ti), Sanda \u0219i \u0218tefan B\u0103nic\u0103 l-au adus pe lume pe \u0218tefan\nB\u0103nic\u0103 Junior pe data de 18 octombrie 1967, care i-a urmat cariera at\u00e2t \u00een\nactorie, dar mai ales \u00een muzic\u0103.<\/p>\n\n\n\n<p>Din nefericire, povestea lor de\ndragoste s-a terminat \u00eenc\u0103 de c\u00e2nd juniorul era doar un copil. \u0218tefan a r\u0103mas\nal\u0103turi de mama lui. A fost crescut de bunici, iar tat\u0103l s\u0103u \u0219i-a ref\u0103cut via\u021ba\nal\u0103turi de o alt\u0103 femeie cu care a avut un al doilea b\u0103iat: Alexandru B\u0103nic\u0103,\ncare a murit, \u00een 2000, \u00een urma unui accident de circula\u021bie. <\/p>\n\n\n\n<p>Cea mai neagr\u0103 zi din via\u021ba lui \u0218tefan\nB\u0103nic\u0103 Junior r\u0103m\u00e2ne 27 mai 1995, ziua \u00een care tat\u0103l s\u0103u a urcat la ceruri.<\/p>\n\n\n\n<p>Marele artist \u00ee\u0219i doarme somnul de\nveci \u00eentr-un col\u021b al cimitirului Re\u00eenvierea din Capital\u0103. La morm\u00e2ntul cochet,\ndin marmur\u0103 alb\u0103, \u0218tefan B\u0103nic\u0103 Junior merge an de an s\u0103 \u00eei aprind\u0103 o lum\u00e2nare\ntat\u0103lui s\u0103u. <\/p>\n\n\n\n<p><strong>Studii:<\/strong> urmeaz\u0103 cursurile primare, liceale \u0219i\nI.A.T.C.-ul la Bucure\u015fti; a absolvit Institutul de Teatru din\nCapital\u0103 \u00een 1955 \u015fi, \u00een timpul studen\u021biei, f\u0103cea figura\u021bie la teatrele bucure\u0219tene.\nTalentul actoricesc al lui \u0218tefan B\u0103nic\u0103 a fost remarcat de marele actor Radu\nBeligan. <\/p>\n\n\n\n<p><strong>Profesia\/Ocupa\u021bia:\n<\/strong>actor de teatru \u0219i\nfilm, c\u00e2nt\u0103re\u021b.<\/p>\n\n\n\n<p><strong>Activitatea\nprofesional\u0103\/Func\u021bii: <\/strong>a jucat pe\nscenele teatrelor din Gala\u0163i, Ploie\u015fti&nbsp;\u0219i Bucure\u015fti (Teatrul Giule\u015fti);\nautor al multora din textele umoristice pe care le-a prezentat cu succes pe\nscen\u0103; \u00een repetate r\u00e2nduri a sus\u0163inut spectacole \u0219i \u00een ora\u0219ul natal. <\/p>\n\n\n\n<p><strong>Filmografie:<\/strong> \u201dDincolo de\nbarier\u0103\u201d (1965, <a>regizat de Francis Munteanu<\/a>),&nbsp;\u201dGolgota\u201d (1966, regizat de Mircea Dr\u0103gan),&nbsp;\u201dHaiducii\u201d (1966, regizat de Dinu Cocea),&nbsp; \u201d\u00cempu\u0219c\u0103turi pe portativ\u201d (1967, regizat de\nCezar Grigoriu),&nbsp;\u201dTunelul\u201d (1967, regizat de Francis\nMunteanu),&nbsp;\u201d\u0218eful sectorului\nsuflete\u201d (1967, regizat de\nGheorghe Vitanidis),&nbsp;\u201dVin cicli\u0219tii\u201d (1968, regizat de\nAurel Miheles),&nbsp;\u201dZile de var\u0103\u201d (1968, regizat de Ion Ni\u021b\u0103),&nbsp;\u201dBrigada Diverse\nintr\u0103 \u00een ac\u021biune\u201d (1970, regizat de\nMircea Dr\u0103gan),&nbsp;\u201dC\u00eentecele m\u0103rii\u201d (1971, regizat de Francis\nMunteanu),&nbsp;\u201dBrigada Diverse \u00een\nalert\u0103! \u201d (1971, regizat de\nMircea Dr\u0103gan),&nbsp;\u201dProprietarii\u201d (1973, regizat de \u0218erban Creang\u0103),&nbsp;\u201dP\u0103cal\u0103\u201d (1974, regizat de\nGeo Saizescu),&nbsp;\u201dFair Play\u201d (1977, regizat de Alexandru Danciu Szatmari),&nbsp;\u201dCianura \u0219i pic\u0103tura de ploaie\u201d (1978, regizat de\nManole Marcus),&nbsp;\u201dSeptembrie\u201d (1978, regizat de Timotei Ursu),&nbsp;\u201dSingur printre prieteni\u201d (1979, regizat de\nCornel Todea),&nbsp;\u201dNea M\u0103rin\nmiliardar\u201d (1979, regizat de\nSergiu Nicolaescu),&nbsp;\u201dDe ce trag\nclopotele, Mitic\u0103? \u201d (1982, regizat de\nLucian Pintilie),&nbsp;\u201dO scrisoare\npierdut\u0103\u201d (spectacol TV,\n1982, regizat de Liviu Ciulei),&nbsp;\u201dHarababura\u201d (1990, regizat de Geo Saizescu),&nbsp;\u201dCel mai iubit dintre p\u0103m\u00e2nteni\u201d (1993, regizat de\n\u0218erban Marinescu).<\/p>\n\n\n\n<p><a><strong>Opera: <\/strong><\/a>a publicat\nlucrarea <em>Dac\u0103 v\u0103 place fizicul meu atunci\n<\/em>&#8230; \u00een: <em>Hipocrate se amuz\u0103<\/em>,\nantologie de George M. Gheorghe, Editura medical\u0103, 1980. <\/p>\n\n\n\n<p><strong>Premii\n(Distinc\u021bii):<\/strong> Cet\u0103\u021bean\nde Onoare post-mortem al Municipiului C\u0103l\u0103ra\u0219i, conform\nH.C.L. nr. 68\/1995.<\/p>\n\n\n\n<p><strong>Activitatea artistic\u0103: <\/strong>piese muzicale: printre cele mai celebre piese\nmuzicale interpretate se num\u0103r\u0103: \u201d<em>\u00cemi\nacorda\u021bi un dans<\/em>\u201d, \u201d<em>Cum am ajuns s\u0103\nte iubesc?<\/em>\u201d (1967), \u201d<em>Gioconda se\nm\u0103rit\u0103<\/em>\u201d, \u201d<em>Hei, co\u0219ar, co\u0219ar<\/em>\u201d \u0219i \u201d<em>Ast\u0103 sear\u0103 m\u0103 fac praf<\/em>\u201d. <strong><\/strong><\/p>\n\n\n\n<p><strong>Surse\nbibliografice<\/strong><strong>:<\/strong><\/p>\n\n\n\n<p>CORCICOVESCU, Cristina, R\u00c2PEANU,\nBujor T., <em>1234 cinea\u015fti rom\u00e2ni<\/em>,\nEditura \u0218tiin\u021bific\u0103, Bucure\u015fti, 1996, p. 32.<\/p>\n\n\n\n<p>TUDOR, Constantin, <em>Jude\u021bul C\u0103l\u0103ra\u0219i<\/em>, Editura\n\u201dP\u0103m\u00e2ntul\u201d, C\u0103l\u0103ra\u0219i, 1995, p. 122.<\/p>\n\n\n\n<p>\u0162AR\u0102LUNG\u0102, Ecaterina, <a href=\"https:\/\/archive.org\/stream\/EnciclopediaIdentitatiiRomanesti.Personalitati#page\/n9\/mode\/2up\"><em>Enciclopedia identit\u0103\u021bii rom\u00e2ne\u0219ti<\/em><\/a><em>.\nPersonalit\u0103\u0163i<\/em>, Editura\nLitera, Bucure\u0219ti, 2011, p. 79.<\/p>\n\n\n\n<p>SC\u0102UNA\u0218,\nNicolae, <em>Municipiul C\u0103l\u0103ra\u015fi \u00een\nliteratur\u0103 (Antologia personalit\u0103\u0163ilor \u015fi textelor literare legate de\nmunicipiul C\u0103l\u0103ra\u015fi)<\/em>, vol. II,&nbsp; [s.n.], [C\u0103l\u0103ra\u015fi],&nbsp; [2005], pp. 21.<\/p>\n\n\n\n<p>MUNCACIU,\nIleana, \u201dTeatrul Magazine\u201d, XXX, nr. 9, September 1985, back cover (<a href=\"http:\/\/www.cimec.ro\/teatre\/revista\/1985\/Nr.9.anul.XXX.septembrie.1985\/originalimages\/19043.1985.09.coperta2.jpg\">http:\/\/www.cimec.ro\/teatre\/revista\/1985\/Nr.9.anul.XXX.septembrie.1985\/originalimages\/19043.1985.09.coperta2.jpg<\/a>)<\/p>\n\n\n\n<p><a><strong>Surse\nwebsite<\/strong><\/a><strong>:<\/strong><\/p>\n\n\n\n<p><a href=\"https:\/\/www.ro.biography.name\/actori\/112-romania\/527-stefan-banica-sr-1933-1995%20(15\">https:\/\/www.ro.biography.name\/actori\/112-romania\/527-stefan-banica-sr-1933-1995\n(15<\/a> februarie 2015, articol scris de\nIonu\u021b Vornicu \u0219i postat \u00een \u201dActori din Rom\u00e2nia\u201d)<\/p>\n\n\n\n<p><a href=\"https:\/\/en.wikipedia.org\/wiki\/%C8%98tefan_B%C4%83nic%C4%83_Sr\">https:\/\/en.wikipedia.org\/wiki\/%C8%98tefan_B%C4%83nic%C4%83_Sr<\/a><\/p>\n\n\n\n<p><a href=\"https:\/\/adevarul.ro\/locale\/calarasi\/Stefan-banica-senior-vazut-lumina-zilei-calarasi-arata-casa-s-a-nascut-marele-artist-1_54e5de22448e03c0fdc6165a\/index.html\">https:\/\/adevarul.ro\/locale\/calarasi\/Stefan-banica-senior-vazut-lumina-zilei-calarasi-arata-casa-s-a-nascut-marele-artist-1_54e5de22448e03c0fdc6165a\/index.html<\/a> (3 martie 2015,\narticol scris de Ionela St\u0103nil\u0103)<\/p>\n\n\n\n<p><a href=\"https:\/\/okmagazine.ro\/uite-cum-arata-acum-mama-lui-stefan-banica-jr-video\/a18584736\">https:\/\/okmagazine.ro\/uite-cum-arata-acum-mama-lui-stefan-banica-jr-video\/a18584736<\/a><\/p>\n\n\n\n<p><a href=\"http:\/\/www.primariacalarasi.ro\/index.php\/despre-calarasi\/galeria-cetatenilor-de-onoare\">http:\/\/www.primariacalarasi.ro\/index.php\/despre-calarasi\/galeria-cetatenilor-de-onoare<\/a><\/p>\n\n\n\n<p><strong>Sursa foto<\/strong><strong>:<\/strong> <a href=\"https:\/\/www.google.ro\/url?sa=i&amp;rct=j&amp;q=&amp;esrc=s&amp;source=images&amp;cd=&amp;ved=2ahUKEwjV4LmVl-jhAhXQsaQKHb7zAIIQjRx6BAgBEAU&amp;url=https%3A%2F%2Fwww.dcnews.ro%2F23-de-ani-fara-fane-incurca-lume-tefan-banica-senior-sunt-un-biet-natang-mama-so-ia-copiii-sunt-painea-mea_601295.html&amp;psig=AOvVaw37tqYP72_7qWAAqNhc3bDy&amp;ust=1556176427835571\">https:\/\/www.google.ro\/url?sa<\/a><\/p>\n","protected":false},"excerpt":{"rendered":"<p>B\u0102NIC\u0102 (senior), \u0218tefan (n\u0103scut la 11 noiembrie 1933, \u00een C\u0103l\u0103ra\u0219i \u0219i decedat la 26 mai 1995, \u00een Bucure\u0219ti) Descriere: \u0218tefan B\u0103nic\u0103 Senior r\u0103m\u00e2ne unul dintre cei mai talenta\u021bi arti\u0219ti ai Rom\u00e2niei. A v\u0103zut lumina zilei \u00een B\u0103r\u0103gan, \u00eentr-o c\u0103su\u021b\u0103 modest\u0103 din t\u00e2rgul de pe malul Borcei. Locuin\u021ba exist\u0103 \u0219i ast\u0103zi la C\u0103l\u0103ra\u0219i, \u00eens\u0103 aproape nimeni [&hellip;]<\/p>\n","protected":false},"author":1,"featured_media":0,"parent":0,"menu_order":0,"comment_status":"closed","ping_status":"closed","template":"","meta":{"ngg_post_thumbnail":0,"footnotes":""},"class_list":["post-4182","page","type-page","status-publish","hentry"],"_links":{"self":[{"href":"https:\/\/www.bjcalarasi.ro\/index.php?rest_route=\/wp\/v2\/pages\/4182","targetHints":{"allow":["GET"]}}],"collection":[{"href":"https:\/\/www.bjcalarasi.ro\/index.php?rest_route=\/wp\/v2\/pages"}],"about":[{"href":"https:\/\/www.bjcalarasi.ro\/index.php?rest_route=\/wp\/v2\/types\/page"}],"author":[{"embeddable":true,"href":"https:\/\/www.bjcalarasi.ro\/index.php?rest_route=\/wp\/v2\/users\/1"}],"replies":[{"embeddable":true,"href":"https:\/\/www.bjcalarasi.ro\/index.php?rest_route=%2Fwp%2Fv2%2Fcomments&post=4182"}],"version-history":[{"count":2,"href":"https:\/\/www.bjcalarasi.ro\/index.php?rest_route=\/wp\/v2\/pages\/4182\/revisions"}],"predecessor-version":[{"id":4187,"href":"https:\/\/www.bjcalarasi.ro\/index.php?rest_route=\/wp\/v2\/pages\/4182\/revisions\/4187"}],"wp:attachment":[{"href":"https:\/\/www.bjcalarasi.ro\/index.php?rest_route=%2Fwp%2Fv2%2Fmedia&parent=4182"}],"curies":[{"name":"wp","href":"https:\/\/api.w.org\/{rel}","templated":true}]}}