{"id":4188,"date":"2019-12-12T12:24:04","date_gmt":"2019-12-12T10:24:04","guid":{"rendered":"https:\/\/www.bjcalarasi.ro\/?page_id=4188"},"modified":"2019-12-12T12:24:06","modified_gmt":"2019-12-12T10:24:06","slug":"capsa-liviu","status":"publish","type":"page","link":"https:\/\/www.bjcalarasi.ro\/?page_id=4188","title":{"rendered":"Cap\u0219a Liviu"},"content":{"rendered":"\n<figure class=\"wp-block-image\"><img loading=\"lazy\" decoding=\"async\" width=\"231\" height=\"218\" src=\"https:\/\/www.bjcalarasi.ro\/wp-content\/uploads\/2019\/12\/Capsa-Liviu.jpg\" alt=\"\" class=\"wp-image-4190\"\/><\/figure>\n\n\n\n<p>CAP\u0218A, Liviu (n\u0103scut la 16 august 1954, \u00een comuna Span\u0163ov, jude\u0163ul C\u0103l\u0103ra\u015fi)<\/p>\n\n\n\n<p><strong>Descriere:<\/strong> este fiul lui Sava Cap\u015fa &#8211; inginer\nagronom \u015fi al Mariei (n\u0103scut\u0103 Semaco).<\/p>\n\n\n\n<p>Dup\u0103 un deceniu de la debutul \u00een\npres\u0103, Cap\u015fa \u015fi-a adunat \u00eentr-o carte, <em>Hipodromul cailor de mare <\/em>(1993),\no prim\u0103 serie de \u201eparodii literare\u201d. Spirit ludic, ironic \u015fi sentimental,\nautorul realizeaz\u0103 \u201eparodii\u201d \u00een \u00een\u0163elesul etimologic al termenului, adic\u0103 un\ngen de replici \u00een tehnica, stilul, imagistica poetului avut \u00een vedere. A\u015fa\n\u00eenc\u00e2t noile \u201epartituri\u201d evoc\u0103 modelele de la care au plecat, asemenea unei\ninterpret\u0103ri actorice\u015fti adecvate rolului asumat (repartizat), dar cu accentul\npersonal necesar \u015fi firesc.<\/p>\n\n\n\n<p>\u201eParodia\u201d devine, astfel, adeseori,\nun mod, indirect, al propriei expresii lirice, pe o palet\u0103 larg\u0103, de la\ninflexiunea satiric\u0103 la aceea fantezist\u0103 sau, chiar, elegiac\u0103. Poetul se\nraporteaz\u0103 \u00een manier\u0103 original\u0103, printr-o lectur\u0103 artistic\u0103, la poezia\nrom\u00e2neasc\u0103 de azi, lu\u00e2nd \u00een vizor nume ca Romulus Vulpescu, Nina Cassian, Gheorghe\nGrigurcu, Emil Brumam, Cezar Baltag, Mircea Ciobanu, Horia B\u0103descu, Mircea\nC\u0103rt\u0103rescu, Adrian Popescu.<\/p>\n\n\n\n<p>\u00cenc\u0103 dou\u0103 serii de parodii, <em>Parodii\noptzeciste <\/em>(2000) \u015fi <em>Noi parodii optzeciste <\/em>(2001), au \u00een vedere\npoe\u0163i congeneri, de la Viorel Mure\u015fan, Ion Cristofor \u015fi Gheorghe Iova la Traian\n\u015etef \u015fi Dumitru Chioaru. Dar Cap\u015fa se manifest\u0103 \u015fi ca un liric original, un\nelegiac a c\u0103rui melancolie este filtrat\u0103 printr-o fin\u0103 sit\u0103 ironic\u0103, \u00een <em>Victoria\ncotidian\u0103 <\/em>(1994) \u015fi <em>Mesaje pe robot <\/em>(1999). Nu lipsesc din \u00eenscen\u0103rile\nsale lirice, fie \u015fi \u00een formul\u0103 aluziv\u0103, accentele tragismului, ca \u00een poemul <em>\u00centr-o\nbun\u0103 zi. <\/em><\/p>\n\n\n\n<p>Cap\u015fa scrie, de asemenea, versuri\npentru copii. Dezinvoltura prozodic\u0103 \u015fi capacitatea de a se copil\u0103ri,\nincursiunea \u00een lumea basmului \u015fi a f\u0103pturilor m\u0103runte sunt tr\u0103s\u0103turile care\nindividualizeaz\u0103 culegerile <em>O fantastic\u0103 p\u0103dure <\/em>(1995), <em>Poezii din\nlumea basmelor <\/em>(1997) \u015fi <em>Animale combinate adunate \u00eentr-o carte <\/em>(1998).\nNotele de c\u0103l\u0103torie adunate sub titlul <em>Evadarea din vis <\/em>(1997) au\ncaracterul unor crochiuri, care consemneaz\u0103 lapidar imagini \u015fi impresii din\nspa\u0163iul european.<\/p>\n\n\n\n<p><strong>Studii:<\/strong> a frecventat \u0218coala primar\u0103,\ngimnaziul \u015fi liceul \u00een Olteni\u0163a (Liceul teoretic \u201dNeagoe\nBasarab\u201d), iar \u00eentre 1976 \u015fi 1981 cursurile Facult\u0103\u0163ii de Drept\ndin Bucure\u015fti, absolvit\u0103 \u00een 1982.<\/p>\n\n\n\n<p><strong>Profesia\/Ocupa\u021bia:<\/strong> jurist, poet\n\u015fi publicist.<\/p>\n\n\n\n<p><strong>Activitatea\nprofesional\u0103\/Func\u021bii:<\/strong> jurist de profesie, a lucrat \u00een\ncalitate de consilier juridic la Cooperativa Me\u0219te\u0219ug\u0103reasc\u0103 Olteni\u0163a\n(1983-1987) \u0219i la Prim\u0103ria ora\u0219ului Olteni\u021ba (1987-1993); din 1993 a acceptat\npostul de consilier la Inspectoratul pentru Cultur\u0103 din jude\u0163ul C\u0103l\u0103ra\u015fi\n(1993-2001), renun\u0163\u00e2nd la activitatea juridic\u0103; a fost consilier teritorial al\nDJCCPCN C\u0103l\u0103ra\u015fi (zona Olteni\u0163a) \u0219i consilier la S.C.Agro Chirnogi (2001-2003);\nredactor-\u015fef al s\u0103pt\u0103m\u00e2nalului \u201cJurnalul de Olteni\u0163a\u201d, corespondent teritorial\nal publica\u0163iei jude\u0163ene \u201cP\u0103m\u00e2ntul\u201d, realizator al suplimentului literar\n\u201cArcadia\u201d. <\/p>\n\n\n\n<p>Este\nmembru al Uniunii\nScriitorilor din Rom\u00e2nia \u2013 Filiala Pite\u0219ti.<\/p>\n\n\n\n<p><strong>Colabor\u0103ri\nla publica\u021bii:<\/strong> a debutat \u00een publicistic\u0103 \u00een \u201dFlac\u0103ra\u201d (1975);\u00een anul 1983 debuteaz\u0103 cu\nun grupaj de versuri tip\u0103rit \u00een revista \u201cLuceaf\u0103rul\u201d \u015fi cu un altul, aproape\nsimultan, \u00een \u201cFlac\u0103ra\u201d; colaboreaz\u0103, \u00een special dup\u0103 1990, cu versuri, eseuri,\nreportaje, recenzii, consemn\u0103ri, note de c\u0103l\u0103torie, interviuri, la: \u201cCalende\u201d,\n\u201cTomis\u201d, \u201cConvorbiri literare\u201d, \u201cLuceaf\u0103rul\u201d,&nbsp;\n\u201cAmphion\u201d, \u201dOrizont civic\u201d, \u201dAccent\u201d, \u201dTineretul liber\u201d, \u201dSud\u201d, \u201dLiteratur\u0103\n\u015fi art\u0103\u201d (Chi\u015fin\u0103u).&nbsp; Este membru al\nUniunii Scriitorilor din 1997 \u015fi al Asocia\u0163iei Scriitorilor din Bucure\u015fti \u2013\nSec\u0163ia Poezie (1997).&nbsp; <\/p>\n\n\n\n<p><a><strong>Opera:<\/strong><\/a><em> <\/em><em>Hipodromul\ncailor de mare<\/em>, Editura\nCalende, Pite\u015fti,1993; <em>Victoria cotidian\u0103<\/em>,\nEditura Calende, Pite\u015fti, 1994; <em>Noi,\nsudi\u015ftii,<\/em> (\u00een colaborare), Editura Calende, Pite\u015fti, 1995; <em>O fantastic\u0103 p\u0103dure<\/em>, [Editura Marconi], C\u0103l\u0103ra\u015fi,\n1995; <em>Evadarea din vis,<\/em> Editura\nAgora, C\u0103l\u0103ra\u015fi, 1997; <em>Poezii din lumea <\/em>basmelor,\nEditura Agora, C\u0103l\u0103ra\u015fi, 1997; <em>Animale\ncombinate adunate \u00eentr-o <\/em>carte, Editura Agora, C\u0103l\u0103ra\u015fi, 1998; <em>Mesaje pe <\/em>robot, Editura Cartea\nRom\u00e2neasc\u0103, Bucure\u015fti, 1999; <em>Parodii\noptzeciste<\/em>, Editura Paralela 45, Pite\u015fti, 2000; <em>Balcania, mon amour<\/em>, Editura Agora, C\u0103l\u0103ra\u015fi, 2001; <em>Noi parodii optzeciste<\/em>, Editura Paralela\n45, Pite\u015fti, 2001; <em>Sinucidere cu\ncrini:&nbsp; poeme de amor<\/em>, Editura Cartea\nRom\u00e2neasc\u0103, Bucure\u015fti, 2002; <em>Sens\ninterzis<\/em>, Editura Cartea\nRom\u00e2neasc\u0103, Bucure\u015fti, 2003; <em>Muzeul parodiilor de cear\u0103: (Antologie\n1993-2001)<\/em>, Editura Paralela 45, [Pite\u015fti], [2005], <em>La bun\u0103 dispozi\u0163ia dumneavoastr\u0103: parodii dup\u0103 Dinescu<\/em>, Editura\nVinea, Bucure\u015fti 2009; <em>Raiul ascuns<\/em>,\nEditura Limes, Cluj Napoca, 2010; <em>Un\nco\u015far la Paris<\/em>, Editura Tracus Arte, Bucure\u015fti, 2012; volumul\nde poeme <em>M\u0103\u0219ti vene\u021biene<\/em>, Editura\nTimpul, Ia\u0219i, 2015.<\/p>\n\n\n\n<p><strong>Premii\n<\/strong><strong>(Distinc\u021bii): <\/strong>Premiul pentru poezie acordat de Uniunea Scriitorilor din Rom\u00e2nia\n(Filiala Pite\u0219ti, 2010).<\/p>\n\n\n\n<p><a><strong>Referin\u021be\ncritice:<\/strong><\/a> D. Tudorovici, \u00een \u201dContemporanul\u201d,nr. 51-52, 1993; G. Grigore, \u00een \u201dCalende\u201d,nr. 1, 1994; Alex.\n\u015etef\u0103nescu, \u00een \u201dRom\u00e2nia literar\u0103\u201d<em>, <\/em>nr. 45, 2000; H.\nG\u00e2rbea, \u00een \u201dLuceaf\u0103rul\u201d,nr.\n36, 2000; I. Ro\u015fioru, \u00een \u201dTomis\u201d,nr.\n2, 2000; Catrinel Popa, \u00een \u201dObservator\ncultural\u201d, nr. 39, 2000; Dan Cristea, Gabriel Chifu \u0219i Marian Dr\u0103ghici\nau vorbit despre volumul <em>M\u0103\u0219ti vene\u021biene<\/em>,\nlansat\u0103 la Olteni\u021ba (2015).<\/p>\n\n\n\n<p><strong>Surse bibliografice<\/strong><strong>:<\/strong><\/p>\n\n\n\n<p><a>SASU, Aurel, <em>Dic\u021bionar Biografic al Literaturii Rom\u00e2ne (DBLR)<\/em>, vol. I (A-L),\nEditura Paralela 45,<\/a> Pite\u015fti , 2006, p. 262.<\/p>\n\n\n\n<p>TUDOR, Constantin, <em>Jude\u021bul C\u0103l\u0103ra\u0219i<\/em>, Editura\n\u201dP\u0103m\u00e2ntul\u201d, C\u0103l\u0103ra\u0219i, 1995, p. 127.<\/p>\n\n\n\n<p>SC\u0102UNA\u0218,\nNicolae, <em>Municipiul C\u0103l\u0103ra\u015fi \u00een\nliteratur\u0103 (Antologia personalit\u0103\u0163ilor \u015fi textelor literare legate de\nmunicipiul C\u0103l\u0103ra\u015fi)<\/em>, vol. II,&nbsp; [s.n.], [C\u0103l\u0103ra\u015fi],&nbsp; [2005], pp. 30-31.<strong><\/strong><\/p>\n\n\n\n<p>Revista \u201dLimba rom\u00e2n\u0103\u201d,\nnr. 11, 1999, Chi\u015fin\u0103u, p. 33.<\/p>\n\n\n\n<p><em>Dic\u021bionarul General al Literaturii Rom\u00e2ne<\/em>, vol. 2: C-D, Editura Univers Enciclopedic, Bucure\u015fti, 2004, p. 53.<\/p>\n\n\n\n<p>\u015eTEF\u0102NESCU, Alex., <em>Istoria literaturii rom\u00e2ne contemporane:\n1941-2000<\/em>, Editura Ma\u015fina de Scris, [Bucure\u015fti], [2005], pp. 1108-1109.<\/p>\n\n\n\n<p>CRISTACHE, Silviu, <em>Dic\u021bionarul\nscriitorilor olteni\u021beni<\/em>, vol. 1, Editura Pim, Ia\u0219i, 2017, p. 60.<\/p>\n\n\n\n<p><a><strong>Surse\nwebsite<\/strong><\/a><strong>:<\/strong><\/p>\n\n\n\n<figure class=\"wp-block-embed-youtube wp-block-embed is-type-video is-provider-youtube wp-embed-aspect-16-9 wp-has-aspect-ratio\"><div class=\"wp-block-embed__wrapper\">\n<iframe loading=\"lazy\" title=\"Liviu Capsa\" width=\"1024\" height=\"576\" src=\"https:\/\/www.youtube.com\/embed\/ZEGuULbO6jQ?feature=oembed\" frameborder=\"0\" allow=\"accelerometer; autoplay; encrypted-media; gyroscope; picture-in-picture\" allowfullscreen><\/iframe>\n<\/div><\/figure>\n\n\n\n<figure class=\"wp-block-embed-wordpress wp-block-embed is-type-wp-embed is-provider-literatura-de-azi\"><div class=\"wp-block-embed__wrapper\">\n<blockquote class=\"wp-embedded-content\" data-secret=\"zCdfonW81M\"><a href=\"https:\/\/www.literaturadeazi.ro\/rubrici\/cronica-literara\/singur-printre-poeti-9906\">Singur printre poe\u021bi<\/a><\/blockquote><iframe loading=\"lazy\" title=\"&#8222;Singur printre poe\u021bi&#8221; &#8212; Literatura de azi\" class=\"wp-embedded-content\" sandbox=\"allow-scripts\" security=\"restricted\" style=\"position: absolute; clip: rect(1px, 1px, 1px, 1px);\" src=\"https:\/\/www.literaturadeazi.ro\/rubrici\/cronica-literara\/singur-printre-poeti-9906\/embed#?secret=zCdfonW81M\" data-secret=\"zCdfonW81M\" width=\"600\" height=\"338\" frameborder=\"0\" marginwidth=\"0\" marginheight=\"0\" scrolling=\"no\"><\/iframe>\n<\/div><\/figure>\n\n\n\n<p><strong>Sursa foto<\/strong><strong>: <\/strong><a href=\"https:\/\/www.google.com\/search?q\">https:\/\/www.google.com\/search?q<\/a><strong><\/strong><\/p>\n\n\n\n<p><strong>Update: 18.11.2019<\/strong><strong><\/strong><\/p>\n","protected":false},"excerpt":{"rendered":"<p>CAP\u0218A, Liviu (n\u0103scut la 16 august 1954, \u00een comuna Span\u0163ov, jude\u0163ul C\u0103l\u0103ra\u015fi) Descriere: este fiul lui Sava Cap\u015fa &#8211; inginer agronom \u015fi al Mariei (n\u0103scut\u0103 Semaco). Dup\u0103 un deceniu de la debutul \u00een pres\u0103, Cap\u015fa \u015fi-a adunat \u00eentr-o carte, Hipodromul cailor de mare (1993), o prim\u0103 serie de \u201eparodii literare\u201d. Spirit ludic, ironic \u015fi sentimental, [&hellip;]<\/p>\n","protected":false},"author":1,"featured_media":0,"parent":0,"menu_order":0,"comment_status":"closed","ping_status":"closed","template":"","meta":{"ngg_post_thumbnail":0,"footnotes":""},"class_list":["post-4188","page","type-page","status-publish","hentry"],"_links":{"self":[{"href":"https:\/\/www.bjcalarasi.ro\/index.php?rest_route=\/wp\/v2\/pages\/4188","targetHints":{"allow":["GET"]}}],"collection":[{"href":"https:\/\/www.bjcalarasi.ro\/index.php?rest_route=\/wp\/v2\/pages"}],"about":[{"href":"https:\/\/www.bjcalarasi.ro\/index.php?rest_route=\/wp\/v2\/types\/page"}],"author":[{"embeddable":true,"href":"https:\/\/www.bjcalarasi.ro\/index.php?rest_route=\/wp\/v2\/users\/1"}],"replies":[{"embeddable":true,"href":"https:\/\/www.bjcalarasi.ro\/index.php?rest_route=%2Fwp%2Fv2%2Fcomments&post=4188"}],"version-history":[{"count":1,"href":"https:\/\/www.bjcalarasi.ro\/index.php?rest_route=\/wp\/v2\/pages\/4188\/revisions"}],"predecessor-version":[{"id":4191,"href":"https:\/\/www.bjcalarasi.ro\/index.php?rest_route=\/wp\/v2\/pages\/4188\/revisions\/4191"}],"wp:attachment":[{"href":"https:\/\/www.bjcalarasi.ro\/index.php?rest_route=%2Fwp%2Fv2%2Fmedia&parent=4188"}],"curies":[{"name":"wp","href":"https:\/\/api.w.org\/{rel}","templated":true}]}}