{"id":4213,"date":"2019-12-12T12:42:42","date_gmt":"2019-12-12T10:42:42","guid":{"rendered":"https:\/\/www.bjcalarasi.ro\/?page_id=4213"},"modified":"2019-12-12T12:42:43","modified_gmt":"2019-12-12T10:42:43","slug":"hanes-petre-v","status":"publish","type":"page","link":"https:\/\/www.bjcalarasi.ro\/?page_id=4213","title":{"rendered":"Hane\u0219 Petre V."},"content":{"rendered":"\n<figure class=\"wp-block-image\"><img loading=\"lazy\" decoding=\"async\" width=\"300\" height=\"398\" src=\"https:\/\/www.bjcalarasi.ro\/wp-content\/uploads\/2019\/12\/Hanes-Petre.jpg\" alt=\"\" class=\"wp-image-4214\" srcset=\"https:\/\/www.bjcalarasi.ro\/wp-content\/uploads\/2019\/12\/Hanes-Petre.jpg 300w, https:\/\/www.bjcalarasi.ro\/wp-content\/uploads\/2019\/12\/Hanes-Petre-226x300.jpg 226w\" sizes=\"auto, (max-width: 300px) 100vw, 300px\" \/><\/figure>\n\n\n\n<p>HANE\u0218,\nPetre V. (n\u0103scut la\n6 noiembrie 1879, la C\u0103l\u0103ra\u015fi \u0219i decedat la 17\naprilie 1966, la Bucure\u0219ti)<\/p>\n\n\n\n<p><strong>Descriere:<\/strong> fiul lui Vasile Hane\u0219 \u0219i al Mariei (n\u0103scut\u0103 Leca).<\/p>\n\n\n\n<p>Dup\u0103\nterminarea cursurilor primare la C\u0103l\u0103ra\u015fi, absolv\u0103 liceul \u201dMatei Basarab\u201d din\nBucure\u015fti. Devine student al Facult\u0103\u0163ii de Filozofie \u015fi Litere din Bucure\u015fti \u015fi\neste \u00eendrumat de marii profesori Ion Bogdan, Ovid Densu\u015fianu, C.\nR\u0103dulescu-Motru, Grigore Tocilescu, Pompiliu Eliade.<\/p>\n\n\n\n<p>Student\nfiind, \u00eentemeiaz\u0103 \u201dRevista Universit\u0103\u0163ii\u201d, public\u0103 prima sa lucrare, un studiu\ndespre paternitatea <em>C\u00e2nt\u0103rii Rom\u00e2niei<\/em>, \u00een care punctul sau de vedere\neste sus\u0163inut de marele Nicolae Iorga, care atribuise aceast\u0103 oper\u0103 lui Nicolae\nB\u0103lcescu cu un deceniu \u00eenaintea studiului lui Hane\u015f. Acum, \u00een urma analizei lui\nPetre V. Hane\u015f, Nicolae Iorga s-a al\u0103turat studentului c\u0103l\u0103r\u0103\u015fean \u00eentr-o\nrecenzie publicat\u0103 \u00een \u201dNoua revist\u0103 rom\u00e2n\u0103\u201d (1901): \u201e<em>Deci se poate atribui f\u0103r\u0103\nmustrare de cuget \u201dC\u00e2ntarea Rom\u00e2niei\u201d lui Russo, cum face dl. Hane\u015f, iar nu lui\nB\u0103lcescu, cum am f\u0103cut-o eu acum zece ani<\/em>\u201d<a>.<\/a><\/p>\n\n\n\n<p><strong>Studii:<\/strong> cursurile primare le face \u00een ora\u0219ul\nnatal, iar cele liceale (Liceul \u201dMatei Basarab\u201d) la Bucure\u0219ti; Facultatea de\nLitere a Universit\u0103\u021bii din Bucure\u015fti; ob\u021bine titlul de doctor \u00een filozofie \u0219i litere\n(1920); se specializeaz\u0103 la Sorbona.<\/p>\n\n\n\n<p><strong>Profesia\/Ocupa\u021bia:<\/strong> istoric literar.<\/p>\n\n\n\n<p><strong>Activitatea\nprofesional\u0103\/Func\u021bii:<\/strong> profesor\nde limba rom\u00e2n\u0103 titular la Liceul \u201dMatei Basarab\u201d (1 septembrie 1904) \u015fi, \u00een\n1906, este deta\u0219at la &nbsp;Liceul \u201dMihai\nViteazul\u201d din Bucure\u015fti, de unde se va pensiona (1939) \u015fi, \u00een timpul Primului\nR\u0103zboi Mondial, a predat pentru scurt timp la Liceul \u201dUnirea\u201d din Foc\u0219ani<a href=\"#_ftn1\">[1]<\/a>; a predat la Seminarul Pedagogic din\nCapital\u0103; a \u0163inut cursuri libere la Facultatea de Litere din Bucure\u015fti; a\npredat la Chi\u015fin\u0103u, la \u015ecoala normal\u0103, cursul de literatura rom\u00e2n\u0103,\n\u00eenlocuindu-l pe fostul Al. Mateevici, decedat; inspector \u015fcolar; membru\npermanent \u00een Consiliul Ministerului Instruc\u0163iunii Publice (\u00een 1920, secretar\ngeneral); director la \u201dPreocup\u0103ri literare\u201d (1936-1938); este \u00eentemeietorul\nSociet\u0103\u021bii \u201dPrietenii Istoriei Literare\u201d (1926)<a href=\"#_ftn2\">[2]<\/a> \u015fi, \u00een ultimii ani ai vie\u0163ii, membru\nactiv al Societ\u0103\u021bii de \u015etiin\u0163e Filologice.<\/p>\n\n\n\n<p>Autor de volume de studii \u015fi\nistorii literare, de manuale \u015fcolare, culeg\u0103tor \u015fi cercet\u0103tor de folclor,\neditor \u015fi \u00eengrijitor de edi\u0163ii.<\/p>\n\n\n\n<p>Activitatea sa literar\u0103 \u015fi\ncercet\u0103rile sale sunt reflectate \u00een lucr\u0103rile tip\u0103rite \u00eencep\u00e2nd cu 1902&nbsp; (<em>Din ineditele lui N. B\u0103lcescu<\/em>), apoi\n\u00een anul 1904 (<em>Dezvoltarea limbii literare \u00een prima jum\u0103tate a secolului al\nXlX-lea<\/em>). Este autorul unui manual de istorie a literaturii rom\u00e2ne, primul\nde acest gen din \u0163ara noastr\u0103. Dup\u0103 o specializare la Sorbona, se va interesa\n\u00eendeaproape de rela\u0163ia cultural\u0103 rom\u00e2no &#8211; francez\u0103. A elaborat un amplu studiu,\n<em>Formarea opiniei franceze asupra Rom\u00e2niei<\/em>, amintit de Emil Manu \u00een \u201dComparatismul\nrom\u00e2nesc interbelic\u201d \u015fi \u00een care se refer\u0103 la influen\u0163a literar\u0103 francez\u0103 \u00een\nRom\u00e2nia. <\/p>\n\n\n\n<p><strong>Colabor\u0103ri la\npublica\u021bii:<\/strong> a debutat\n\u00een 1900, \u00een \u201dNoua revist\u0103 rom\u00e2n\u0103\u201d; s-a consacrat studiilor de istorie literar\u0103,\npublicate \u00een \u201dRevista universitar\u0103\u201d(1900), \u201dVia\u0163a nou\u0103\u201d, \u201dConvorbiri\nliterare\u201d, \u201dPreocup\u0103ri literare\u201d (director, 1936-1938), \u201dBiserica ortodox\u0103\nrom\u00e2n\u0103\u201d, \u201dLimb\u0103 \u015fi literatur\u0103\u201d, etc.; \u00cengrije\u015fte ed. din Al. Russo, N.\nB\u0103lcescu, Gr. Alexandrescu, M. Kog\u0103lniceanu, D. Golescu \u015f.a. Cercet\u0103tor\ncon\u015ftiincios \u015fi onest (<em>C\u00e2ntarea<\/em> <em>Rom\u00e2niei<\/em>, 1900; <em>Alexandru\nRusso<\/em>, 1901; <em>Dezvoltarea limbii rom\u00e2ne \u00een prima jum\u0103tate a sec.<\/em> <em>al\nXIX-lea, <\/em>1904; <em>Studii de literatur\u0103 rom\u00e2n\u0103<\/em>, 1910; <em>Evangheliarul\nrom\u00e2nesc din 1561 \u00een compara\u0163iune<\/em> <em>cu cel slavonesc<\/em>, 1913; <em>Un\nc\u0103l\u0103tor englez despre rom\u00e2ni<\/em>, 1920; <em>Scriitori basarabeni<\/em>, 1920; <em>Studii\nliterare<\/em>, 1925; <em>Studii \u015fi cercet\u0103ri<\/em>, 1927; <em>Istoria literar\u0103 \u00een\nc\u0103l\u0103torii<\/em>, 1933; <em>Genuri literare<\/em>, 1934;<em> Scriitori basarabeni<\/em>.\n<em>1850-1940, <\/em>1942; <em>Vechile noastre cazanii: Coresi, Varlaam<\/em>,\nM\u00e2n\u0103stireaDealu, 1943 etc.). <\/p>\n\n\n\n<p>La\n1 ianuarie 1936, apare primul num\u0103r din revista \u201dPreocup\u0103ri literare\u201d, fondat\u0103\n\u015fi condus\u0103 de Petre V. Hane\u015f, publica\u0163ie care s-a transformat \u00eentr-o tribun\u0103\nrom\u00e2neasc\u0103 de studii istorico-literare.<\/p>\n\n\n\n<p>La Paris, \u00een \u201dLibrairie Ernest\nLaroux\u201d, \u00eei apare opera <em>Histoire de la Literature Roumaine<\/em>, cu o prefa\u0163\u0103\nscris\u0103 de romantistul francez Mario Roques, lucrare dedicat\u0103 lui Pompiliu\nEliade.<\/p>\n\n\n\n<p>A elaborat un amplu studiu, <em>Formarea\nopiniei franceze asupra Rom\u00e2niei<\/em>, amintit de Emil Manu \u00een \u201dComparatismul\nrom\u00e2nesc interbelic\u201d \u015fi \u00een care se refer\u0103 la influen\u0163a literar\u0103 francez\u0103 \u00een\nRom\u00e2nia. De altfel, la Paris, \u00een \u201dLibrairie Ernest Laroux\u201d, \u00eei apare opera <em>Histoire\nde la Literature Roumaine<\/em>, cu o prefa\u0163\u0103 scris\u0103 de romantistul francez Mario\nRoques, lucrare dedicat\u0103 lui Pompiliu Eliade.<\/p>\n\n\n\n<p>Petre V. Hane\u015f nu a uitat niciodat\u0103\nora\u015ful copil\u0103riei \u015fi \u00eenceputurilor sale profesionale, fiind activ \u015fi \u00een presa\nlocal\u0103. Astfel, \u00een ziarul c\u0103l\u0103r\u0103\u015fean \u201dP\u0103m\u00e2ntul\u201d, din anul 1933 (nr. 42) public\u0103\narticolul \u201d<em>C\u0103l\u0103ra\u015fii, c\u00e2nd eram eu mic<\/em>\u201d, iar \u00een revista Liceului\n\u201d\u015etirbei Vod\u0103\u201d, \u201dAv\u00e2ntul\u201d, articolele \u201d<em>Ovid Densu\u015fianu istoric-literat<\/em>\u201d\n\u015fi \u201d<em>Despre Alecsandri<\/em>\u201d (nr. 1-2 \u015fi, respectiv, 4-5 din 1939).<\/p>\n\n\n\n<p><a><strong>Opera:<\/strong><\/a><em> C\u00e2ntarea\nRom\u00e2niei<\/em>, Bucure\u015fti, 1900; <em>Alexandru Russo. O\npagin\u0103 ignorat\u0103 din literatura rom\u00e2n\u0103<\/em>, pref. de Ov. Densu\u0219ianu, Bucure\u015fti,\n1901 (ed. II, 1930); <em>Dezvoltarea limbii literare rom\u00e2ne \u00een<\/em> <em>prima jum\u0103tate\na sec. al XIX-lea, <\/em>Bucure\u015fti, 1904 (ed. II, 1926); <em>Studii de literatur\u0103\nrom\u00e2n\u0103,<\/em> Bucure\u015fti, 1910 (ed. II, f.a.); <em>Evangheliarul<\/em> <em>rom\u00e2nesc\ndin 1561 \u00een compara\u0163iune cu cel<\/em> <em>slavonesc<\/em>, Bucure\u015fti, 1913; <em>Gramatica\nrom\u00e2neasc\u0103<\/em> <em>pentru to\u0163i rom\u00e2nii, <\/em>\u00een colab. cu V. V. Hane\u015f, Bucure\u015fti,\n1919; <em>Un c\u0103l\u0103tor englez despre rom\u00e2ni<\/em>, tez\u0103 de doctorat, Bucure\u015fti,\n1920; <em>Scriitori<\/em> <em>basarabeni<\/em>, Bucure\u015fti, 1920 (ed. II, 1936); <em>Istoria<\/em>\n<em>literaturii rom\u00e2ne\u015fti<\/em>, Editura Ancora, Bucure\u015fti, 1924 (ed. II, 1927; ed.\nIII, 1931); <em>Studii literare<\/em>, Bucure\u015fti, 1925; <em>Studii<\/em> <em>\u015fi\ncercet\u0103ri<\/em>, Bucure\u015fti, 1927; <em>Istoria literar\u0103 \u00een<\/em> <em>c\u0103l\u0103torii<\/em>,\nBucure\u015fti, 1933; <em>Genuri literare<\/em>, Bucure\u015fti, 1934; <em>Lecturi alese din\nscriitorii rom\u00e2ni<\/em>, Bucure\u015fti, 1934; <em>Histoire de la litt\u00e9rature roumaine<\/em>.\nPr\u00e9face de M. Roques, Paris, 1934; <em>Tinere\u0163e,<\/em> Editura Socec, Bucure\u015fti,\n1941; <em>Scriitori basarabeni<\/em>. <em>1850-1940,<\/em> Bucure\u015fti, 1942; <em>Vechile\nnoastre cazanii: Coresi,<\/em> <em>Varlaam, <\/em>M\u00e2n\u0103stirea Dealu, Bucure\u015fti, 1943;\n<em>Studii<\/em> <em>de istorie literar\u0103<\/em>, pref. de M. Gafi\u0163a, Bucure\u015fti, 1970; <em>Mihai\nEminescu \u00eencep\u0103tor<\/em>, Bucure\u015fti, f.a.;<em> Poezii populare \u00een scrisorile din\nr\u0103zboi ale<\/em> <em>solda\u0163ilor<\/em>, Bucure\u015fti, f.a.<\/p>\n\n\n\n<p><a><strong>Referin\u021be\ncritice:<\/strong><\/a> G. C\u0103linescu, <em>Istoria literaturii\nrom\u00e2ne&#8230;<\/em>; E. Manu, \u00een \u201dTribuna\u201d, nr. 29, 1966; M. Dragomirescu, \u00een \u201dVia\u0163a\nRom\u00e2neasc\u0103\u201d, nr. 9, 1966; M. Bucur, <em>Istoriografia<\/em>\u2026<\/p>\n\n\n\n<p><strong>Surse\nbibliografice<\/strong><strong>:<\/strong><\/p>\n\n\n\n<p>TUDOR,\nConstantin, <em>Jude\u021bul C\u0103l\u0103ra\u0219i<\/em>, Editura \u201dP\u0103m\u00e2ntul\u201d, C\u0103l\u0103ra\u0219i, 1995, p. 133.<\/p>\n\n\n\n<p>SASU, Aurel, <em>Dic\u021bionar Biografic al Literaturii Rom\u00e2ne (DBLR)<\/em>, vol. I (A-L),\nEditura Paralela 45, Pite\u015fti, 2006, pp. 707-708.<\/p>\n\n\n\n<p>IONESCU, \u015eerban N., <em>Dic\u0163ionarul panoramic al personalit\u0103\u0163ilor din\nRom\u00e2nia sec. XX: 5000 de nume<\/em>, Editura \u201cVictor Frunz\u0103\u201d, Bucure\u015fti, 2006, p.\n192.<\/p>\n\n\n\n<p>\u0162AR\u0102LUNG\u0102,\nEcaterina, <em><a href=\"https:\/\/archive.org\/stream\/EnciclopediaIdentitatiiRomanesti.Personalitati#page\/n9\/mode\/2up\">Enciclopedia\nidentit\u0103\u021bii rom\u00e2ne\u0219ti<\/a>. Personalit\u0103\u0163i<\/em>, Editura Litera, Bucure\u0219ti,\n2011, pp. 364-365.<strong><\/strong><\/p>\n\n\n\n<p><a><strong>Surse\nwebsite<\/strong><\/a><strong>:<\/strong><\/p>\n\n\n\n<p><a href=\"https:\/\/en.wikipedia.org\/wiki\/Petre_V._Hane%C8%99\">https:\/\/en.wikipedia.org\/wiki\/Petre_V._Hane%C8%99<\/a><\/p>\n\n\n\n<p><a href=\"https:\/\/www.soridapress.ro\/calarasi-galeria-de-aur-petre-v-hanes\/\">https:\/\/www.soridapress.ro\/calarasi-galeria-de-aur-petre-v-hanes\/<\/a> (4\noctombrie 2017, articol de prof. Sorin Danciu)<\/p>\n\n\n\n<p><strong>Sursa foto<\/strong><strong>: <\/strong>preluat\u0103 de la Wikipedia, enciclopedia liber\u0103<br><\/p>\n\n\n\n<hr class=\"wp-block-separator\"\/>\n\n\n\n<p><a href=\"#_ftnref1\">[1]<\/a> A\nfost cel dint\u00e2i profesor care a cerut numirea Basarabiei, \u00een octombrie 1917.<\/p>\n\n\n\n<p><a href=\"#_ftnref2\">[2]<\/a> An \u00een care editeaz\u0103 \u015fi volumul de poezii al regretatului\nAl. Mateevici, traduc\u0103tor al operelor poe\u0163ilor ru\u015fi Pu\u015fkin, Gorki, Lermontov.<\/p>\n","protected":false},"excerpt":{"rendered":"<p>HANE\u0218, Petre V. (n\u0103scut la 6 noiembrie 1879, la C\u0103l\u0103ra\u015fi \u0219i decedat la 17 aprilie 1966, la Bucure\u0219ti) Descriere: fiul lui Vasile Hane\u0219 \u0219i al Mariei (n\u0103scut\u0103 Leca). Dup\u0103 terminarea cursurilor primare la C\u0103l\u0103ra\u015fi, absolv\u0103 liceul \u201dMatei Basarab\u201d din Bucure\u015fti. Devine student al Facult\u0103\u0163ii de Filozofie \u015fi Litere din Bucure\u015fti \u015fi este \u00eendrumat de marii [&hellip;]<\/p>\n","protected":false},"author":1,"featured_media":0,"parent":0,"menu_order":0,"comment_status":"closed","ping_status":"closed","template":"","meta":{"ngg_post_thumbnail":0,"footnotes":""},"class_list":["post-4213","page","type-page","status-publish","hentry"],"_links":{"self":[{"href":"https:\/\/www.bjcalarasi.ro\/index.php?rest_route=\/wp\/v2\/pages\/4213","targetHints":{"allow":["GET"]}}],"collection":[{"href":"https:\/\/www.bjcalarasi.ro\/index.php?rest_route=\/wp\/v2\/pages"}],"about":[{"href":"https:\/\/www.bjcalarasi.ro\/index.php?rest_route=\/wp\/v2\/types\/page"}],"author":[{"embeddable":true,"href":"https:\/\/www.bjcalarasi.ro\/index.php?rest_route=\/wp\/v2\/users\/1"}],"replies":[{"embeddable":true,"href":"https:\/\/www.bjcalarasi.ro\/index.php?rest_route=%2Fwp%2Fv2%2Fcomments&post=4213"}],"version-history":[{"count":1,"href":"https:\/\/www.bjcalarasi.ro\/index.php?rest_route=\/wp\/v2\/pages\/4213\/revisions"}],"predecessor-version":[{"id":4215,"href":"https:\/\/www.bjcalarasi.ro\/index.php?rest_route=\/wp\/v2\/pages\/4213\/revisions\/4215"}],"wp:attachment":[{"href":"https:\/\/www.bjcalarasi.ro\/index.php?rest_route=%2Fwp%2Fv2%2Fmedia&parent=4213"}],"curies":[{"name":"wp","href":"https:\/\/api.w.org\/{rel}","templated":true}]}}