{"id":4313,"date":"2021-01-28T15:12:13","date_gmt":"2021-01-28T13:12:13","guid":{"rendered":"https:\/\/www.bjcalarasi.ro\/?page_id=4313"},"modified":"2025-06-04T15:18:25","modified_gmt":"2025-06-04T12:18:25","slug":"declaratie-de-avere-si-interese","status":"publish","type":"page","link":"https:\/\/www.bjcalarasi.ro\/?page_id=4313","title":{"rendered":"Declara\u021bie de avere \u0219i interese"},"content":{"rendered":"<p>[vc_row][vc_column][vc_column_text]<strong><em>Anul 2025<\/em><\/strong><\/p>\n<p><strong>Manager<\/strong> : Calciu Simona \u2013&nbsp;<span style=\"color: #0000ff;\"> <a style=\"color: #0000ff;\" href=\"https:\/\/www.bjcalarasi.ro\/wp-content\/uploads\/2025\/06\/Declaratie-de-avere-anual-2025-Calciu-Simona.pdf\">Declara\u021bie de avere Anual, p\u00e2n\u0103 la 15 iunie<\/a><\/span> | <span style=\"color: #0000ff;\"><a style=\"color: #0000ff;\" href=\"https:\/\/www.bjcalarasi.ro\/wp-content\/uploads\/2025\/06\/Declaratie-de-interese-anual-2025-Calciu-Simona.pdf\">Declara\u021bie de interese Anual, p\u00e2n\u0103 la 15 iunie<\/a><\/span><\/p>\n<p><strong>Director economic adjunct<\/strong> : Iv\u0103nescu Ana-Maria-Iulia \u2013 <span style=\"color: #0000ff;\"><a style=\"color: #0000ff;\" href=\"https:\/\/www.bjcalarasi.ro\/wp-content\/uploads\/2025\/06\/Declaratie-de-avere-anual-2025-Ivanescu-Iulia.pdf\" target=\"_blank\" rel=\"noopener\">Declara\u021bie de avere Anual, p\u00e2na la 15 iunie<\/a><\/span>&nbsp;|&nbsp;<span style=\"color: #0000ff;\"><a style=\"color: #0000ff;\" href=\"https:\/\/www.bjcalarasi.ro\/wp-content\/uploads\/2025\/06\/Declaratie-de-interese-anual-2025-Ivanescu-Iulia.pdf\">Declara\u021bie de interese Anual, p\u00e2n\u0103 la 15 iunie<\/a><\/span><\/p>\n<p>&#8211;&#8211;&#8211;&#8211;&#8211;&#8211;&#8211;&#8211;&#8211;&#8211;&#8211;&#8211;&#8211;&#8211;&#8211;<\/p>\n<p><strong>Manager<\/strong> : Ichim Giorgiana Ionela \u2013&nbsp; <span style=\"color: #0000ff;\"><a style=\"color: #0000ff;\" href=\"https:\/\/www.bjcalarasi.ro\/wp-content\/uploads\/2025\/04\/Declaratie-de-avere-Ichim-Ionela-incetare-2025.pdf\" target=\"_blank\" rel=\"noopener\">Declara\u021bie de avere 30 de zile de la \u00eencetare <\/a><\/span>| <span style=\"color: #0000ff;\"><a style=\"color: #0000ff;\" href=\"https:\/\/www.bjcalarasi.ro\/wp-content\/uploads\/2025\/04\/Declaratie-de-interese-Ichim-Ionela-incetare-2025.pdf\" target=\"_blank\" rel=\"noopener\">Declara\u021bie de interese 30 de zile de la \u00eencetare&nbsp;<\/a><\/span><\/p>\n<p><strong>Director economic adjunct<\/strong> : Iv\u0103nescu Ana-Maria-Iulia \u2013 <span style=\"color: #0000ff;\"><a style=\"color: #0000ff;\" href=\"https:\/\/www.bjcalarasi.ro\/wp-content\/uploads\/2025\/04\/Declaratie-de-avere-numire-Ivanescu-Iulia-2025.pdf\" target=\"_blank\" rel=\"noopener\">Declara\u021bie de avere 30 de zile de la numire<\/a><\/span>&nbsp;|&nbsp;<span style=\"color: #0000ff;\"><a style=\"color: #0000ff;\" href=\"https:\/\/www.bjcalarasi.ro\/wp-content\/uploads\/2025\/04\/Declaratie-de-interese-numire-Ivanescu-Iulia-2025.pdf\" target=\"_blank\" rel=\"noopener\">Declara\u021bie de interese 30 de zile de la numire<\/a><\/span><\/p>\n<p><strong>Manager<\/strong> : Calciu Simona \u2013 <span style=\"color: #0000ff;\"><a style=\"color: #0000ff;\" href=\"https:\/\/www.bjcalarasi.ro\/wp-content\/uploads\/2025\/04\/Declaratie-de-avere-numire-Calciu-2025.pdf\" target=\"_blank\" rel=\"noopener\">Declara\u021bie de avere 30 de zile de la numire<\/a><\/span>&nbsp;|&nbsp;<span style=\"color: #0000ff;\"><a style=\"color: #0000ff;\" href=\"https:\/\/www.bjcalarasi.ro\/wp-content\/uploads\/2025\/04\/Declaratie-de-interese-numire-Calciu-Simona-2025.pdf\" target=\"_blank\" rel=\"noopener\">Declara\u021bie de interese 30 de zile de la numire<\/a><\/span><\/p>\n<p>&nbsp;<\/p>\n<p><strong><em>Anul 2024<\/em><\/strong><\/p>\n<p><strong>Manager<\/strong> : Ichim Giorgiana Ionela \u2013&nbsp; <span style=\"color: #0000ff;\"><a style=\"color: #0000ff;\" href=\"https:\/\/www.bjcalarasi.ro\/wp-content\/uploads\/2025\/04\/Declaratie-de-avere-Ichim-Ionela-anual-2024.pdf\" target=\"_blank\" rel=\"noopener\">Declara\u021bie de avere Anual, p\u00e2n\u0103 la 15 iunie <\/a><\/span>|&nbsp;<span style=\"color: #0000ff;\"><a style=\"color: #0000ff;\" href=\"https:\/\/www.bjcalarasi.ro\/wp-content\/uploads\/2025\/04\/Declaratie-de-interese-Ichim-Ionela-anual-2024.pdf\" target=\"_blank\" rel=\"noopener\">Declara\u021bie de interese Anual, p\u00e2n\u0103 la 15 iunie<\/a><\/span><\/p>\n<p><strong>Director economic adjunct<\/strong>&nbsp;:&nbsp;Fronea Valentina&nbsp;\u2013&nbsp;<span style=\"color: #0000ff;\"><a style=\"color: #0000ff;\" href=\"https:\/\/www.bjcalarasi.ro\/wp-content\/uploads\/2025\/04\/Declaratie-de-avere-incetare-Fronea-Valentina-2024.pdf\" target=\"_blank\" rel=\"noopener\">Declara\u021bie de avere 30 de zile de la \u00eencetare<\/a><\/span>&nbsp;|&nbsp;<span style=\"color: #0000ff;\"><a style=\"color: #0000ff;\" href=\"https:\/\/www.bjcalarasi.ro\/wp-content\/uploads\/2025\/04\/Declaratie-de-interese-Incetare-Fronea-Valentina-2024.pdf\" target=\"_blank\" rel=\"noopener\">Declara\u021bie de interese 30 de zile de la \u00eencetare<\/a><\/span><\/p>\n<p><strong><em>\u0218ef serviciu<\/em><\/strong>&nbsp;:&nbsp;Calciu Simona&nbsp;\u2013&nbsp;<a href=\"https:\/\/www.bjcalarasi.ro\/wp-content\/uploads\/2025\/04\/Declaratie-de-avere-Calciu-Simona-2024-anual.pdf\" target=\"_blank\" rel=\"noopener\"><span style=\"color: #0000ff;\">Declara\u021bie de avere Anual, p\u00e2n\u0103 la 15 iunie<\/span><\/a>&nbsp;|&nbsp;<a href=\"https:\/\/www.bjcalarasi.ro\/wp-content\/uploads\/2025\/04\/Declaratie-de-interese-Calciu-Simona-2024-anual.pdf\" target=\"_blank\" rel=\"noopener\"><span style=\"color: #0000ff;\">Declara\u021bie de interese Anual, p\u00e2n\u0103 la 15 iunie<\/span><\/a><\/p>\n<p><strong>Director economic adjunct<\/strong> : Iv\u0103nescu Ana-Maria-Iulia \u2013&nbsp; <a href=\"https:\/\/www.bjcalarasi.ro\/wp-content\/uploads\/2025\/04\/Declaratie-de-avere-numire-Ivanescu-2024.pdf\" target=\"_blank\" rel=\"noopener\"><span style=\"color: #0000ff;\">Declara\u021bie de avere 30 de zile de la numire<\/span><\/a>&nbsp;|&nbsp;<span style=\"color: #0000ff;\"><a href=\"https:\/\/www.bjcalarasi.ro\/wp-content\/uploads\/2025\/04\/Declaratie-de-interese-numire-Ivanescu-2024.pdf\" target=\"_blank\" rel=\"noopener\"><span style=\"color: #0000ff;\">Declara\u021bie de interese<\/span> <span style=\"color: #0000ff;\">30 de zile de la numire<\/span><\/a> <span style=\"color: #000000;\">\/<\/span> <a style=\"color: #0000ff;\" href=\"https:\/\/www.bjcalarasi.ro\/wp-content\/uploads\/2025\/04\/Declaratie-de-avere-incetare-Ivanescu-Iulia-2024.pdf\" target=\"_blank\" rel=\"noopener\">Declara\u021bie de avere 30 de zile de la \u00eencetare<\/a><\/span> | <span style=\"color: #0000ff;\"><a style=\"color: #0000ff;\" href=\"https:\/\/www.bjcalarasi.ro\/wp-content\/uploads\/2025\/04\/Declaratie-de-interese-incetare-Ivanescu-Iulia-2024.pdf\" target=\"_blank\" rel=\"noopener\">Declara\u021bie de interese 30 de zile de la \u00eencetare<\/a><\/span><\/p>\n<p>&nbsp;<\/p>\n<p><strong><em>Anul 2023<\/em><\/strong><\/p>\n<p><strong>Manager<\/strong> : Voivozeanu Marinela \u2013&nbsp; <span style=\"color: #0000ff;\"><a style=\"color: #0000ff;\" href=\"https:\/\/www.bjcalarasi.ro\/wp-content\/uploads\/2023\/06\/Declaratie-de-avere-2023-Voivozeanu-Marinela.pdf\" target=\"_blank\" rel=\"noopener\">Declara\u021bie de avere Rectificativ\u0103<\/a><\/span>&nbsp;|&nbsp;<span style=\"color: #0000ff;\"><a style=\"color: #0000ff;\" href=\"https:\/\/www.bjcalarasi.ro\/wp-content\/uploads\/2023\/06\/Declaratie-de-interese-2023-Voivozeanu-Marinela.pdf\" target=\"_blank\" rel=\"noopener\">Declara\u021bie de interese Anual, p\u00e2n\u0103 la 15 iunie<\/a> \/ <a style=\"color: #0000ff;\" href=\"https:\/\/www.bjcalarasi.ro\/wp-content\/uploads\/2025\/04\/Declaratie-de-avere-incetare-Voivozeanu-Marinela-2023.pdf\" target=\"_blank\" rel=\"noopener\">Declara\u021bie de avere 30 de zile de la \u00eencetare <\/a><\/span>|<span style=\"color: #0000ff;\"><a style=\"color: #0000ff;\" href=\"https:\/\/www.bjcalarasi.ro\/wp-content\/uploads\/2025\/04\/Declaratie-de-interese-incetare-Voivozeanu-Marinela-2023.pdf\" target=\"_blank\" rel=\"noopener\">Declara\u021bie de interese 30 de zile de la \u00eencetare<\/a><\/span><\/p>\n<p><strong>Director economic adjunct<\/strong>&nbsp;:&nbsp;Fronea Valentina&nbsp;\u2013&nbsp;<span style=\"color: #0000ff;\"><a style=\"color: #0000ff;\" href=\"https:\/\/www.bjcalarasi.ro\/wp-content\/uploads\/2023\/06\/Declaratie-de-avere-2023-Fronea-Valentina.pdf\" target=\"_blank\" rel=\"noopener\">Declara\u021bie de avere Rectificativ\u0103<\/a><\/span>&nbsp;|&nbsp;<span style=\"color: #0000ff;\"><a style=\"color: #0000ff;\" href=\"https:\/\/www.bjcalarasi.ro\/wp-content\/uploads\/2023\/06\/Declaratie-de-interese-2023-Fronea-Valentina.pdf\" target=\"_blank\" rel=\"noopener\">Declara\u021bie de interese Anual, p\u00e2n\u0103 la 15 iunie<\/a><\/span><\/p>\n<p><strong><em>\u0218ef serviciu<\/em><\/strong>&nbsp;:&nbsp;Calciu Simona&nbsp;\u2013&nbsp;<span style=\"color: #0000ff;\"><a style=\"color: #0000ff;\" href=\"https:\/\/www.bjcalarasi.ro\/wp-content\/uploads\/2023\/06\/Declaratie-de-avere-2023-Calciu-Simona.pdf\" target=\"_blank\" rel=\"noopener\">Declara\u021bie de avere Anual, p\u00e2na la 15 iunie<\/a><\/span>&nbsp;|&nbsp;<span style=\"color: #0000ff;\"><a style=\"color: #0000ff;\" href=\"https:\/\/www.bjcalarasi.ro\/wp-content\/uploads\/2023\/06\/Declaratie-de-interese-2023-Calciu-Simona.pdf\" target=\"_blank\" rel=\"noopener\">Declara\u021bie de interese Anual, p\u00e2n\u0103 la 15 iunie<\/a><\/span><\/p>\n<p>&nbsp;<\/p>\n<p><strong><em>Anul 2022<\/em><\/strong><\/p>\n<p><strong>Manager<\/strong>&nbsp;:&nbsp;Munteanu Laura Cristina&nbsp;\u2013&nbsp;<span style=\"color: #0000ff;\"><a style=\"color: #0000ff;\" href=\"https:\/\/www.bjcalarasi.ro\/wp-content\/uploads\/2022\/07\/Declaratie-de-avere-Munteanu-Laura-Cristina.pdf\" target=\"_blank\" rel=\"noopener\">Declara\u021bie de avere Anual, p\u00e2n\u0103 la 15 iunie<\/a><\/span>&nbsp;|&nbsp;<span style=\"color: #0000ff;\"><a style=\"color: #0000ff;\" href=\"https:\/\/www.bjcalarasi.ro\/wp-content\/uploads\/2022\/07\/Declaratie-de-interese-Munteanu-Laura-Cristina-.pdf\" target=\"_blank\" rel=\"noopener\">Declara\u021bie de interese Anual, p\u00e2n\u0103 la 15 iunie<\/a><\/span><\/p>\n<p><strong>Director economic adjunct<\/strong>&nbsp;:&nbsp;Fronea Valentina&nbsp;\u2013&nbsp;<span style=\"color: #0000ff;\"><a style=\"color: #0000ff;\" href=\"https:\/\/www.bjcalarasi.ro\/wp-content\/uploads\/2022\/07\/Declaratie-de-avere-Fronea-Valentina.pdf\" target=\"_blank\" rel=\"noopener\">Declara\u021bie de avere 30 de zile de la numire<\/a><\/span>&nbsp;|&nbsp;<a href=\"https:\/\/www.bjcalarasi.ro\/wp-content\/uploads\/2022\/07\/Declaratie-de-interese-Fronea-Valentina.pdf\" target=\"_blank\" rel=\"noopener\"><span style=\"color: #0000ff;\">Declara\u021bie de interese 30 de zile de la numire<\/span><\/a><\/p>\n<p><strong>\u0218ef serviciu<\/strong>&nbsp;:&nbsp;Calciu Simona&nbsp;\u2013&nbsp;<span style=\"color: #0000ff;\"><a style=\"color: #0000ff;\" href=\"https:\/\/www.bjcalarasi.ro\/wp-content\/uploads\/2022\/07\/Declaratie-de-avere-Simona-Calciu.pdf\" target=\"_blank\" rel=\"noopener\">Declara\u021bie de avere Anual, p\u00e2n\u0103 la 15 iunie<\/a><\/span>&nbsp;|&nbsp;<span style=\"color: #0000ff;\"><a style=\"color: #0000ff;\" href=\"https:\/\/www.bjcalarasi.ro\/wp-content\/uploads\/2022\/07\/Declaratie-de-interese-Simona-Calciu.pdf\" target=\"_blank\" rel=\"noopener\">Declara\u021bie de interese Anual, p\u00e2n\u0103 la 15 iunie<\/a><\/span><\/p>\n<p>&nbsp;<\/p>\n<p><strong><em>Anul 2021<\/em><\/strong><\/p>\n<p><strong>Manager<\/strong>&nbsp;:&nbsp;Munteanu Laura Cristina&nbsp;\u2013&nbsp;<span style=\"color: #0000ff;\"><a style=\"color: #0000ff;\" href=\"https:\/\/www.bjcalarasi.ro\/wp-content\/uploads\/2021\/08\/Munteanu-Laura-Cristina-Declaratie-de-avere.pdf\">Declara\u021bie de avere<\/a><\/span>&nbsp;|&nbsp;<span style=\"color: #0000ff;\"><a style=\"color: #0000ff;\" href=\"https:\/\/www.bjcalarasi.ro\/wp-content\/uploads\/2021\/08\/Munteanu-Laura-Cristina-Declaratie-de-interese.pdf\">Declara\u021bie de interese<\/a><\/span><\/p>\n<p><strong>Director economic adjunct<\/strong>&nbsp;:&nbsp;Onofrei Costel Cristinel&nbsp;\u2013&nbsp;<span style=\"color: #0000ff;\"><a style=\"color: #0000ff;\" href=\"https:\/\/www.bjcalarasi.ro\/wp-content\/uploads\/2021\/08\/Onofrei-Costel-Cristinel-Declaratie-de-avere.pdf\">Declara\u021bie de avere<\/a><\/span>&nbsp;|<span style=\"color: #0000ff;\">&nbsp;<a style=\"color: #0000ff;\" href=\"https:\/\/www.bjcalarasi.ro\/wp-content\/uploads\/2021\/08\/Onofrei-Costel-Cristinel-Declaratie-de-interese.pdf\">Declara\u021bie de interese<\/a><\/span><\/p>\n<p><strong>\u0218ef serviciu<\/strong>&nbsp;:&nbsp;Stan Ionut&nbsp;\u2013&nbsp;<span style=\"color: #0000ff;\"><a style=\"color: #0000ff;\" href=\"https:\/\/www.bjcalarasi.ro\/wp-content\/uploads\/2021\/08\/Stan-Ionut-Declaratie-de-avere.pdf\">Declara\u021bie de avere<\/a><\/span>&nbsp;|&nbsp;<span style=\"color: #0000ff;\"><a style=\"color: #0000ff;\" href=\"https:\/\/www.bjcalarasi.ro\/wp-content\/uploads\/2021\/08\/Stan-Ionut-Declaratie-de-interese.pdf\">Declara\u021bie de interese<\/a><\/span><\/p>\n<p><strong>\u0218ef serviciu<\/strong>&nbsp;:&nbsp;Calciu Simona&nbsp;\u2013&nbsp;<span style=\"color: #0000ff;\"><a style=\"color: #0000ff;\" href=\"https:\/\/www.bjcalarasi.ro\/wp-content\/uploads\/2021\/08\/Calciu-Simona-Declaratie-de-avere.pdf\">Declara\u021bie de avere<\/a><\/span>&nbsp;|&nbsp;<span style=\"color: #0000ff;\"><a style=\"color: #0000ff;\" href=\"https:\/\/www.bjcalarasi.ro\/wp-content\/uploads\/2021\/08\/Calciu-Simona-Declaratie-de-interese.pdf\">Declara\u021bie de interese<\/a><\/span><\/p>\n<p>&nbsp;<\/p>\n<p><strong><em>Anul 2020<\/em><\/strong><\/p>\n<p><strong>Manager<\/strong>&nbsp;:&nbsp;Munteanu Laura Cristina&nbsp;\u2013&nbsp;<span style=\"color: #0000ff;\"><a style=\"color: #0000ff;\" href=\"https:\/\/www.bjcalarasi.ro\/wp-content\/uploads\/2021\/08\/Munteanu-Laura-Cristina-Declaratie-de-avere.pdf\">Declara\u021bie de avere<\/a><\/span>&nbsp;|&nbsp;<span style=\"color: #0000ff;\"><a style=\"color: #0000ff;\" href=\"https:\/\/www.bjcalarasi.ro\/wp-content\/uploads\/2021\/08\/Munteanu-Laura-Cristina-Declaratie-de-interese.pdf\">Declara\u021bie de interese<\/a><\/span><\/p>\n<p>&nbsp;<\/p>\n<p>&nbsp;<\/p>\n<p>&nbsp;<\/p>\n<p>&nbsp;[\/vc_column_text][\/vc_column][\/vc_row]<\/p>\n","protected":false},"excerpt":{"rendered":"<p>[vc_row][vc_column][vc_column_text]Anul 2025 Manager : Calciu Simona \u2013&nbsp; Declara\u021bie de avere Anual, p\u00e2n\u0103 la 15 iunie | Declara\u021bie de interese Anual, p\u00e2n\u0103 la 15 iunie Director economic adjunct : Iv\u0103nescu Ana-Maria-Iulia \u2013 Declara\u021bie de avere Anual, p\u00e2na la 15 iunie&nbsp;|&nbsp;Declara\u021bie de interese Anual, p\u00e2n\u0103 la 15 iunie &#8211;&#8211;&#8211;&#8211;&#8211;&#8211;&#8211;&#8211;&#8211;&#8211;&#8211;&#8211;&#8211;&#8211;&#8211; Manager : Ichim Giorgiana Ionela \u2013&nbsp; Declara\u021bie de [&hellip;]<\/p>\n","protected":false},"author":1,"featured_media":0,"parent":0,"menu_order":0,"comment_status":"closed","ping_status":"closed","template":"","meta":{"ngg_post_thumbnail":0,"footnotes":""},"class_list":["post-4313","page","type-page","status-publish","hentry"],"_links":{"self":[{"href":"https:\/\/www.bjcalarasi.ro\/index.php?rest_route=\/wp\/v2\/pages\/4313","targetHints":{"allow":["GET"]}}],"collection":[{"href":"https:\/\/www.bjcalarasi.ro\/index.php?rest_route=\/wp\/v2\/pages"}],"about":[{"href":"https:\/\/www.bjcalarasi.ro\/index.php?rest_route=\/wp\/v2\/types\/page"}],"author":[{"embeddable":true,"href":"https:\/\/www.bjcalarasi.ro\/index.php?rest_route=\/wp\/v2\/users\/1"}],"replies":[{"embeddable":true,"href":"https:\/\/www.bjcalarasi.ro\/index.php?rest_route=%2Fwp%2Fv2%2Fcomments&post=4313"}],"version-history":[{"count":26,"href":"https:\/\/www.bjcalarasi.ro\/index.php?rest_route=\/wp\/v2\/pages\/4313\/revisions"}],"predecessor-version":[{"id":7669,"href":"https:\/\/www.bjcalarasi.ro\/index.php?rest_route=\/wp\/v2\/pages\/4313\/revisions\/7669"}],"wp:attachment":[{"href":"https:\/\/www.bjcalarasi.ro\/index.php?rest_route=%2Fwp%2Fv2%2Fmedia&parent=4313"}],"curies":[{"name":"wp","href":"https:\/\/api.w.org\/{rel}","templated":true}]}}