{"id":4638,"date":"2021-03-17T08:43:01","date_gmt":"2021-03-17T06:43:01","guid":{"rendered":"https:\/\/www.bjcalarasi.ro\/?page_id=4638"},"modified":"2026-03-09T09:51:31","modified_gmt":"2026-03-09T07:51:31","slug":"cariera-2","status":"publish","type":"page","link":"https:\/\/www.bjcalarasi.ro\/?page_id=4638","title":{"rendered":"Carier\u0103"},"content":{"rendered":"<p>[vc_row][vc_column][vc_column_text css_animation=&#8221;right-to-left&#8221;]<\/p>\n<pre style=\"text-align: center;\"><em><span style=\"color: #339966;\">Concursuri<\/span><\/em><\/pre>\n<p>06.02.2026 &#8211; <a href=\"https:\/\/www.bjcalarasi.ro\/?p=7904\">Concurs de proiecte de management organizat pentru Biblioteca Jude\u021bean\u0103 C\u0103l\u0103ra\u0219i<\/a><\/p>\n<p>22.09.2025 &#8211; <a href=\"https:\/\/www.bjcalarasi.ro\/?p=7839\">Concurs de proiecte de management organizat pentru Biblioteca Jude\u021bean\u0103 C\u0103l\u0103ra\u0219i<\/a><\/p>\n<p>24.06.2025 &#8211; <a href=\"https:\/\/www.bjcalarasi.ro\/wp-content\/uploads\/2025\/06\/Anunt-examen-de-promovare.pdf\">Anun\u021b privind organizarea examenului de promovare \u00eentr-o func\u021bie contractual\u0103 de execu\u021bie din cadrul \u2013 Compartimentului Resurse Umane si din cadrul Compartimentului Financiar Contabil<\/a><\/p>\n<p>15.05.2025 &#8211; <a href=\"https:\/\/www.bjcalarasi.ro\/?p=7652\">Concurs de proiecte de management organizat pentru Biblioteca Jude\u021bean\u0103 C\u0103l\u0103ra\u0219i<\/a><\/p>\n<p>03.02.2025 &#8211; <a href=\"https:\/\/www.bjcalarasi.ro\/?p=7418\">Concurs de proiecte de management organizat pentru Biblioteca Jude\u021bean\u0103 C\u0103l\u0103ra\u0219i<\/a><\/p>\n<p>23.09.2024 &#8211; <a href=\"https:\/\/www.bjcalarasi.ro\/?p=7353\">Concurs de proiecte de management organizat pentru Biblioteca Jude\u021bean\u0103 C\u0103l\u0103ra\u0219i<\/a><\/p>\n<p>09.05.2024 &#8211; <a href=\"https:\/\/www.bjcalarasi.ro\/wp-content\/uploads\/2024\/05\/Concurs-Manager.pdf\">Concurs de proiecte de management organizat pentru Biblioteca Jude\u021bean\u0103 C\u0103l\u0103ra\u0219i<\/a><\/p>\n<p>26.02.2024 &#8211; <a href=\"https:\/\/www.bjcalarasi.ro\/?p=7189\">Concurs pentru ocuparea func\u021biei contractuale de Consilier juridic IA(S) din cadrul Compartimentului juridic \u2013 organizat \u00een data de 19.03.2024<\/a><\/p>\n<p>02.02.2024 &#8211; <a href=\"https:\/\/www.bjcalarasi.ro\/?p=7177\">Concurs de proiecte de management organizat pentru Biblioteca Jude\u021bean\u0103 C\u0103l\u0103ra\u0219i<\/a><\/p>\n<p>02.10.2023 &#8211; <a href=\"https:\/\/www.bjcalarasi.ro\/?p=7113\">Concurs de proiecte de management organizat pentru Biblioteca Jude\u021bean\u0103 C\u0103l\u0103ra\u0219i<\/a><\/p>\n<p>01.08.2023 &#8211; <a href=\"https:\/\/www.bjcalarasi.ro\/?p=7082\">Concurs de proiecte de management organizat pentru Biblioteca Jude\u021bean\u0103 C\u0103l\u0103ra\u0219i<\/a><\/p>\n<p>03.04.2023 &#8211; <a href=\"https:\/\/www.bjcalarasi.ro\/?p=7015\">Concurs pentru ocuparea func\u021biei contractuale de Muncitor necalificat la Biblioteca Jude\u021bean\u0103 \u201cAlexandru Odobescu\u201d C\u0103l\u0103ra\u0219i \u2013 organizat \u00een data de 24.04.2023<\/a><\/p>\n<p>20.03.2022 &#8211; <a href=\"https:\/\/www.bjcalarasi.ro\/?p=7007\">Concurs de proiecte de management organizat pentru Biblioteca Jude\u021bean\u0103 C\u0103l\u0103ra\u0219i<\/a><\/p>\n<p>29.11.2022 &#8211; <a href=\"https:\/\/www.bjcalarasi.ro\/?p=6855\">Concurs de proiecte de management organizat pentru Biblioteca Jude\u021bean\u0103 C\u0103l\u0103ra\u0219i<\/a><\/p>\n<p>16.11.2022 &#8211; <a href=\"https:\/\/www.bjcalarasi.ro\/?p=6844\">Concurs pentru promovarea personalului pentru urmatoarele func\u021bii contractuale &#8211; organizat \u00een data de 05.12.2022<\/a><\/p>\n<p>03.06.2022 &#8211; <a href=\"https:\/\/www.bjcalarasi.ro\/?p=6606\">Concurs pentru ocuparea func\u021biei contractuale de \u0218ofer (M) &#8211; organizat \u00een data de 11.07.2022<\/a><\/p>\n<p>23.03.2022 &#8211; <a href=\"https:\/\/www.bjcalarasi.ro\/?p=6184\">Concurs pentru ocuparea func\u021biei contractuale de Bibliotecar debutant (S) \u0219i \u00cengrijitor (M) &#8211; organizat \u00een data de 14.04.2022<\/a><\/p>\n<p>28.06.2021 &#8211; <a href=\"https:\/\/www.bjcalarasi.ro\/?p=4866\">Concurs pentru ocuparea postului contractual de \u00eengrijitor (M) &#8211; organizat \u00een data de 19.07.2021<\/a><\/p>\n<p>05.03.2021 &#8211; <a href=\"https:\/\/www.bjcalarasi.ro\/?p=4581\">Concurs de proiecte de management organizat pentru Biblioteca Jude\u021bean\u0103 C\u0103l\u0103ra\u0219i<\/a><\/p>\n<p>01.03.2021 &#8211; <a href=\"https:\/\/www.bjcalarasi.ro\/?p=4535\">Concurs pentru ocuparea func\u021biei contractuale de Director adjunct economic (S) \u0219i Bibliotecar IA (S) \u2013 organizat \u00een data de 22.03.2021<\/a><\/p>\n<p>26.01.2021 &#8211; <a href=\"https:\/\/www.bjcalarasi.ro\/?p=4292\">Concurs pentru ocuparea func\u021biei contractuale de Bibliotecar IA (S) din cadrul Sec\u021biei de rela\u021bii cu utilizatorii. Comunicarea colec\u021biilor. Anima\u021bie cultural\u0103. Ludotec\u0103 \u0219i a func\u021biei contractuale de Consilier juridic debutant (S) din cadrul Serviciului juridic. Administrativ. Achizi\u021bii \u0219i financiar contabil.<\/a>[\/vc_column_text][\/vc_column][\/vc_row][vc_row][vc_column][\/vc_column][\/vc_row][vc_row][vc_column][vc_empty_space height=&#8221;80px&#8221;][vc_column_text css_animation=&#8221;left-to-right&#8221;]<\/p>\n<pre style=\"text-align: center;\"><span style=\"color: #ff0000;\"><em>Rezultate<\/em><\/span><\/pre>\n<p>05.03.2026 &#8211; <a href=\"https:\/\/www.bjcalarasi.ro\/wp-content\/uploads\/2026\/03\/Anunt-privind-concursul-organizat-pentru-ocuparea-functiei-de-manager-la-Biblioteca-Judeteana-Alexandru-Odobescu-Calarasi-publicat-in-data-de-06.022026.pdf\">Anun\u021b privind concursul organizat pentru ocuparea func\u021biei de manager la Biblioteca Jude\u021bean\u0103 \u201cAlexandru Odobescu\u201d C\u0103l\u0103ra\u0219i publicat \u00een data de 06.02.2026<\/a><\/p>\n<p>16.10.2025 &#8211;<a href=\"https:\/\/www.bjcalarasi.ro\/?p=7851\"> Anun\u021b privind concursul organizat pentru ocuparea func\u021biei de manager la Biblioteca Jude\u021bean\u0103 \u201cAlexandru Odobescu\u201d C\u0103l\u0103ra\u0219i publicat \u00een data de 22.09.2025<\/a><\/p>\n<p>09.07.2025 &#8211; <a href=\"https:\/\/www.bjcalarasi.ro\/wp-content\/uploads\/2025\/07\/Rezultatul-final-privind-examenul-de-promovare-a-personalului-contractual-publicat-in-data-de-24.06.2025.pdf\">Rezultatul <\/a><a href=\"https:\/\/www.bjcalarasi.ro\/wp-content\/uploads\/2025\/07\/Rezultatul-final-privind-examenul-de-promovare-a-personalului-contractual-publicat-in-data-de-24.06.2025.pdf\">final privind examenul de promovare a personalului contractual publicat \u00een data de 24.06.2025<\/a><\/p>\n<p>08.07.2025 &#8211; <a href=\"https:\/\/www.bjcalarasi.ro\/wp-content\/uploads\/2025\/07\/Rezultat-privind-examenul-de-promovare-publicat-in-data-de-24.06.pdf\">Rezultatul privind proba scris\u00e4 pentru examenul de promovare publicat \u00een data de 24.06.2025<\/a><\/p>\n<p>10.06.2025 &#8211; <a href=\"https:\/\/www.bjcalarasi.ro\/wp-content\/uploads\/2025\/06\/Anunt-privind-concursul-organizat-pentru-ocuparea-functiei-de-manager-la-Biblioteca-Judeteana-Alexandru-Odobescu-Calarasi-publicat-in-data-de-15.05.2025.pdf\">Anun\u021b privind concursul organizat pentru ocuparea func\u021biei de manager la Biblioteca Jude\u021bean\u0103 \u201cAlexandru Odobescu\u201d C\u0103l\u0103ra\u0219i publicat \u00een data de 15.05.2025<\/a><\/p>\n<p>04.03.2025 &#8211; <a href=\"https:\/\/www.bjcalarasi.ro\/?p=7456\">Anun\u021b privind concursul organizat pentru ocuparea func\u021biei de manager la Biblioteca Jude\u021bean\u0103 \u201cAlexandru Odobescu\u201d C\u0103l\u0103ra\u0219i publicat \u00een data de 03.02.2025<\/a><\/p>\n<p>21.10.2024 &#8211; <a href=\"https:\/\/www.bjcalarasi.ro\/wp-content\/uploads\/2024\/10\/SKM_36724102111400.pdf\">Anun\u021b privind concursul organizat pentru ocuparea func\u021biei de manager la Biblioteca Jude\u021bean\u0103 \u201cAlexandru Odobescu\u201d C\u0103l\u0103ra\u0219i publicat \u00een data de 23.09.2024<\/a><\/p>\n<p>05.06.2024 &#8211; <a href=\"https:\/\/www.bjcalarasi.ro\/wp-content\/uploads\/2024\/06\/Anunt-privind-concursul-organizat-pentru-ocuparea-functiei-de-manager-.pdf\">Anun\u021b privind concursul organizat pentru ocuparea func\u021biei de manager la Biblioteca Jude\u021bean\u0103 \u201cAlexandru Odobescu\u201d C\u0103l\u0103ra\u0219i publicat \u00een data de 09.05.2024<\/a><\/p>\n<p>22.03.2024 &#8211; <a href=\"https:\/\/www.bjcalarasi.ro\/?p=7256\">Rezultatul final privind concursul organizat pentru ocuparea postului contractual vacant de execu\u021bie de Consilier juridic gradul IA (S) \u2013 publicat \u00een data de 26.02.2024<\/a><\/p>\n<p>21.03.2024 &#8211; <a href=\"https:\/\/www.bjcalarasi.ro\/?p=7248\">Rezultatul privind proba interviului la concursul organizat pentru ocuparea postului contractual vacant de execu\u021bie de Consilier juridic, gradul IA (S) din cadrul Compartimentului Juridic al Bibliotecii Jude\u021bene C\u0103l\u0103ra\u0219i publicat \u00een data de 26.02.2024<\/a>&nbsp;<\/p>\n<p>19.03.2024 &#8211; <a href=\"https:\/\/www.bjcalarasi.ro\/wp-content\/uploads\/2024\/03\/Rezultat-privind-proba-scrisa-la-concursul-organizat-pentru-ocuparea-unei-functii-contractual-vacantede-executie-Consilier-Juridic-gradul-IA-S-publicat-in-data-26.02.2024.pdf\">Rezultat privind proba scris\u00e4 la concursul organizat pentru ocuparea unei func\u021bii contractuale vacante de execu\u021bie Consilier Juridic, gradul IA (S) &#8211; publicat \u00een data 26.02.2024<\/a><\/p>\n<p>12.03.2024 &#8211; <a href=\"https:\/\/www.bjcalarasi.ro\/wp-content\/uploads\/2024\/03\/Rezultatul-selectiei-dosarelor-privind-concursul-organizat-pentru-ocuparea-functiei-contractuale-vacante-de-executie-de-Consilier-Juridic-IA-Martie-2024.pdf\">Rezultatul selec\u021biei dosarelor privind concursul organizat pentru ocuparea func\u021biei contractuale vacante de execu\u021bie de Consilier Juridic IA \u2013 publicat \u00een data de 26.02.2024<\/a><\/p>\n<p>29.02.2024 &#8211; <a href=\"https:\/\/www.bjcalarasi.ro\/wp-content\/uploads\/2024\/02\/SKM_36724022911480.pdf\">Anun\u021b privind concursul organizat pentru ocuparea func\u021biei de manager la Biblioteca Jude\u021bean\u0103 \u201cAlexandru Odobescu\u201d C\u0103l\u0103ra\u0219i publicat \u00een data de 02.02.2024<\/a><\/p>\n<p>30.10.2023 &#8211; <a href=\"https:\/\/www.bjcalarasi.ro\/wp-content\/uploads\/2023\/10\/Anunt-privind-concursul-organizat-pentru-ocuparea-functiei-de-manager-la-Biblioteca-Judeteana-Alexandru-Odobescu-Calarasi-publicat-in-data-de-02.10.2023.pdf\">Anun\u021b privind concursul organizat pentru ocuparea func\u021biei de manager la Biblioteca Jude\u021bean\u0103 \u201cAlexandru Odobescu\u201d C\u0103l\u0103ra\u0219i publicat \u00een data de 02.10.2023<\/a><\/p>\n<p>30.08.2023 &#8211; <a href=\"https:\/\/www.bjcalarasi.ro\/wp-content\/uploads\/2023\/08\/Anunt-privind-concursul-organizat-pentru-ocuparea-functiei-de-manager-la-Biblioteca-Judeteana-Alexandru-Odobescu-Calarasi-publicat-in-data-de-01.08.2023-.pdf\">Anun\u021b privind concursul organizat pentru ocuparea func\u021biei de manager la Biblioteca Jude\u021bean\u0103 \u201cAlexandru Odobescu\u201d C\u0103l\u0103ra\u0219i publicat \u00een data de 01.08.2023<\/a>&nbsp;<\/p>\n<p>27.04.2023 &#8211; <a href=\"https:\/\/www.bjcalarasi.ro\/?p=7044\">Rezultatul final privind concursul pentru ocuparea unui post vacant de muncitor necalificat, \u00een cadrul Serviciului Juridic, Administrativ, Achizi\u021bii \u0219i Financiar Contabil publicat \u00een data de 03.04.2023<\/a><\/p>\n<p>26.04.2023 &#8211; <a href=\"https:\/\/www.bjcalarasi.ro\/?p=7041\">Rezultatul contesta\u021biei la proba scris\u0103 privind concursul pentru ocuparea unui post vacant de muncitor necalificat, \u00een cadrul Serviciului Juridic, Administrativ, Achizi\u021bii \u0219i Financiar Contabil \u2013 Compartiment Administrativ publicat \u00een data de 03.04.2023<\/a><\/p>\n<p>24.04.2023 &#8211; <a href=\"https:\/\/www.bjcalarasi.ro\/?p=7037\">Rezultatul probei scrise privind concursul pentru ocuparea unui post vacant de muncitor necalificat, \u00een cadrul Serviciului Juridic, Administrativ, Achizi\u021bii \u0219i Financiar Contabil publicat \u00een data de 03.04.2023<\/a><\/p>\n<p>19.04.2023 &#8211; <a href=\"https:\/\/www.bjcalarasi.ro\/?p=7024\">Rezultat selec\u021bie dosare pentru postul de Muncitor necalificat publicat \u00een data de 03.04.2023<\/a><\/p>\n<p>18.04.2023 &#8211; <a href=\"https:\/\/www.bjcalarasi.ro\/?p=7020\">Anun\u021b privind concursul organizat pentru ocuparea func\u021biei de manager la Biblioteca Jude\u021bean\u0103 \u201cAlexandru Odobescu\u201d C\u0103l\u0103ra\u0219i publicat \u00een data de 20.03.2023<\/a><\/p>\n<p>28.12.2022 &#8211; <a href=\"https:\/\/www.bjcalarasi.ro\/?p=6872\">Anun\u021b privind concursul organizat pentru ocuparea func\u021biei de manager la Biblioteca Jude\u021bean\u0103 \u201cAlexandru Odobescu\u201d C\u0103l\u0103ra\u0219i publicat \u00een data de 29.11.2022<\/a><\/p>\n<p>07.12.2022 &#8211; <a href=\"https:\/\/www.bjcalarasi.ro\/?p=6868\">Rezultatul final privind examenul de promovare a personalului contractual publicat \u00een data de 16.11.2022<\/a><\/p>\n<p>05.12.2022 &#8211; <a href=\"https:\/\/www.bjcalarasi.ro\/?p=6860\">Rezultat privind examenul de promovare a personalului contractual &#8211; publicat \u00een data de 16.11.2022<\/a><\/p>\n<p>29.11.2022 &#8211; <a href=\"https:\/\/www.bjcalarasi.ro\/?p=6853\">Rezultatul selec\u021biei dosarelor privind examenul de promovare a personalului &#8211; publicat \u00een data de 16.11.2022<\/a><\/p>\n<p>15.07.2022 &#8211; <a href=\"https:\/\/www.bjcalarasi.ro\/?p=6650\">Rezultatul final al concursului privind ocuparea postului de \u0218ofer (M) \u2013 publicat \u00een data de 23.06.2022<\/a><\/p>\n<p>13.07.2022 &#8211; <a href=\"https:\/\/www.bjcalarasi.ro\/?p=6646\">Rezultatul interviului pentru postul de \u0219ofer (M) publicat \u00een data de 23.06.2022<\/a><\/p>\n<p>11.07.2022 &#8211; <a href=\"https:\/\/www.bjcalarasi.ro\/?p=6640\">Rezultat prob\u0103 scris\u0103 pentru postul de \u0218ofer (M) publicat \u00een data de 23.06.2022<\/a><\/p>\n<p>08.07.2022 &#8211; <a href=\"https:\/\/www.bjcalarasi.ro\/?p=6634\">Rezultatul selec\u021biei dosarelor privind ocupartea postului vacant de \u0219ofer (M) publicat \u00een data de 23.06.2022<\/a><\/p>\n<p>21.04.2022 &#8211; <a href=\"https:\/\/www.bjcalarasi.ro\/?p=6262\">Rezultatul final pentru ocuparea postului vacant de Bibliotecar debutant (S) \u0219i a postului vacant de \u00cengrijitor (M) \u2013 publicat \u00een data de 23.03.2022<\/a><\/p>\n<p>19.04.2022 &#8211; <a href=\"https:\/\/www.bjcalarasi.ro\/?p=6256\">Rezultatul interviului privind concursul organizat pentru ocuparea func\u021biei contractuale vacante de Bibliotecar debutant (S) \u0219i a func\u021biei contractuale vacante de \u00cengrijitor (M) \u2013 publicat \u00een data de 23.03.2022<\/a><\/p>\n<p>14.04.2022 &#8211; <a href=\"https:\/\/www.bjcalarasi.ro\/?p=6249\">Rezultatul probei scrise privind concursul organizat pentru ocuparea func\u021biei contractuale vacante de Bibliotecar debutant (S) \u0219i a func\u021biei contractuale vacante de \u00cengrijitor (M) \u2013 publicat \u00een data de 23.03.2022<\/a><\/p>\n<p>11.04.2022 &#8211; <a href=\"https:\/\/www.bjcalarasi.ro\/?p=6193\">Rezultatul selec\u021biei dosarelor privind ocuparea postului vacant de bibliotecar debutant (S) si a postului vacant de \u00eengrijitor (M) &#8211; publicat \u00een data de 23.03.2022<\/a><\/p>\n<p>27.07.2021 &#8211; <a href=\"https:\/\/www.bjcalarasi.ro\/?p=4958\">Rezultatul final ai concursului privind ocuparea postului de \u00eengrijitor (M) &#8211; publicat \u00een data de 28.06.2021<\/a><\/p>\n<p>19.07.2021 &#8211; <a href=\"https:\/\/www.bjcalarasi.ro\/?p=4939\">Rezultatul privind desf\u0103\u0219urarea probei scrise la concursul organizat pentru ocuparea func\u021biei contractuale vacante de \u00eengrijitor (M) &#8211; publicat \u00een data de 28.06.2021<\/a><\/p>\n<p>14.07.2021 &#8211; <a href=\"https:\/\/www.bjcalarasi.ro\/?p=4873\">Rezultatul selec\u021biei dosarelor privind concursul organizat pentru ocuparea postului vacant de \u00eengrijitor (M) &#8211; publicat \u00een data de 28.06.2021<\/a><\/p>\n<p>27.04.2021 &#8211; <a href=\"https:\/\/www.bjcalarasi.ro\/?p=4773\">Rezultatul final al concursului organizat pentru ocuparea func\u021biei de manager la Biblioteca Jude\u021bean\u0103 \u201cAl. Odobescu\u201d C\u0103l\u0103ra\u0219i \u2013 publicat \u00een data de 05.03.2021<\/a><\/p>\n<p>22.04.2021 &#8211; <a href=\"https:\/\/www.bjcalarasi.ro\/?p=4752\">Rezultatul etapei a II a al concursului organizat pentru ocuparea func\u021biei de manager la Biblioteca Jude\u021beana \u201dAlexandru Odobescu\u201d C\u0103l\u0103ra\u0219i \u2013 publicat \u00een data de 05.03.2021<\/a><\/p>\n<p>15.04.2021 &#8211; <a href=\"https:\/\/www.bjcalarasi.ro\/?p=4743\">Rezultatul etapei I al concursului organizat pentru ocuparea func\u021biei de Manager la Biblioteca Jude\u021bean\u0103 \u201cAlexandru Odobescu\u201d C\u0103l\u0103ra\u0219i \u2013 publicat \u00een data de 05.03.2021<\/a><\/p>\n<p>06.04.2021 &#8211; <a href=\"https:\/\/www.bjcalarasi.ro\/?p=4733\">Rezultat selec\u021bie la concurs de proiecte de management organizat pentru Biblioteca Jude\u021bean\u0103 &#8222;Alexandru Odobescu&#8221; C\u0103l\u0103ra\u0219i &#8211; publicat in data de 05.03.2021<\/a><\/p>\n<p>29.03.2021 &#8211; <a href=\"https:\/\/www.bjcalarasi.ro\/?p=4718\">Rezultatul final al concursului pentru postul de Director adjunct economic II (S) &#8211; publicat in data de 01.03.2021<\/a><\/p>\n<p>25.03.2021 &#8211; <a href=\"https:\/\/www.bjcalarasi.ro\/?p=4712\">Rezultatul interviului pentru postul de Director adjunct economic II (S) &#8211; publicat in data de 01.03.2021<\/a><\/p>\n<p>22.03.2021 &#8211; <a href=\"https:\/\/www.bjcalarasi.ro\/?p=4705\">Rezultatul probei scrise pentru postul de Director adjunct economic II (S) &#8211; publicat in data de 01.03.2021<\/a><\/p>\n<p>22.03.2021 &#8211; <a href=\"https:\/\/www.bjcalarasi.ro\/?p=4701\">Rezultatul probei scrise pentru postul de Bibliotecar IA (S) &#8211; publicat in data de 01.03.2021<\/a><\/p>\n<p>16.03.2021 &#8211; <a href=\"https:\/\/www.bjcalarasi.ro\/?p=4603\">Rezultatul selec\u021biei dosarelor pentru postul de Director adjunct economic II (S) &#8211; publicat in data de 01.03.2021<\/a><\/p>\n<p>16.03.2021 &#8211; <a href=\"https:\/\/www.bjcalarasi.ro\/?p=4601\">Rezultatul selec\u021biei dosarelor pentru postul de Bibliotecar IA (S) &#8211; publicat in data de 01.03.2021<\/a><\/p>\n<p>22.02.2021 &#8211; <a href=\"https:\/\/www.bjcalarasi.ro\/?p=4511\">Rezultatul final al concursului pentru ocuparea postului de consilier juridic debutant (S) &#8211; publicat in data de 26.01.2021<\/a><\/p>\n<p>18.02.2021 &#8211; <a href=\"https:\/\/www.bjcalarasi.ro\/?p=4465\">Rezultatul interviului pentru postul de consilier juridic debutant (S) &#8211; publicat in data de 26.01.2021<\/a><\/p>\n<p>15.02.2021 &#8211; <a href=\"https:\/\/www.bjcalarasi.ro\/?p=4452\">Rezultatul probei scrise pentru postul de consilier juridic debutant (S) &#8211; publicat in data de in data 26.01.2021<\/a><\/p>\n<p>10.02.2021 &#8211; <a href=\"https:\/\/www.bjcalarasi.ro\/?p=4397\">Rezultatul selec\u021biei dosarelor pentru postul de Consilier juridic debutant (S) &#8211; publicat in data de 26.01.2021<\/a><\/p>\n<p>10.02.2021 &#8211; <a href=\"https:\/\/www.bjcalarasi.ro\/?p=4394\">Rezultatul selec\u021biei dosarelor pentru postul de Bibliotecar IA (S) &#8211; publicat in data de 26.01.2021<\/a>[\/vc_column_text][\/vc_column][\/vc_row]<\/p>\n","protected":false},"excerpt":{"rendered":"<p>[vc_row][vc_column][vc_column_text css_animation=&#8221;right-to-left&#8221;] Concursuri 06.02.2026 &#8211; Concurs de proiecte de management organizat pentru Biblioteca Jude\u021bean\u0103 C\u0103l\u0103ra\u0219i 22.09.2025 &#8211; Concurs de proiecte de management organizat pentru Biblioteca Jude\u021bean\u0103 C\u0103l\u0103ra\u0219i 24.06.2025 &#8211; Anun\u021b privind organizarea examenului de promovare \u00eentr-o func\u021bie contractual\u0103 de execu\u021bie din cadrul \u2013 Compartimentului Resurse Umane si din cadrul Compartimentului Financiar Contabil 15.05.2025 &#8211; Concurs [&hellip;]<\/p>\n","protected":false},"author":1,"featured_media":0,"parent":0,"menu_order":0,"comment_status":"closed","ping_status":"closed","template":"","meta":{"ngg_post_thumbnail":0,"footnotes":""},"class_list":["post-4638","page","type-page","status-publish","hentry"],"_links":{"self":[{"href":"https:\/\/www.bjcalarasi.ro\/index.php?rest_route=\/wp\/v2\/pages\/4638","targetHints":{"allow":["GET"]}}],"collection":[{"href":"https:\/\/www.bjcalarasi.ro\/index.php?rest_route=\/wp\/v2\/pages"}],"about":[{"href":"https:\/\/www.bjcalarasi.ro\/index.php?rest_route=\/wp\/v2\/types\/page"}],"author":[{"embeddable":true,"href":"https:\/\/www.bjcalarasi.ro\/index.php?rest_route=\/wp\/v2\/users\/1"}],"replies":[{"embeddable":true,"href":"https:\/\/www.bjcalarasi.ro\/index.php?rest_route=%2Fwp%2Fv2%2Fcomments&post=4638"}],"version-history":[{"count":70,"href":"https:\/\/www.bjcalarasi.ro\/index.php?rest_route=\/wp\/v2\/pages\/4638\/revisions"}],"predecessor-version":[{"id":7919,"href":"https:\/\/www.bjcalarasi.ro\/index.php?rest_route=\/wp\/v2\/pages\/4638\/revisions\/7919"}],"wp:attachment":[{"href":"https:\/\/www.bjcalarasi.ro\/index.php?rest_route=%2Fwp%2Fv2%2Fmedia&parent=4638"}],"curies":[{"name":"wp","href":"https:\/\/api.w.org\/{rel}","templated":true}]}}