{"id":5490,"date":"2022-02-09T11:42:55","date_gmt":"2022-02-09T09:42:55","guid":{"rendered":"https:\/\/www.bjcalarasi.ro\/?page_id=5490"},"modified":"2022-06-16T20:18:57","modified_gmt":"2022-06-16T17:18:57","slug":"smartlab-foto","status":"publish","type":"page","link":"https:\/\/www.bjcalarasi.ro\/?page_id=5490","title":{"rendered":"SmartLab Foto"},"content":{"rendered":"\n<div class=\"wp-block-group\"><div class=\"wp-block-group__inner-container is-layout-flow wp-block-group-is-layout-flow\">\n<div class=\"wp-block-cover\"><span aria-hidden=\"true\" class=\"wp-block-cover__background has-background-dim wp-block-cover__gradient-background has-background-gradient\" style=\"background:linear-gradient(135deg,rgb(255,203,112) 0%,rgb(199,81,192) 29%,rgb(65,88,208) 100%)\"><\/span><img loading=\"lazy\" decoding=\"async\" width=\"2560\" height=\"1707\" class=\"wp-block-cover__image-background wp-image-5217\" alt=\"\" src=\"https:\/\/www.bjcalarasi.ro\/wp-content\/uploads\/2022\/01\/IMG_0457-scaled.jpg\" data-object-fit=\"cover\" srcset=\"https:\/\/www.bjcalarasi.ro\/wp-content\/uploads\/2022\/01\/IMG_0457-scaled.jpg 2560w, https:\/\/www.bjcalarasi.ro\/wp-content\/uploads\/2022\/01\/IMG_0457-300x200.jpg 300w, https:\/\/www.bjcalarasi.ro\/wp-content\/uploads\/2022\/01\/IMG_0457-1024x683.jpg 1024w, https:\/\/www.bjcalarasi.ro\/wp-content\/uploads\/2022\/01\/IMG_0457-768x512.jpg 768w, https:\/\/www.bjcalarasi.ro\/wp-content\/uploads\/2022\/01\/IMG_0457-1536x1024.jpg 1536w, https:\/\/www.bjcalarasi.ro\/wp-content\/uploads\/2022\/01\/IMG_0457-2048x1365.jpg 2048w\" sizes=\"auto, (max-width: 2560px) 100vw, 2560px\" \/><div class=\"wp-block-cover__inner-container is-layout-flow wp-block-cover-is-layout-flow\">\n<p class=\"has-text-align-center has-large-font-size\">SmartLab<\/p>\n<\/div><\/div>\n\n\n\nngg_shortcode_0_placeholder\n\n\n\nngg_shortcode_1_placeholder\n\n\n\nngg_shortcode_2_placeholder\n\n\n\nngg_shortcode_3_placeholder\n\n\n\nngg_shortcode_4_placeholder\n\n\n\nngg_shortcode_5_placeholder\n\n\n\nngg_shortcode_6_placeholder\n\n\n\nngg_shortcode_7_placeholder\n\n\n\nngg_shortcode_8_placeholder\n\n\n\nngg_shortcode_9_placeholder\n<\/div><\/div>\n","protected":false},"excerpt":{"rendered":"SmartLab 1 Iunie 2022 Parc I.O.R - Parteneriat INACO - SmartLab BJCL 50&nbsp;Photos Concurs RoboTEN 26&nbsp;Photos Festivitatea de premiere promotia II - Smartlab Aprilie 2022 23&nbsp;Photos Vizit\u0103 \u00een SmartLab : Proiectul Erasmus 51&nbsp;Photos Cursuri de ini\u021biere \u00een Grafic\u0103 \u0219i Robotic\u0103 Promo\u021bia II 16&nbsp;Photos Vizit\u0103 \u00een SmartLab : \u0218coala Gimnazial\u0103 Nr.1 Dichiseni 19&nbsp;Photos Vizit\u0103 \u00een SmartLab [...]","protected":false},"author":1,"featured_media":0,"parent":0,"menu_order":0,"comment_status":"closed","ping_status":"closed","template":"","meta":{"ngg_post_thumbnail":0,"footnotes":""},"class_list":["post-5490","page","type-page","status-publish","hentry"],"_links":{"self":[{"href":"https:\/\/www.bjcalarasi.ro\/index.php?rest_route=\/wp\/v2\/pages\/5490","targetHints":{"allow":["GET"]}}],"collection":[{"href":"https:\/\/www.bjcalarasi.ro\/index.php?rest_route=\/wp\/v2\/pages"}],"about":[{"href":"https:\/\/www.bjcalarasi.ro\/index.php?rest_route=\/wp\/v2\/types\/page"}],"author":[{"embeddable":true,"href":"https:\/\/www.bjcalarasi.ro\/index.php?rest_route=\/wp\/v2\/users\/1"}],"replies":[{"embeddable":true,"href":"https:\/\/www.bjcalarasi.ro\/index.php?rest_route=%2Fwp%2Fv2%2Fcomments&post=5490"}],"version-history":[{"count":29,"href":"https:\/\/www.bjcalarasi.ro\/index.php?rest_route=\/wp\/v2\/pages\/5490\/revisions"}],"predecessor-version":[{"id":6594,"href":"https:\/\/www.bjcalarasi.ro\/index.php?rest_route=\/wp\/v2\/pages\/5490\/revisions\/6594"}],"wp:attachment":[{"href":"https:\/\/www.bjcalarasi.ro\/index.php?rest_route=%2Fwp%2Fv2%2Fmedia&parent=5490"}],"curies":[{"name":"wp","href":"https:\/\/api.w.org\/{rel}","templated":true}]}}