{"id":7431,"date":"2025-02-13T12:48:23","date_gmt":"2025-02-13T10:48:23","guid":{"rendered":"https:\/\/www.bjcalarasi.ro\/?page_id=7431"},"modified":"2025-02-26T20:57:41","modified_gmt":"2025-02-26T18:57:41","slug":"avertizor-de-interes-public","status":"publish","type":"page","link":"https:\/\/www.bjcalarasi.ro\/?page_id=7431","title":{"rendered":"Avertizor de interes public"},"content":{"rendered":"<p>[vc_row][vc_column][vc_column_text]<strong>&nbsp;<\/strong><strong>MODALIT\u0102\u021aI DE RAPORTARE&nbsp; <\/strong>privind nerespectarea dispozi\u021biilor legale ale actelor normative \u00een sensul Legii nr. 361\/2022 privind protec\u021bia avertizorilor \u00een interes public<\/p>\n<p>Modalit\u0103\u021bile de raportare privind nerespectarea dispozi\u021biilor legale ale actelor normative \u00een sensul Legii nr. 361\/2022 privind protec\u021bia avertizorilor \u00een interes public sunt:<\/p>\n<ol>\n<li><strong> raportarea interna<\/strong><\/li>\n<li><strong> raportarea extern\u0103<\/strong><\/li>\n<\/ol>\n<p><strong>&nbsp;<\/strong><\/p>\n<p><strong>Formularul de raportare<\/strong> privind nerespectarea dispozi\u021biilor legale ale actelor normative \u00een sensul Legii nr. 361\/2022 privind protec\u021bia avertizorilor \u00een interes public poate fi desc\u0103rcat de pe <strong>site-ul institu\u021biei<\/strong> \u2013 https:\/\/www.bjcalarasi.ro<\/p>\n<p>&nbsp;<\/p>\n<p><strong>Persoana desemnat\u0103<\/strong> cu atribu\u021bii \u00een ceea ce prive\u0219te primirea, \u00eenregistrarea, examinarea, efectuarea de ac\u021biuni subsecvente \u0219i solu\u021bionarea raport\u0103rilor privind \u00eenc\u0103lc\u0103ri ale legii \u00een sensul Legii nr. 361\/2022 privind protec\u021bia avertizorilor \u00een interes public este domnul <strong>Sandu Marin<\/strong> \u2013 consilier juridic<\/p>\n<p>&nbsp;<\/p>\n<p><strong>Canale de raportare interna:<\/strong><\/p>\n<ol>\n<li>a) pe email la avertizor@bjcalarasi.ro;<\/li>\n<li>b) prin po\u0219t\u0103 la adresa: str. 1 Decembrie 1918 nr. 1 C\u0103l\u0103ra\u0219i;<\/li>\n<\/ol>\n<p>In cazul b) plicul trimis prin po\u0219t\u0103 va con\u021bine un alt plic sigilat av\u00e2nd \u00eenscris\u0103 men\u021biunea \u201dAvertizare \u00een interes public\u201d \u0219i \u00een care se va g\u0103si formularul de raportare.<\/p>\n<p>&nbsp;<\/p>\n<p><strong>Canale de raportare externa:<\/strong><\/p>\n<ol>\n<li>a) autorit\u0103\u021bile \u0219i institu\u021biile publice care, potrivit dispozi\u021biilor legale speciale, primesc \u0219i solu\u021bioneaz\u0103 raport\u0103ri referitoare la \u00eenc\u0103lc\u0103ri ale legii, \u00een domeniul lor de competen\u021b\u0103;<\/li>\n<li>b) Agen\u021bia Na\u021bional\u0103 de Integritate;<\/li>\n<li>c) alte autorit\u0103\u021bi \u0219i institu\u021bii publice c\u0103rora Na\u021bional\u0103 de Integritate le transmite raport\u0103rile spre competent\u0103 solu\u021bionare.<\/li>\n<\/ol>\n<p>&nbsp;<\/p>\n<p><span style=\"color: #0000ff;\"><a style=\"color: #0000ff;\" href=\"https:\/\/www.bjcalarasi.ro\/wp-content\/uploads\/2025\/02\/Avertizor-Formular-Raportare.docx\">Avertizor &#8211; Modalitati Raportare &#8211; Descarca formular<\/a><\/span>[\/vc_column_text][\/vc_column][\/vc_row]<\/p>\n","protected":false},"excerpt":{"rendered":"<p>[vc_row][vc_column][vc_column_text]&nbsp;MODALIT\u0102\u021aI DE RAPORTARE&nbsp; privind nerespectarea dispozi\u021biilor legale ale actelor normative \u00een sensul Legii nr. 361\/2022 privind protec\u021bia avertizorilor \u00een interes public Modalit\u0103\u021bile de raportare privind nerespectarea dispozi\u021biilor legale ale actelor normative \u00een sensul Legii nr. 361\/2022 privind protec\u021bia avertizorilor \u00een interes public sunt: raportarea interna raportarea extern\u0103 &nbsp; Formularul de raportare privind nerespectarea dispozi\u021biilor legale [&hellip;]<\/p>\n","protected":false},"author":1,"featured_media":0,"parent":0,"menu_order":0,"comment_status":"closed","ping_status":"closed","template":"","meta":{"ngg_post_thumbnail":0,"footnotes":""},"class_list":["post-7431","page","type-page","status-publish","hentry"],"_links":{"self":[{"href":"https:\/\/www.bjcalarasi.ro\/index.php?rest_route=\/wp\/v2\/pages\/7431","targetHints":{"allow":["GET"]}}],"collection":[{"href":"https:\/\/www.bjcalarasi.ro\/index.php?rest_route=\/wp\/v2\/pages"}],"about":[{"href":"https:\/\/www.bjcalarasi.ro\/index.php?rest_route=\/wp\/v2\/types\/page"}],"author":[{"embeddable":true,"href":"https:\/\/www.bjcalarasi.ro\/index.php?rest_route=\/wp\/v2\/users\/1"}],"replies":[{"embeddable":true,"href":"https:\/\/www.bjcalarasi.ro\/index.php?rest_route=%2Fwp%2Fv2%2Fcomments&post=7431"}],"version-history":[{"count":5,"href":"https:\/\/www.bjcalarasi.ro\/index.php?rest_route=\/wp\/v2\/pages\/7431\/revisions"}],"predecessor-version":[{"id":7452,"href":"https:\/\/www.bjcalarasi.ro\/index.php?rest_route=\/wp\/v2\/pages\/7431\/revisions\/7452"}],"wp:attachment":[{"href":"https:\/\/www.bjcalarasi.ro\/index.php?rest_route=%2Fwp%2Fv2%2Fmedia&parent=7431"}],"curies":[{"name":"wp","href":"https:\/\/api.w.org\/{rel}","templated":true}]}}