{"id":7692,"date":"2025-07-09T10:52:32","date_gmt":"2025-07-09T07:52:32","guid":{"rendered":"https:\/\/www.bjcalarasi.ro\/?page_id=7692"},"modified":"2025-07-09T12:37:02","modified_gmt":"2025-07-09T09:37:02","slug":"legislatia-bibliotecii-judetene-calarasi","status":"publish","type":"page","link":"https:\/\/www.bjcalarasi.ro\/?page_id=7692","title":{"rendered":"Legisla\u021bia Bibliotecii Jude\u021bene C\u0103l\u0103ra\u0219i"},"content":{"rendered":"[vc_row][vc_column][vc_column_text]<p><\/p>\n<p><em><strong>Regulamente<\/strong><\/em><\/p>\n<p>&nbsp;<\/p>\n<ul class=\"wp-block-list\">\n<li style=\"list-style-type: none;\">\n<ul class=\"wp-block-list\">\n<li><a href=\"https:\/\/www.bjcalarasi.ro\/wp-content\/uploads\/2022\/06\/Regulament-donatie-carte-2022.pdf\">Regulament privind regimul dona\u021biilor de unit\u0103\u021bi de bibliotec\u0103<\/a><\/li>\n<li><a href=\"https:\/\/www.bjcalarasi.ro\/wp-content\/uploads\/2025\/07\/Regulament-de-ordine-interioaraa.pdf\">Regulament de ordine interioar\u0103<\/a><\/li>\n<li><a href=\"https:\/\/www.bjcalarasi.ro\/wp-content\/uploads\/2021\/03\/Regulament-privind-imprumutul-interbibliotecar.pdf\">Regulament pentru \u00eemprumutul interbibliotecar<\/a><\/li>\n<li><a href=\"https:\/\/www.bjcalarasi.ro\/wp-content\/uploads\/2021\/03\/Regulament-prelucrare-date-personale.pdf\">Regulament privind prelucrarea informa\u021biilor ce con\u021bin date cu caracter personal<\/a><\/li>\n<\/ul>\n<\/li>\n<\/ul>\n<p><\/p>\n<p><\/p>\n<ul class=\"wp-block-list\">\n<li style=\"list-style-type: none;\">&nbsp;<\/li>\n<\/ul>\n<p><\/p>\n<p><\/p>\n<ul class=\"wp-block-list\">\n<li style=\"list-style-type: none;\">&nbsp;<\/li>\n<\/ul>\n<p><\/p>\n<p><!-- \/wp:post-content --><\/p>\n<p><!-- wp:paragraph --><\/p>\n<p><em><strong>Legi<\/strong><\/em><\/p>\n<p><!-- \/wp:paragraph --><\/p>\n<p><!-- wp:list --><\/p>\n<ul class=\"wp-block-list\">\n<li style=\"list-style-type: none;\">\n<ul class=\"wp-block-list\"><!-- wp:list-item -->\n<li><a href=\"https:\/\/www.bjcalarasi.ro\/wp-content\/uploads\/2021\/03\/Legea-bibliotecilor-334-din-2002.pdf\">Legea nr. 334 din 31 mai 2002 \u2013 Legea bibliotecilor<\/a><\/li>\n<\/ul>\n<\/li>\n<\/ul>\n<p><!-- \/wp:list-item --><\/p>\n<p><!-- wp:list-item --><\/p>\n<ul class=\"wp-block-list\">\n<li style=\"list-style-type: none;\">\n<ul class=\"wp-block-list\">\n<li><a href=\"https:\/\/www.bjcalarasi.ro\/wp-content\/uploads\/2021\/03\/Legea-Depozitului-Legal-nr.111-din-1995.pdf\">Legea nr. 111 din 21 noiembrie 1995 \u2013 privind Depozitul legal de documente<\/a><\/li>\n<\/ul>\n<\/li>\n<\/ul>\n<p><!-- \/wp:list-item --><\/p>\n<p><!-- wp:list-item --><\/p>\n<ul class=\"wp-block-list\">\n<li style=\"list-style-type: none;\">\n<ul class=\"wp-block-list\">\n<li><a href=\"https:\/\/www.bjcalarasi.ro\/wp-content\/uploads\/2021\/03\/Legea-52-din-2003.pdf\">Legea nr. 52 din 21 ianuarie 2003 \u2013 privind transparen\u0163a decizional\u0103 \u00een administra\u0163ia public\u0103<\/a><\/li>\n<\/ul>\n<\/li>\n<\/ul>\n<p><!-- \/wp:list-item --><\/p>\n<p><!-- wp:list-item --><\/p>\n<ul class=\"wp-block-list\">\n<li style=\"list-style-type: none;\">\n<ul class=\"wp-block-list\">\n<li><a href=\"https:\/\/www.bjcalarasi.ro\/wp-content\/uploads\/2021\/03\/Legea-544-din-2001.pdf\">Legea nr. 544 din 12 octombrie 2001 \u2013 privind liberul acces la informa\u0163iile de interes public<\/a><\/li>\n<\/ul>\n<\/li>\n<\/ul>\n<p><!-- \/wp:list-item --><\/p>\n<p><!-- \/wp:list --><\/p>\n<p><!-- wp:paragraph --><\/p>\n<p><em><strong>Ordine<\/strong><\/em><\/p>\n<p><!-- \/wp:paragraph --><\/p>\n<p><!-- wp:list --><\/p>\n<ul class=\"wp-block-list\">\n<li style=\"list-style-type: none;\">\n<ul class=\"wp-block-list\"><!-- wp:list-item -->\n<li><a href=\"https:\/\/www.bjcalarasi.ro\/wp-content\/uploads\/2021\/03\/Ordin-Nr.-2338-5286-DIN-26-IULIE-2004.pdf\">Ordin nr. 2338\/5286 din 26 iulie 2004 \u2013 privind aprobarea Regulamentului pentru \u00eemprumutul interbibliotecar<\/a><\/li>\n<\/ul>\n<\/li>\n<\/ul>\n<p><!-- \/wp:list-item --><\/p>\n<p><!-- wp:list-item --><\/p>\n<ul class=\"wp-block-list\">\n<li style=\"list-style-type: none;\">\n<ul class=\"wp-block-list\">\n<li><a href=\"https:\/\/www.bjcalarasi.ro\/wp-content\/uploads\/2021\/03\/Ordin-Nr.-2249-4775-din-9-iunie-2009.pdf\">Ordin nr. 2249\/4775 din 9 iunie 2009 \u2013 pentru aprobarea formularelor tipizate generale de bibliotec\u0103<\/a><\/li>\n<\/ul>\n<\/li>\n<\/ul>\n<p><!-- \/wp:list-item --><\/p>\n<p><!-- \/wp:list --><\/p>\n<p><!-- wp:paragraph --><\/p>\n<p><strong><em>Procese verbale<\/em><\/strong><\/p>\n<p><!-- \/wp:paragraph --><\/p>\n<p><!-- wp:list --><\/p>\n<ul class=\"wp-block-list\">\n<li style=\"list-style-type: none;\">\n<ul class=\"wp-block-list\"><!-- wp:list-item -->\n<li><a href=\"https:\/\/www.bjcalarasi.ro\/wp-content\/uploads\/2023\/08\/Proces-Verbal-Cadouri-2022.pdf\">Proces verbal privind unele m\u0103suri referitoare la Bunurile primite cu titlu gratuit<\/a><\/li>\n<\/ul>\n<\/li>\n<\/ul>\n<p><!-- \/wp:list-item --><\/p>\n<p><!-- \/wp:list --><\/p>[\/vc_column_text][\/vc_column][\/vc_row]","protected":false},"excerpt":{"rendered":"<p>[vc_row][vc_column][vc_column_text] Regulamente &nbsp; Regulament privind regimul dona\u021biilor de unit\u0103\u021bi de bibliotec\u0103 Regulament de ordine interioar\u0103 Regulament pentru \u00eemprumutul interbibliotecar Regulament privind prelucrarea informa\u021biilor ce con\u021bin date cu caracter personal Legi Legea nr. 334 din 31 mai 2002 \u2013 Legea bibliotecilor Legea nr. 111 din 21 noiembrie 1995 \u2013 privind Depozitul legal de documente Legea nr. [&hellip;]<\/p>\n","protected":false},"author":1,"featured_media":0,"parent":0,"menu_order":0,"comment_status":"closed","ping_status":"closed","template":"","meta":{"ngg_post_thumbnail":0,"footnotes":""},"class_list":["post-7692","page","type-page","status-publish","hentry"],"_links":{"self":[{"href":"https:\/\/www.bjcalarasi.ro\/index.php?rest_route=\/wp\/v2\/pages\/7692","targetHints":{"allow":["GET"]}}],"collection":[{"href":"https:\/\/www.bjcalarasi.ro\/index.php?rest_route=\/wp\/v2\/pages"}],"about":[{"href":"https:\/\/www.bjcalarasi.ro\/index.php?rest_route=\/wp\/v2\/types\/page"}],"author":[{"embeddable":true,"href":"https:\/\/www.bjcalarasi.ro\/index.php?rest_route=\/wp\/v2\/users\/1"}],"replies":[{"embeddable":true,"href":"https:\/\/www.bjcalarasi.ro\/index.php?rest_route=%2Fwp%2Fv2%2Fcomments&post=7692"}],"version-history":[{"count":7,"href":"https:\/\/www.bjcalarasi.ro\/index.php?rest_route=\/wp\/v2\/pages\/7692\/revisions"}],"predecessor-version":[{"id":7726,"href":"https:\/\/www.bjcalarasi.ro\/index.php?rest_route=\/wp\/v2\/pages\/7692\/revisions\/7726"}],"wp:attachment":[{"href":"https:\/\/www.bjcalarasi.ro\/index.php?rest_route=%2Fwp%2Fv2%2Fmedia&parent=7692"}],"curies":[{"name":"wp","href":"https:\/\/api.w.org\/{rel}","templated":true}]}}