{"id":7744,"date":"2025-07-09T13:28:05","date_gmt":"2025-07-09T10:28:05","guid":{"rendered":"https:\/\/www.bjcalarasi.ro\/?page_id=7744"},"modified":"2025-07-09T13:37:16","modified_gmt":"2025-07-09T10:37:16","slug":"modalitatea-de-contestare-a-deciziei-si-formularele-aferente-pentru-reclamatie-administrativa-refuz-si-netrimitere-in-termen-legal","status":"publish","type":"page","link":"https:\/\/www.bjcalarasi.ro\/?page_id=7744","title":{"rendered":"Modalitatea de contestare a deciziei \u0219i formularele aferente pentru reclama\u021bie administrativ\u0103"},"content":{"rendered":"\n<div data-wp-interactive=\"core\/file\" class=\"wp-block-file\"><object data-wp-bind--hidden=\"!state.hasPdfPreview\" hidden class=\"wp-block-file__embed\" data=\"https:\/\/www.bjcalarasi.ro\/wp-content\/uploads\/2025\/07\/Reclamatie-Administrativa-raspuns-negativ.pdf\" type=\"application\/pdf\" style=\"width:100%;height:600px\" aria-label=\"\u00cenglobare pentru Reclamatie Administrativ\u0103 - r\u0103spuns negativ.\"><\/object><a id=\"wp-block-file--media-566d44b8-af12-493e-bfbd-e9d41ca63fcc\" href=\"https:\/\/www.bjcalarasi.ro\/wp-content\/uploads\/2025\/07\/Reclamatie-Administrativa-raspuns-negativ.pdf\">Reclamatie Administrativ\u0103 &#8211; r\u0103spuns negativ<\/a><a href=\"https:\/\/www.bjcalarasi.ro\/wp-content\/uploads\/2025\/07\/Reclamatie-Administrativa-raspuns-negativ.pdf\" class=\"wp-block-file__button wp-element-button\" download aria-describedby=\"wp-block-file--media-566d44b8-af12-493e-bfbd-e9d41ca63fcc\">Descarc\u0103<\/a><\/div>\n\n\n\n<div data-wp-interactive=\"core\/file\" class=\"wp-block-file\"><object data-wp-bind--hidden=\"!state.hasPdfPreview\" hidden class=\"wp-block-file__embed\" data=\"https:\/\/www.bjcalarasi.ro\/wp-content\/uploads\/2025\/07\/Reclamatie-Administrativa-neprimire-in-termen-legal.pdf\" type=\"application\/pdf\" style=\"width:100%;height:600px\" aria-label=\"\u00cenglobare pentru Reclamatie Administrativa - neprimire \u00een termen legal.\"><\/object><a id=\"wp-block-file--media-80c04ecf-4d9f-4bb5-bf4d-4220b8a6b6b5\" href=\"https:\/\/www.bjcalarasi.ro\/wp-content\/uploads\/2025\/07\/Reclamatie-Administrativa-neprimire-in-termen-legal.pdf\">Reclamatie Administrativa &#8211; neprimire \u00een termen legal<\/a><a href=\"https:\/\/www.bjcalarasi.ro\/wp-content\/uploads\/2025\/07\/Reclamatie-Administrativa-neprimire-in-termen-legal.pdf\" class=\"wp-block-file__button wp-element-button\" download aria-describedby=\"wp-block-file--media-80c04ecf-4d9f-4bb5-bf4d-4220b8a6b6b5\">Descarc\u0103<\/a><\/div>\n","protected":false},"excerpt":{"rendered":"Reclamatie Administrativ\u0103 - r\u0103spuns negativDescarc\u0103 Reclamatie Administrativa - neprimire \u00een termen legalDescarc\u0103","protected":false},"author":1,"featured_media":0,"parent":0,"menu_order":0,"comment_status":"closed","ping_status":"closed","template":"","meta":{"ngg_post_thumbnail":0,"footnotes":""},"class_list":["post-7744","page","type-page","status-publish","hentry"],"_links":{"self":[{"href":"https:\/\/www.bjcalarasi.ro\/index.php?rest_route=\/wp\/v2\/pages\/7744","targetHints":{"allow":["GET"]}}],"collection":[{"href":"https:\/\/www.bjcalarasi.ro\/index.php?rest_route=\/wp\/v2\/pages"}],"about":[{"href":"https:\/\/www.bjcalarasi.ro\/index.php?rest_route=\/wp\/v2\/types\/page"}],"author":[{"embeddable":true,"href":"https:\/\/www.bjcalarasi.ro\/index.php?rest_route=\/wp\/v2\/users\/1"}],"replies":[{"embeddable":true,"href":"https:\/\/www.bjcalarasi.ro\/index.php?rest_route=%2Fwp%2Fv2%2Fcomments&post=7744"}],"version-history":[{"count":3,"href":"https:\/\/www.bjcalarasi.ro\/index.php?rest_route=\/wp\/v2\/pages\/7744\/revisions"}],"predecessor-version":[{"id":7756,"href":"https:\/\/www.bjcalarasi.ro\/index.php?rest_route=\/wp\/v2\/pages\/7744\/revisions\/7756"}],"wp:attachment":[{"href":"https:\/\/www.bjcalarasi.ro\/index.php?rest_route=%2Fwp%2Fv2%2Fmedia&parent=7744"}],"curies":[{"name":"wp","href":"https:\/\/api.w.org\/{rel}","templated":true}]}}