{"id":7802,"date":"2025-07-09T14:56:53","date_gmt":"2025-07-09T11:56:53","guid":{"rendered":"https:\/\/www.bjcalarasi.ro\/?page_id=7802"},"modified":"2025-07-09T15:04:26","modified_gmt":"2025-07-09T12:04:26","slug":"contractele-cu-valoare-de-peste-5000-de-euro","status":"publish","type":"page","link":"https:\/\/www.bjcalarasi.ro\/?page_id=7802","title":{"rendered":"Contractele cu valoare de peste 5000 de euro"},"content":{"rendered":"<p>[vc_row][vc_column][vc_column_text]<\/p>\n<p style=\"text-align: center;\">Contractele cu valoare de peste 5000 de euro<\/p>\n<p>&nbsp;<\/p>\n<p>Anul 2025<\/p>\n<p><a href=\"https:\/\/www.bjcalarasi.ro\/wp-content\/uploads\/2025\/07\/Contract-prestari-servicii-Nr.1-01.04.2025.pdf\" target=\"_blank\" rel=\"noopener\">Contract prest\u0103ri servicii Nr.1 &#8211; 01.04.2025<\/a><\/p>\n<p>&nbsp;<\/p>\n<p>Anul 2024<\/p>\n<p><a href=\"https:\/\/www.bjcalarasi.ro\/wp-content\/uploads\/2025\/07\/Contract-prestari-servicii-Nr.24-24.10.2024.pdf\" target=\"_blank\" rel=\"noopener\">Contract prest\u0103ri servicii Nr.24 &#8211; 24.10.2024<\/a><\/p>\n<p><a href=\"https:\/\/www.bjcalarasi.ro\/wp-content\/uploads\/2025\/07\/Contract-prestari-servicii-Nr.26-12.09.2024.pdf\" target=\"_blank\" rel=\"noopener\">Contract prest\u0103ri servicii Nr.26 &#8211; 12.09.2024<\/a><\/p>\n<p><a href=\"https:\/\/www.bjcalarasi.ro\/wp-content\/uploads\/2025\/07\/Contract-prestari-servicii-Nr.14-23.04.2024.pdf\" target=\"_blank\" rel=\"noopener\">Contract prest\u0103ri servicii Nr.14 &#8211; 23.04.2024<\/a><\/p>\n<p><a href=\"https:\/\/www.bjcalarasi.ro\/wp-content\/uploads\/2025\/07\/Contract-prestari-servicii-Nr.5-06.03.2024.pdf\" target=\"_blank\" rel=\"noopener\">Contract prest\u0103ri servicii Nr.5 &#8211; 06.03.2024<\/a><\/p>\n<p><a href=\"https:\/\/www.bjcalarasi.ro\/wp-content\/uploads\/2025\/07\/Contract-prestari-servicii-Nr.2-29.02.2024.pdf\" target=\"_blank\" rel=\"noopener\">Contract prest\u0103ri servicii Nr.2 &#8211; 29.02.2024<\/a><\/p>\n<p>&nbsp;<\/p>\n<p>&nbsp;[\/vc_column_text][\/vc_column][\/vc_row]<\/p>\n","protected":false},"excerpt":{"rendered":"<p>[vc_row][vc_column][vc_column_text] Contractele cu valoare de peste 5000 de euro &nbsp; Anul 2025 Contract prest\u0103ri servicii Nr.1 &#8211; 01.04.2025 &nbsp; Anul 2024 Contract prest\u0103ri servicii Nr.24 &#8211; 24.10.2024 Contract prest\u0103ri servicii Nr.26 &#8211; 12.09.2024 Contract prest\u0103ri servicii Nr.14 &#8211; 23.04.2024 Contract prest\u0103ri servicii Nr.5 &#8211; 06.03.2024 Contract prest\u0103ri servicii Nr.2 &#8211; 29.02.2024 &nbsp; &nbsp;[\/vc_column_text][\/vc_column][\/vc_row]<\/p>\n","protected":false},"author":1,"featured_media":0,"parent":0,"menu_order":0,"comment_status":"closed","ping_status":"closed","template":"","meta":{"ngg_post_thumbnail":0,"footnotes":""},"class_list":["post-7802","page","type-page","status-publish","hentry"],"_links":{"self":[{"href":"https:\/\/www.bjcalarasi.ro\/index.php?rest_route=\/wp\/v2\/pages\/7802","targetHints":{"allow":["GET"]}}],"collection":[{"href":"https:\/\/www.bjcalarasi.ro\/index.php?rest_route=\/wp\/v2\/pages"}],"about":[{"href":"https:\/\/www.bjcalarasi.ro\/index.php?rest_route=\/wp\/v2\/types\/page"}],"author":[{"embeddable":true,"href":"https:\/\/www.bjcalarasi.ro\/index.php?rest_route=\/wp\/v2\/users\/1"}],"replies":[{"embeddable":true,"href":"https:\/\/www.bjcalarasi.ro\/index.php?rest_route=%2Fwp%2Fv2%2Fcomments&post=7802"}],"version-history":[{"count":2,"href":"https:\/\/www.bjcalarasi.ro\/index.php?rest_route=\/wp\/v2\/pages\/7802\/revisions"}],"predecessor-version":[{"id":7805,"href":"https:\/\/www.bjcalarasi.ro\/index.php?rest_route=\/wp\/v2\/pages\/7802\/revisions\/7805"}],"wp:attachment":[{"href":"https:\/\/www.bjcalarasi.ro\/index.php?rest_route=%2Fwp%2Fv2%2Fmedia&parent=7802"}],"curies":[{"name":"wp","href":"https:\/\/api.w.org\/{rel}","templated":true}]}}